{"id":1525,"date":"2024-01-08T13:50:28","date_gmt":"2024-01-08T13:50:28","guid":{"rendered":"https:\/\/digit-up.eu\/?page_id=1525"},"modified":"2024-01-18T12:05:00","modified_gmt":"2024-01-18T12:05:00","slug":"lanatomia-della-trasformazione-digitale-dare-priorita-ai-dati-non-agli-algoritmi","status":"publish","type":"page","link":"https:\/\/digit-up.eu\/index.php\/it\/lanatomia-della-trasformazione-digitale-dare-priorita-ai-dati-non-agli-algoritmi\/","title":{"rendered":"L&#8217;anatomia della trasformazione digitale: dare priorit\u00e0 ai dati, non agli &#8216;Algoritmi&#8217;"},"content":{"rendered":"\t\t<div data-elementor-type=\"wp-page\" data-elementor-id=\"1525\" class=\"elementor elementor-1525\" data-elementor-settings=\"{&quot;ha_cmc_init_switcher&quot;:&quot;no&quot;}\">\n\t\t\t\t\t\t<section class=\"elementor-section elementor-top-section elementor-element elementor-element-e9f7c04 elementor-section-boxed elementor-section-height-default elementor-section-height-default\" data-id=\"e9f7c04\" data-element_type=\"section\" data-e-type=\"section\" data-settings=\"{&quot;background_background&quot;:&quot;classic&quot;,&quot;shape_divider_bottom&quot;:&quot;curve&quot;,&quot;shape_divider_bottom_negative&quot;:&quot;yes&quot;,&quot;_ha_eqh_enable&quot;:false}\">\n\t\t\t\t\t\t\t<div class=\"elementor-background-overlay\"><\/div>\n\t\t\t\t\t\t<div class=\"elementor-shape elementor-shape-bottom\" aria-hidden=\"true\" data-negative=\"true\">\n\t\t\t<svg xmlns=\"http:\/\/www.w3.org\/2000\/svg\" viewBox=\"0 0 1000 100\" preserveAspectRatio=\"none\">\n\t<path class=\"elementor-shape-fill\" d=\"M500,97C126.7,96.3,0.8,19.8,0,0v100l1000,0V1C1000,19.4,873.3,97.8,500,97z\"\/>\n<\/svg>\t\t<\/div>\n\t\t\t\t\t<div class=\"elementor-container elementor-column-gap-default\">\n\t\t\t\t\t<div class=\"elementor-column elementor-col-100 elementor-top-column elementor-element elementor-element-8e950e4\" data-id=\"8e950e4\" data-element_type=\"column\" data-e-type=\"column\">\n\t\t\t<div class=\"elementor-widget-wrap elementor-element-populated\">\n\t\t\t\t\t\t<div class=\"elementor-element elementor-element-e3e4c30 elementor-widget elementor-widget-spacer\" data-id=\"e3e4c30\" data-element_type=\"widget\" data-e-type=\"widget\" data-widget_type=\"spacer.default\">\n\t\t\t\t<div class=\"elementor-widget-container\">\n\t\t\t\t\t\t\t<div class=\"elementor-spacer\">\n\t\t\t<div class=\"elementor-spacer-inner\"><\/div>\n\t\t<\/div>\n\t\t\t\t\t\t<\/div>\n\t\t\t\t<\/div>\n\t\t\t\t<div class=\"elementor-element elementor-element-e764d91 elementor-widget elementor-widget-heading\" data-id=\"e764d91\" data-element_type=\"widget\" data-e-type=\"widget\" data-widget_type=\"heading.default\">\n\t\t\t\t<div class=\"elementor-widget-container\">\n\t\t\t\t\t<h2 class=\"elementor-heading-title elementor-size-default\">L'anatomia della trasformazione digitale: dare priorit\u00e0 ai dati, non agli 'Algoritmi'<\/h2>\t\t\t\t<\/div>\n\t\t\t\t<\/div>\n\t\t\t\t<div class=\"elementor-element elementor-element-1e14463 elementor-widget-divider--view-line elementor-widget elementor-widget-divider\" data-id=\"1e14463\" data-element_type=\"widget\" data-e-type=\"widget\" data-widget_type=\"divider.default\">\n\t\t\t\t<div class=\"elementor-widget-container\">\n\t\t\t\t\t\t\t<div class=\"elementor-divider\">\n\t\t\t<span class=\"elementor-divider-separator\">\n\t\t\t\t\t\t<\/span>\n\t\t<\/div>\n\t\t\t\t\t\t<\/div>\n\t\t\t\t<\/div>\n\t\t\t\t<div class=\"elementor-element elementor-element-ca5cb06 elementor-widget elementor-widget-spacer\" data-id=\"ca5cb06\" data-element_type=\"widget\" data-e-type=\"widget\" data-widget_type=\"spacer.default\">\n\t\t\t\t<div class=\"elementor-widget-container\">\n\t\t\t\t\t\t\t<div class=\"elementor-spacer\">\n\t\t\t<div class=\"elementor-spacer-inner\"><\/div>\n\t\t<\/div>\n\t\t\t\t\t\t<\/div>\n\t\t\t\t<\/div>\n\t\t\t\t\t<\/div>\n\t\t<\/div>\n\t\t\t\t\t<\/div>\n\t\t<\/section>\n\t\t\t\t<section class=\"elementor-section elementor-top-section elementor-element elementor-element-c7cc7e2 elementor-section-boxed elementor-section-height-default elementor-section-height-default\" data-id=\"c7cc7e2\" data-element_type=\"section\" data-e-type=\"section\" data-settings=\"{&quot;_ha_eqh_enable&quot;:false}\">\n\t\t\t\t\t\t<div class=\"elementor-container elementor-column-gap-default\">\n\t\t\t\t\t<div class=\"elementor-column elementor-col-100 elementor-top-column elementor-element elementor-element-61ca64a\" data-id=\"61ca64a\" data-element_type=\"column\" data-e-type=\"column\">\n\t\t\t<div class=\"elementor-widget-wrap elementor-element-populated\">\n\t\t\t\t\t\t<div class=\"elementor-element elementor-element-42868fc elementor-widget elementor-widget-spacer\" data-id=\"42868fc\" data-element_type=\"widget\" data-e-type=\"widget\" data-widget_type=\"spacer.default\">\n\t\t\t\t<div class=\"elementor-widget-container\">\n\t\t\t\t\t\t\t<div class=\"elementor-spacer\">\n\t\t\t<div class=\"elementor-spacer-inner\"><\/div>\n\t\t<\/div>\n\t\t\t\t\t\t<\/div>\n\t\t\t\t<\/div>\n\t\t\t\t<div class=\"elementor-element elementor-element-4220dec elementor-widget elementor-widget-text-editor\" data-id=\"4220dec\" data-element_type=\"widget\" data-e-type=\"widget\" data-widget_type=\"text-editor.default\">\n\t\t\t\t<div class=\"elementor-widget-container\">\n\t\t\t\t\t\t\t\t\t<p>Sia gli insegnanti VET che i manager delle PMI, i lavoratori autonomi e i proprietari di piccole imprese e<br \/>microimprese navigano in un ambiente online sempre pi\u00f9 complesso, dove i dati a cui accedere, gestire, analizzare e<br \/>diffondere sono pi\u00f9 numerosi che mai. La trasformazione digitale avr\u00e0 un impatto su tutte le aree aziendali e su un<br \/>numero crescente di attivit\u00e0 professionali e private.<br \/>La trasformazione digitale, tuttavia, \u00e8 un termine pi\u00f9 ampio che si riferisce all\u2019intero processo di utilizzo delle<br \/>tecnologie digitali per migliorare le prestazioni organizzative. Ci\u00f2 pu\u00f2 riguardare qualsiasi cosa, dallo snellimento dei<br \/>processi al miglioramento del servizio clienti, fino allo sviluppo di nuovi prodotti e servizi. Ma la digitalizzazione \u00e8 solo<br \/>una parte della trasformazione digitale. La digitalizzazione \u00e8 il processo di trasformazione dei dati in formato digitale<br \/>per renderli pi\u00f9 accessibili e utili all&#8217;azienda. Uno dei vantaggi principali della digitalizzazione \u00e8 che una volta che i dati<br \/>sono in formato digitale, possono essere facilmente trasferiti su altri dispositivi o computer, rendendoli pi\u00f9 accessibili,<br \/>pi\u00f9 facili da cercare, ordinare e analizzare per generare prodotti e servizi orientati a soddisfare meglio le esigenze dei<br \/>clienti, oltre a consentire previsioni accurate di guasti agli asset o della domanda dei clienti. Oggi l&#8217;intelligenza artificiale<br \/>aiuta le aziende a sfruttare e analizzare con maggiore facilit\u00e0 grandi quantit\u00e0 di dati. Ci\u00f2 che \u00e8 sorprendente sapere \u00e8<br \/>che la maggior parte degli algoritmi popolari in uso oggi sono liberamente disponibili perch\u00e9 sono i dati ad avere un<br \/>valore proprietario, non l&#8217;algoritmo utilizzato. Dunque, se i dati sono diventati una delle risorse pi\u00f9 preziose e sono in<br \/>grado di essere generati in continuazione, per i dirigenti delle PMI dell&#8217;UE, per i lavoratori autonomi e per i proprietari<br \/>di piccole imprese e microimprese sta diventando indispensabile rivedere la propria strategia di digitalizzazione.<br \/>Solo il 20% circa delle aziende intervistate nell&#8217;ambito delle attivit\u00e0 del progetto DigitUp implementa con successo la<br \/>digitalizzazione dei dati. In media, gli intervistati affermano che le loro organizzazioni utilizzano cinque delle 23<br \/>tecnologie digitali pi\u00f9 rilevanti delle quali abbiamo richiesto. Anche se sono consapevoli dei vantaggi di una presenza<br \/>online, compresi i canali dei social media, le campagne di marketing e la strategia di digitalizzazione, il 60% delle aziende<br \/>intervistate ha dichiarato di non sfruttare i benefici derivanti da una presenza attiva e da una campagna di marketing<br \/>sistematica. Hanno riferito che i limiti di budget e le competenze e i talenti esistenti non sono adatti a soddisfare i<br \/>requisiti della trasformazione digitale. Molte persone, inoltre, si sentono a disagio o in ansia e considerano la<br \/>digitalizzazione dei dati come una minaccia, temendo la riduzione delle opportunit\u00e0 e perdita di posti di lavoro. In<br \/>questo senso, la digitalizzazione dei dati pone molte sfide alle imprese e richiede un significativo investimento di tempo<br \/>e risorse.<br \/>Per questo motivo il progetto DigitUp ritiene che le politiche pubbliche giochino un ruolo cruciale nel favorire la<br \/>trasformazione digitale delle piccole e medie imprese (PMI), fornendo un sostegno finanziario diretto e incentivi fiscali.<br \/>Queste politiche sono diventate essenziali per colmare il divario digitale e aiutare le PMI ad adattarsi all&#8217;era digitale. Offrendo assistenza finanziaria e incentivi fiscali, i governi possono ridurre l&#8217;onere finanziario per le PMI, rendendo pi\u00f9<br \/>fattibile per loro investire in aggiornamenti tecnologici, formazione di competenze digitali e adozione di soluzioni digitali<br \/>innovative. Questo non solo aumenta la competitivit\u00e0 delle PMI, ma contribuisce anche alla crescita economica e alla<br \/>creazione di posti di lavoro.<br \/>In secondo luogo, sulla base delle informazioni e delle esperienze raccolte da sette Paesi europei che costituiscono il<br \/>background concettuale del progetto DigitUp e in particolare dal Consorzio di Ricerca Hypatia dall&#8217;Italia, dall&#8217;Agenzia<br \/>Europea di Sviluppo della Repubblica Ceca, da GEINNOVA dalla Spagna, da Prios dalla Norvegia, da Innovation Hive<br \/>dalla Grecia, da Synthesis da Cipro, da Balkan Bridge dalla Bulgaria, un ostacolo pi\u00f9 significativo alla digitalizzazione \u00e8<br \/>anche quello di convincere le PMI ad acquisire e implementare nuove competenze digitali, a utilizzare nuove<br \/>tecnologie e applicazioni digitali e a innovare i processi produttivi. Di seguito riportiamo alcuni passi iniziali che le<br \/>imprese possono compiere per intraprendere il loro viaggio nella digitalizzazione:<br \/>&#8211; Identificare, elencare e valutare le aree aziendali in cui la digitalizzazione pu\u00f2 essere utilizzata per migliorare<br \/>l&#8217;efficienza, ridurre i costi e migliorare l&#8217;esperienza dei clienti.<br \/>&#8211; Ricercare le varie tecnologie digitali disponibili sul mercato e valutare quali sono le pi\u00f9 adatte alle esigenze<br \/>aziendali.<br \/>&#8211; Pulire, organizzare e analizzare i dati.<br \/>&#8211; Convertire i dati in un formato di facile accesso e diffusione all&#8217;interno dell&#8217;organizzazione.<br \/>&#8211; Proteggere i dati e redigere istruzioni operative in caso di violazione dei dati o di protezione dei dati.<br \/>&#8211; Formare i dipendenti sull&#8217;utilizzo dei dati e delle varie tecnologie digitali adottate.<br \/>&#8211; Monitorare i dati per verificarne l&#8217;accuratezza e la coerenza.<br \/>&#8211; Aggiornare regolarmente i dati.<br \/>In conclusione, il progetto DigitUp si propone di colmare le lacune in termini di conoscenze e risorse, fornendo<br \/>strumenti, mezzi e opportunit\u00e0 di networking necessari alle PMI, agli insegnanti e ai proprietari di piccole imprese per<br \/>abbracciare la trasformazione digitale. Il progetto ha sviluppato una serie completa di risorse, tra corso di formazione<br \/>accessibile, serious games, strumenti di valutazione e attivit\u00e0 pilota, con l&#8217;obiettivo di facilitare una formazione di alta<br \/>qualit\u00e0 allineata alle esigenze di trasformazione digitale delle PMI.<\/p>\t\t\t\t\t\t\t\t<\/div>\n\t\t\t\t<\/div>\n\t\t\t\t<div class=\"elementor-element elementor-element-64327ac elementor-widget elementor-widget-spacer\" data-id=\"64327ac\" data-element_type=\"widget\" data-e-type=\"widget\" data-widget_type=\"spacer.default\">\n\t\t\t\t<div class=\"elementor-widget-container\">\n\t\t\t\t\t\t\t<div class=\"elementor-spacer\">\n\t\t\t<div class=\"elementor-spacer-inner\"><\/div>\n\t\t<\/div>\n\t\t\t\t\t\t<\/div>\n\t\t\t\t<\/div>\n\t\t\t\t\t<\/div>\n\t\t<\/div>\n\t\t\t\t\t<\/div>\n\t\t<\/section>\n\t\t\t\t<section class=\"elementor-section elementor-top-section elementor-element elementor-element-128a779 elementor-section-boxed elementor-section-height-default elementor-section-height-default\" data-id=\"128a779\" data-element_type=\"section\" data-e-type=\"section\" data-settings=\"{&quot;_ha_eqh_enable&quot;:false}\">\n\t\t\t\t\t\t<div class=\"elementor-container elementor-column-gap-default\">\n\t\t\t\t\t<div class=\"elementor-column elementor-col-33 elementor-top-column elementor-element elementor-element-8ca8a04\" data-id=\"8ca8a04\" data-element_type=\"column\" data-e-type=\"column\">\n\t\t\t<div class=\"elementor-widget-wrap elementor-element-populated\">\n\t\t\t\t\t\t<div class=\"elementor-element elementor-element-7c5ed5c elementor-widget elementor-widget-spacer\" data-id=\"7c5ed5c\" data-element_type=\"widget\" data-e-type=\"widget\" data-widget_type=\"spacer.default\">\n\t\t\t\t<div class=\"elementor-widget-container\">\n\t\t\t\t\t\t\t<div class=\"elementor-spacer\">\n\t\t\t<div class=\"elementor-spacer-inner\"><\/div>\n\t\t<\/div>\n\t\t\t\t\t\t<\/div>\n\t\t\t\t<\/div>\n\t\t\t\t<div class=\"elementor-element elementor-element-8af0d2f elementor-widget elementor-widget-image\" data-id=\"8af0d2f\" data-element_type=\"widget\" data-e-type=\"widget\" data-widget_type=\"image.default\">\n\t\t\t\t<div class=\"elementor-widget-container\">\n\t\t\t\t\t\t\t\t\t\t\t\t\t\t\t<img decoding=\"async\" width=\"300\" height=\"63\" src=\"https:\/\/digit-up.eu\/wp-content\/uploads\/2023\/01\/EN-Co-funded-by-the-EU_PANTONE-1-300x63.jpg\" class=\"attachment-medium size-medium wp-image-132\" alt=\"\" srcset=\"https:\/\/digit-up.eu\/wp-content\/uploads\/2023\/01\/EN-Co-funded-by-the-EU_PANTONE-1-300x63.jpg 300w, https:\/\/digit-up.eu\/wp-content\/uploads\/2023\/01\/EN-Co-funded-by-the-EU_PANTONE-1-1024x215.jpg 1024w, https:\/\/digit-up.eu\/wp-content\/uploads\/2023\/01\/EN-Co-funded-by-the-EU_PANTONE-1-768x161.jpg 768w, https:\/\/digit-up.eu\/wp-content\/uploads\/2023\/01\/EN-Co-funded-by-the-EU_PANTONE-1-1536x322.jpg 1536w, https:\/\/digit-up.eu\/wp-content\/uploads\/2023\/01\/EN-Co-funded-by-the-EU_PANTONE-1-2048x430.jpg 2048w, https:\/\/digit-up.eu\/wp-content\/uploads\/2023\/01\/EN-Co-funded-by-the-EU_PANTONE-1-720x151.jpg 720w\" sizes=\"(max-width: 300px) 100vw, 300px\" \/>\t\t\t\t\t\t\t\t\t\t\t\t\t\t\t<\/div>\n\t\t\t\t<\/div>\n\t\t\t\t<div class=\"elementor-element elementor-element-6ca5843 elementor-widget elementor-widget-text-editor\" data-id=\"6ca5843\" data-element_type=\"widget\" data-e-type=\"widget\" data-widget_type=\"text-editor.default\">\n\t\t\t\t<div class=\"elementor-widget-container\">\n\t\t\t\t\t\t\t\t\t<p>Finanziato dall&#8217;Unione europea. Le opinioni espresse appartengono, tuttavia, al solo o ai soli autori e non riflettono necessariamente le opinioni dell&#8217;Unione europea o dell\u2019Agenzia esecutiva europea per l\u2019istruzione e la cultura (EACEA). N\u00e9 l&#8217;Unione europea n\u00e9 l&#8217;EACEA possono esserne ritenute responsabili. 2022-1-CZ01-KA220-VET- 000086461<\/p>\t\t\t\t\t\t\t\t<\/div>\n\t\t\t\t<\/div>\n\t\t\t\t\t<\/div>\n\t\t<\/div>\n\t\t\t\t<div class=\"elementor-column elementor-col-33 elementor-top-column elementor-element elementor-element-48542b1\" data-id=\"48542b1\" data-element_type=\"column\" data-e-type=\"column\">\n\t\t\t<div class=\"elementor-widget-wrap\">\n\t\t\t\t\t\t\t<\/div>\n\t\t<\/div>\n\t\t\t\t<div class=\"elementor-column elementor-col-33 elementor-top-column elementor-element elementor-element-16f76c2\" data-id=\"16f76c2\" data-element_type=\"column\" data-e-type=\"column\">\n\t\t\t<div class=\"elementor-widget-wrap elementor-element-populated\">\n\t\t\t\t\t\t<div class=\"elementor-element elementor-element-e989c16 elementor-widget elementor-widget-spacer\" data-id=\"e989c16\" data-element_type=\"widget\" data-e-type=\"widget\" data-widget_type=\"spacer.default\">\n\t\t\t\t<div class=\"elementor-widget-container\">\n\t\t\t\t\t\t\t<div class=\"elementor-spacer\">\n\t\t\t<div class=\"elementor-spacer-inner\"><\/div>\n\t\t<\/div>\n\t\t\t\t\t\t<\/div>\n\t\t\t\t<\/div>\n\t\t\t\t<div class=\"elementor-element elementor-element-f60e901 elementor-widget elementor-widget-image\" data-id=\"f60e901\" data-element_type=\"widget\" data-e-type=\"widget\" data-widget_type=\"image.default\">\n\t\t\t\t<div class=\"elementor-widget-container\">\n\t\t\t\t\t\t\t\t\t\t\t\t\t\t\t<img decoding=\"async\" width=\"150\" height=\"150\" src=\"https:\/\/digit-up.eu\/wp-content\/uploads\/2023\/01\/LOGO-NO-BG-150x150.png\" class=\"attachment-thumbnail size-thumbnail wp-image-133\" alt=\"\" srcset=\"https:\/\/digit-up.eu\/wp-content\/uploads\/2023\/01\/LOGO-NO-BG-150x150.png 150w, https:\/\/digit-up.eu\/wp-content\/uploads\/2023\/01\/LOGO-NO-BG-300x300.png 300w, https:\/\/digit-up.eu\/wp-content\/uploads\/2023\/01\/LOGO-NO-BG-1024x1024.png 1024w, https:\/\/digit-up.eu\/wp-content\/uploads\/2023\/01\/LOGO-NO-BG-768x768.png 768w, https:\/\/digit-up.eu\/wp-content\/uploads\/2023\/01\/LOGO-NO-BG-720x720.png 720w, https:\/\/digit-up.eu\/wp-content\/uploads\/2023\/01\/LOGO-NO-BG-360x360.png 360w, https:\/\/digit-up.eu\/wp-content\/uploads\/2023\/01\/LOGO-NO-BG.png 1280w\" sizes=\"(max-width: 150px) 100vw, 150px\" \/>\t\t\t\t\t\t\t\t\t\t\t\t\t\t\t<\/div>\n\t\t\t\t<\/div>\n\t\t\t\t<div class=\"elementor-element elementor-element-e12887f elementor-shape-circle e-grid-align-right elementor-grid-0 elementor-widget elementor-widget-social-icons\" data-id=\"e12887f\" data-element_type=\"widget\" data-e-type=\"widget\" data-widget_type=\"social-icons.default\">\n\t\t\t\t<div class=\"elementor-widget-container\">\n\t\t\t\t\t\t\t<div class=\"elementor-social-icons-wrapper elementor-grid\" role=\"list\">\n\t\t\t\t\t\t\t<span class=\"elementor-grid-item\" role=\"listitem\">\n\t\t\t\t\t<a class=\"elementor-icon elementor-social-icon elementor-social-icon-facebook elementor-repeater-item-cd8515c\" href=\"https:\/\/www.facebook.com\/digitupproject\/\" target=\"_blank\">\n\t\t\t\t\t\t<span class=\"elementor-screen-only\">Facebook<\/span>\n\t\t\t\t\t\t<i aria-hidden=\"true\" class=\"fab fa-facebook\"><\/i>\t\t\t\t\t<\/a>\n\t\t\t\t<\/span>\n\t\t\t\t\t\t\t<span class=\"elementor-grid-item\" role=\"listitem\">\n\t\t\t\t\t<a class=\"elementor-icon elementor-social-icon elementor-social-icon-instagram elementor-repeater-item-f68a4e0\" href=\"https:\/\/www.instagram.com\/digitup_project\/\" target=\"_blank\">\n\t\t\t\t\t\t<span class=\"elementor-screen-only\">Instagram<\/span>\n\t\t\t\t\t\t<i aria-hidden=\"true\" class=\"fab fa-instagram\"><\/i>\t\t\t\t\t<\/a>\n\t\t\t\t<\/span>\n\t\t\t\t\t\t\t<span class=\"elementor-grid-item\" role=\"listitem\">\n\t\t\t\t\t<a class=\"elementor-icon elementor-social-icon elementor-social-icon-linkedin elementor-repeater-item-01b31e7\" href=\"https:\/\/www.linkedin.com\/company\/digit-up\/\" target=\"_blank\">\n\t\t\t\t\t\t<span class=\"elementor-screen-only\">Linkedin<\/span>\n\t\t\t\t\t\t<i aria-hidden=\"true\" class=\"fab fa-linkedin\"><\/i>\t\t\t\t\t<\/a>\n\t\t\t\t<\/span>\n\t\t\t\t\t<\/div>\n\t\t\t\t\t\t<\/div>\n\t\t\t\t<\/div>\n\t\t\t\t\t<\/div>\n\t\t<\/div>\n\t\t\t\t\t<\/div>\n\t\t<\/section>\n\t\t\t\t<section class=\"elementor-section elementor-top-section elementor-element elementor-element-a553e09 elementor-section-boxed elementor-section-height-default elementor-section-height-default\" data-id=\"a553e09\" data-element_type=\"section\" data-e-type=\"section\" data-settings=\"{&quot;_ha_eqh_enable&quot;:false}\">\n\t\t\t\t\t\t<div class=\"elementor-container elementor-column-gap-default\">\n\t\t\t\t\t<div class=\"elementor-column elementor-col-100 elementor-top-column elementor-element elementor-element-bc71f7c\" data-id=\"bc71f7c\" data-element_type=\"column\" data-e-type=\"column\">\n\t\t\t<div class=\"elementor-widget-wrap elementor-element-populated\">\n\t\t\t\t\t\t<div class=\"elementor-element elementor-element-461c48b elementor-widget-divider--view-line elementor-widget elementor-widget-divider\" data-id=\"461c48b\" data-element_type=\"widget\" data-e-type=\"widget\" data-widget_type=\"divider.default\">\n\t\t\t\t<div class=\"elementor-widget-container\">\n\t\t\t\t\t\t\t<div class=\"elementor-divider\">\n\t\t\t<span class=\"elementor-divider-separator\">\n\t\t\t\t\t\t<\/span>\n\t\t<\/div>\n\t\t\t\t\t\t<\/div>\n\t\t\t\t<\/div>\n\t\t\t\t\t<\/div>\n\t\t<\/div>\n\t\t\t\t\t<\/div>\n\t\t<\/section>\n\t\t\t\t<section class=\"elementor-section elementor-top-section elementor-element elementor-element-9bed213 elementor-section-boxed elementor-section-height-default elementor-section-height-default\" data-id=\"9bed213\" data-element_type=\"section\" data-e-type=\"section\" data-settings=\"{&quot;_ha_eqh_enable&quot;:false}\">\n\t\t\t\t\t\t<div class=\"elementor-container elementor-column-gap-default\">\n\t\t\t\t\t<div class=\"elementor-column elementor-col-33 elementor-top-column elementor-element elementor-element-5d3dd90\" data-id=\"5d3dd90\" data-element_type=\"column\" data-e-type=\"column\">\n\t\t\t<div class=\"elementor-widget-wrap elementor-element-populated\">\n\t\t\t\t\t\t<div class=\"elementor-element elementor-element-63704d4 elementor-widget elementor-widget-text-editor\" data-id=\"63704d4\" data-element_type=\"widget\" data-e-type=\"widget\" data-widget_type=\"text-editor.default\">\n\t\t\t\t<div class=\"elementor-widget-container\">\n\t\t\t\t\t\t\t\t\t<p>Copyright \u00a9 2023 Digital Upgrade Skilling. All Rights Reserved<\/p>\t\t\t\t\t\t\t\t<\/div>\n\t\t\t\t<\/div>\n\t\t\t\t\t<\/div>\n\t\t<\/div>\n\t\t\t\t<div class=\"elementor-column elementor-col-33 elementor-top-column elementor-element elementor-element-01c2047\" data-id=\"01c2047\" data-element_type=\"column\" data-e-type=\"column\">\n\t\t\t<div class=\"elementor-widget-wrap elementor-element-populated\">\n\t\t\t\t\t\t<div class=\"elementor-element elementor-element-34543aa elementor-widget elementor-widget-text-editor\" data-id=\"34543aa\" data-element_type=\"widget\" data-e-type=\"widget\" data-widget_type=\"text-editor.default\">\n\t\t\t\t<div class=\"elementor-widget-container\">\n\t\t\t\t\t\t\t\t\t<a style=\"color: black;\" href=\"https:\/\/digit-up.eu\/index.php\/terms-of-use\/\" target=\"_blank\" rel=\"noopener\">Terms of Use<\/a>\t\t\t\t\t\t\t\t<\/div>\n\t\t\t\t<\/div>\n\t\t\t\t\t<\/div>\n\t\t<\/div>\n\t\t\t\t<div class=\"elementor-column elementor-col-33 elementor-top-column elementor-element elementor-element-eb026bb\" data-id=\"eb026bb\" data-element_type=\"column\" data-e-type=\"column\">\n\t\t\t<div class=\"elementor-widget-wrap elementor-element-populated\">\n\t\t\t\t\t\t<div class=\"elementor-element elementor-element-b7f01ed elementor-widget elementor-widget-text-editor\" data-id=\"b7f01ed\" data-element_type=\"widget\" data-e-type=\"widget\" data-widget_type=\"text-editor.default\">\n\t\t\t\t<div class=\"elementor-widget-container\">\n\t\t\t\t\t\t\t\t\t<span style=\"color: #797979; text-align: left;\">Powered by\u00a0<\/span><a style=\"color: #797979; text-align: right;\" href=\"https:\/\/innovationhive.eu\/\" target=\"_blank\" rel=\"noopener\">Innovation Hive<\/a>\t\t\t\t\t\t\t\t<\/div>\n\t\t\t\t<\/div>\n\t\t\t\t\t<\/div>\n\t\t<\/div>\n\t\t\t\t\t<\/div>\n\t\t<\/section>\n\t\t\t\t<\/div>\n\t\t","protected":false},"excerpt":{"rendered":"<p>L&#8217;anatomia della trasformazione digitale: dare priorit\u00e0 ai dati, non agli &#8216;Algoritmi&#8217; Sia gli insegnanti VET che i manager delle PMI, [&hellip;]<\/p>\n","protected":false},"author":1,"featured_media":0,"parent":0,"menu_order":0,"comment_status":"closed","ping_status":"closed","template":"page-templates\/template_page-builder.php","meta":{"_eb_attr":"","_monsterinsights_skip_tracking":false,"_monsterinsights_sitenote_active":false,"_monsterinsights_sitenote_note":"","_monsterinsights_sitenote_category":0,"footnotes":""},"class_list":["post-1525","page","type-page","status-publish","hentry"],"aioseo_notices":[],"_links":{"self":[{"href":"https:\/\/digit-up.eu\/index.php\/wp-json\/wp\/v2\/pages\/1525","targetHints":{"allow":["GET"]}}],"collection":[{"href":"https:\/\/digit-up.eu\/index.php\/wp-json\/wp\/v2\/pages"}],"about":[{"href":"https:\/\/digit-up.eu\/index.php\/wp-json\/wp\/v2\/types\/page"}],"author":[{"embeddable":true,"href":"https:\/\/digit-up.eu\/index.php\/wp-json\/wp\/v2\/users\/1"}],"replies":[{"embeddable":true,"href":"https:\/\/digit-up.eu\/index.php\/wp-json\/wp\/v2\/comments?post=1525"}],"version-history":[{"count":7,"href":"https:\/\/digit-up.eu\/index.php\/wp-json\/wp\/v2\/pages\/1525\/revisions"}],"predecessor-version":[{"id":1802,"href":"https:\/\/digit-up.eu\/index.php\/wp-json\/wp\/v2\/pages\/1525\/revisions\/1802"}],"wp:attachment":[{"href":"https:\/\/digit-up.eu\/index.php\/wp-json\/wp\/v2\/media?parent=1525"}],"curies":[{"name":"wp","href":"https:\/\/api.w.org\/{rel}","templated":true}]}}