{"id":1556,"date":"2024-01-08T14:03:52","date_gmt":"2024-01-08T14:03:52","guid":{"rendered":"https:\/\/digit-up.eu\/?page_id=1556"},"modified":"2024-01-18T12:17:39","modified_gmt":"2024-01-18T12:17:39","slug":"transformacion-digital-y-capacitacion-de-las-pyme","status":"publish","type":"page","link":"https:\/\/digit-up.eu\/index.php\/es\/transformacion-digital-y-capacitacion-de-las-pyme\/","title":{"rendered":"Transformaci\u00f3n digital y capacitaci\u00f3n de las PYME"},"content":{"rendered":"\t\t<div data-elementor-type=\"wp-page\" data-elementor-id=\"1556\" class=\"elementor elementor-1556\" data-elementor-settings=\"{&quot;ha_cmc_init_switcher&quot;:&quot;no&quot;}\">\n\t\t\t\t\t\t<section class=\"elementor-section elementor-top-section elementor-element elementor-element-13db78a elementor-section-boxed elementor-section-height-default elementor-section-height-default\" data-id=\"13db78a\" data-element_type=\"section\" data-e-type=\"section\" data-settings=\"{&quot;background_background&quot;:&quot;classic&quot;,&quot;shape_divider_bottom&quot;:&quot;curve&quot;,&quot;shape_divider_bottom_negative&quot;:&quot;yes&quot;,&quot;_ha_eqh_enable&quot;:false}\">\n\t\t\t\t\t\t\t<div class=\"elementor-background-overlay\"><\/div>\n\t\t\t\t\t\t<div class=\"elementor-shape elementor-shape-bottom\" aria-hidden=\"true\" data-negative=\"true\">\n\t\t\t<svg xmlns=\"http:\/\/www.w3.org\/2000\/svg\" viewBox=\"0 0 1000 100\" preserveAspectRatio=\"none\">\n\t<path class=\"elementor-shape-fill\" d=\"M500,97C126.7,96.3,0.8,19.8,0,0v100l1000,0V1C1000,19.4,873.3,97.8,500,97z\"\/>\n<\/svg>\t\t<\/div>\n\t\t\t\t\t<div class=\"elementor-container elementor-column-gap-default\">\n\t\t\t\t\t<div class=\"elementor-column elementor-col-100 elementor-top-column elementor-element elementor-element-019aaff\" data-id=\"019aaff\" data-element_type=\"column\" data-e-type=\"column\">\n\t\t\t<div class=\"elementor-widget-wrap elementor-element-populated\">\n\t\t\t\t\t\t<div class=\"elementor-element elementor-element-06e2342 elementor-widget elementor-widget-spacer\" data-id=\"06e2342\" data-element_type=\"widget\" data-e-type=\"widget\" data-widget_type=\"spacer.default\">\n\t\t\t\t<div class=\"elementor-widget-container\">\n\t\t\t\t\t\t\t<div class=\"elementor-spacer\">\n\t\t\t<div class=\"elementor-spacer-inner\"><\/div>\n\t\t<\/div>\n\t\t\t\t\t\t<\/div>\n\t\t\t\t<\/div>\n\t\t\t\t<div class=\"elementor-element elementor-element-ee3885d elementor-widget elementor-widget-heading\" data-id=\"ee3885d\" data-element_type=\"widget\" data-e-type=\"widget\" data-widget_type=\"heading.default\">\n\t\t\t\t<div class=\"elementor-widget-container\">\n\t\t\t\t\t<h2 class=\"elementor-heading-title elementor-size-default\">Transformaci\u00f3n digital y capacitaci\u00f3n de las PYME<\/h2>\t\t\t\t<\/div>\n\t\t\t\t<\/div>\n\t\t\t\t<div class=\"elementor-element elementor-element-344e89b elementor-widget-divider--view-line elementor-widget elementor-widget-divider\" data-id=\"344e89b\" data-element_type=\"widget\" data-e-type=\"widget\" data-widget_type=\"divider.default\">\n\t\t\t\t<div class=\"elementor-widget-container\">\n\t\t\t\t\t\t\t<div class=\"elementor-divider\">\n\t\t\t<span class=\"elementor-divider-separator\">\n\t\t\t\t\t\t<\/span>\n\t\t<\/div>\n\t\t\t\t\t\t<\/div>\n\t\t\t\t<\/div>\n\t\t\t\t<div class=\"elementor-element elementor-element-8832b6a elementor-widget elementor-widget-spacer\" data-id=\"8832b6a\" data-element_type=\"widget\" data-e-type=\"widget\" data-widget_type=\"spacer.default\">\n\t\t\t\t<div class=\"elementor-widget-container\">\n\t\t\t\t\t\t\t<div class=\"elementor-spacer\">\n\t\t\t<div class=\"elementor-spacer-inner\"><\/div>\n\t\t<\/div>\n\t\t\t\t\t\t<\/div>\n\t\t\t\t<\/div>\n\t\t\t\t\t<\/div>\n\t\t<\/div>\n\t\t\t\t\t<\/div>\n\t\t<\/section>\n\t\t\t\t<section class=\"elementor-section elementor-top-section elementor-element elementor-element-524d2b7 elementor-section-boxed elementor-section-height-default elementor-section-height-default\" data-id=\"524d2b7\" data-element_type=\"section\" data-e-type=\"section\" data-settings=\"{&quot;_ha_eqh_enable&quot;:false}\">\n\t\t\t\t\t\t<div class=\"elementor-container elementor-column-gap-default\">\n\t\t\t\t\t<div class=\"elementor-column elementor-col-100 elementor-top-column elementor-element elementor-element-f87feb5\" data-id=\"f87feb5\" data-element_type=\"column\" data-e-type=\"column\">\n\t\t\t<div class=\"elementor-widget-wrap elementor-element-populated\">\n\t\t\t\t\t\t<div class=\"elementor-element elementor-element-36b6bf3 elementor-widget elementor-widget-spacer\" data-id=\"36b6bf3\" data-element_type=\"widget\" data-e-type=\"widget\" data-widget_type=\"spacer.default\">\n\t\t\t\t<div class=\"elementor-widget-container\">\n\t\t\t\t\t\t\t<div class=\"elementor-spacer\">\n\t\t\t<div class=\"elementor-spacer-inner\"><\/div>\n\t\t<\/div>\n\t\t\t\t\t\t<\/div>\n\t\t\t\t<\/div>\n\t\t\t\t<div class=\"elementor-element elementor-element-5b6d7f2 elementor-widget elementor-widget-text-editor\" data-id=\"5b6d7f2\" data-element_type=\"widget\" data-e-type=\"widget\" data-widget_type=\"text-editor.default\">\n\t\t\t\t<div class=\"elementor-widget-container\">\n\t\t\t\t\t\t\t\t\t<p><span style=\"font-weight: 400;\">5.16.2023<\/span><\/p><p><span style=\"font-weight: 400;\">Las peque\u00f1as y medianas empresas (PYME) son una parte esencial de la econom\u00eda europea. Desgraciadamente, siguen rezagadas en materia de digitalizaci\u00f3n y a\u00fan queda mucho por hacer para mejorar sus competencias digitales. Adem\u00e1s, la implantaci\u00f3n y el uso de la tecnolog\u00eda digital var\u00eda seg\u00fan el espacio: existen discrepancias entre las distintas regiones de Europa. El detonante que ha hecho que la Uni\u00f3n Europea se d\u00e9 cuenta de la imperiosa necesidad de innovaci\u00f3n ha sido la pandemia COVID-19. La COVID supuso una sacudida para todo el mundo; todas las PYME necesitaban ajustar su enfoque del trabajo, y las herramientas digitales se convirtieron en un elemento clave del funcionamiento cotidiano de las empresas. Aunque la pandemia provoc\u00f3 un cambio r\u00e1pido y duro, no fue duradero, y las PYME siguen teniendo que modernizar su infraestructura digital. Como respuesta, la UE financia a trav\u00e9s de Erasmus+ iniciativas de modernizaci\u00f3n y desarrollo, como DigitUp, cuyo objetivo es apoyar la digitalizaci\u00f3n de las PYME. Estos planes pretenden que las empresas europeas sean m\u00e1s competitivas en el mercado internacional y resistentes frente a empresas m\u00e1s grandes, poderosas y con m\u00e1s recursos. Apoyar el proceso de digitalizaci\u00f3n de las PYME es ayudarlas con una actividad costosa y que requiere mucho tiempo, y ambas cosas rara vez est\u00e1n a disposici\u00f3n de una PYME, especialmente despu\u00e9s del impacto de COVID en las econom\u00edas. Con la ayuda de la UE para modernizar la infraestructura digital, todas las regiones europeas que puedan sufrir una falta de digitalizaci\u00f3n tendr\u00e1n acceso a todo un nuevo espectro de posibilidades. Sin embargo, la infraestructura tambi\u00e9n requiere que las personas dispongan de los conocimientos adecuados para sacarle el m\u00e1ximo partido; aqu\u00ed la ense\u00f1anza se convierte en algo esencial.<\/span><\/p><p>\u00a0<\/p><p><span style=\"font-weight: 400;\">Muchos Estados miembros europeos ya han anunciado y puesto en marcha planes de recuperaci\u00f3n y desarrollo despu\u00e9s de que los efectos de COVID-19 demostraran la imperiosa necesidad de un cambio. Todos ellos centran su atenci\u00f3n en las tecnolog\u00edas BIC: Big data, Internet de las Cosas y Ciberseguridad. Los planes de recuperaci\u00f3n tambi\u00e9n promueven la inversi\u00f3n en capital humano, incentivos fiscales, formaci\u00f3n profesional, investigaci\u00f3n y desarrollo de infraestructuras. Terceras partes, como los centros de innovaci\u00f3n y las asociaciones, tambi\u00e9n se presentan para apoyar este cambio. Todos los aspectos mencionados son pasos necesarios si la UE desea modernizar las econom\u00edas de sus miembros. Tener como base la cooperaci\u00f3n multisectorial refuerza los esfuerzos de digitalizaci\u00f3n y fomenta la cooperaci\u00f3n, parte esencial del experimento europeo. Europa es m\u00e1s fuerte si trabaja unida por un objetivo com\u00fan.<\/span><\/p><p>\u00a0<\/p><p><span style=\"font-weight: 400;\">DigitUp tiene m\u00faltiples objetivos que, en esencia, se centran en la capacitaci\u00f3n digital de las PYME a trav\u00e9s de la educaci\u00f3n y la cooperaci\u00f3n. DigitUp identificar\u00e1 en primer lugar el tipo de competencias m\u00e1s demandadas por las PYME. Se les informar\u00e1 sobre las ventajas que ofrece la digitalizaci\u00f3n para el crecimiento y la competitividad. Proporcionar formaci\u00f3n peri\u00f3dica es un requisito constante si DigitUp desea cumplir sus objetivos; los programas de formaci\u00f3n, con educadores especialmente formados, se dirigir\u00e1n a las necesidades espec\u00edficas de las PYME. Estos formadores desempe\u00f1ar\u00e1n un papel fundamental a la hora de proporcionar la educaci\u00f3n, los recursos y los materiales necesarios para la capacitaci\u00f3n digital. Todo el programa tendr\u00e1 tambi\u00e9n como objetivo aumentar el debate p\u00fablico en torno a la transformaci\u00f3n digital, de modo que se difundan m\u00e1s su visibilidad y las ventajas de la digitalizaci\u00f3n. En esta fase resulta interesante invitar a entidades ajenas al sector educativo. La cooperaci\u00f3n entre centros educativos, instituciones p\u00fablicas y entidades privadas potenciar\u00e1 la capacitaci\u00f3n digital al permitir que sectores clave colaboren en un \u00e1mbito de necesidad e inter\u00e9s comunes. Un entorno din\u00e1mico y animado animar\u00e1 a las PYME a participar en programas de formaci\u00f3n que mejoren la competitividad facilitando el acceso a nuevas tecnolog\u00edas y oportunidades.<\/span><\/p><p>\u00a0<\/p><p><span style=\"font-weight: 400;\">Autor: Aymeric Pochat, EUDA, Rep\u00fablica Checa<\/span><\/p>\t\t\t\t\t\t\t\t<\/div>\n\t\t\t\t<\/div>\n\t\t\t\t<div class=\"elementor-element elementor-element-c8ecc54 elementor-widget elementor-widget-spacer\" data-id=\"c8ecc54\" data-element_type=\"widget\" data-e-type=\"widget\" data-widget_type=\"spacer.default\">\n\t\t\t\t<div class=\"elementor-widget-container\">\n\t\t\t\t\t\t\t<div class=\"elementor-spacer\">\n\t\t\t<div class=\"elementor-spacer-inner\"><\/div>\n\t\t<\/div>\n\t\t\t\t\t\t<\/div>\n\t\t\t\t<\/div>\n\t\t\t\t\t<\/div>\n\t\t<\/div>\n\t\t\t\t\t<\/div>\n\t\t<\/section>\n\t\t\t\t<section class=\"elementor-section elementor-top-section elementor-element elementor-element-3bb2fe8 elementor-section-boxed elementor-section-height-default elementor-section-height-default\" data-id=\"3bb2fe8\" data-element_type=\"section\" data-e-type=\"section\" data-settings=\"{&quot;_ha_eqh_enable&quot;:false}\">\n\t\t\t\t\t\t<div class=\"elementor-container elementor-column-gap-default\">\n\t\t\t\t\t<div class=\"elementor-column elementor-col-33 elementor-top-column elementor-element elementor-element-14abc93\" data-id=\"14abc93\" data-element_type=\"column\" data-e-type=\"column\">\n\t\t\t<div class=\"elementor-widget-wrap elementor-element-populated\">\n\t\t\t\t\t\t<div class=\"elementor-element elementor-element-7f4b60a elementor-widget elementor-widget-spacer\" data-id=\"7f4b60a\" data-element_type=\"widget\" data-e-type=\"widget\" data-widget_type=\"spacer.default\">\n\t\t\t\t<div class=\"elementor-widget-container\">\n\t\t\t\t\t\t\t<div class=\"elementor-spacer\">\n\t\t\t<div class=\"elementor-spacer-inner\"><\/div>\n\t\t<\/div>\n\t\t\t\t\t\t<\/div>\n\t\t\t\t<\/div>\n\t\t\t\t<div class=\"elementor-element elementor-element-24e96e9 elementor-widget elementor-widget-image\" data-id=\"24e96e9\" data-element_type=\"widget\" data-e-type=\"widget\" data-widget_type=\"image.default\">\n\t\t\t\t<div class=\"elementor-widget-container\">\n\t\t\t\t\t\t\t\t\t\t\t\t\t\t\t<img decoding=\"async\" width=\"300\" height=\"63\" src=\"https:\/\/digit-up.eu\/wp-content\/uploads\/2023\/01\/EN-Co-funded-by-the-EU_PANTONE-1-300x63.jpg\" class=\"attachment-medium size-medium wp-image-132\" alt=\"\" srcset=\"https:\/\/digit-up.eu\/wp-content\/uploads\/2023\/01\/EN-Co-funded-by-the-EU_PANTONE-1-300x63.jpg 300w, https:\/\/digit-up.eu\/wp-content\/uploads\/2023\/01\/EN-Co-funded-by-the-EU_PANTONE-1-1024x215.jpg 1024w, https:\/\/digit-up.eu\/wp-content\/uploads\/2023\/01\/EN-Co-funded-by-the-EU_PANTONE-1-768x161.jpg 768w, https:\/\/digit-up.eu\/wp-content\/uploads\/2023\/01\/EN-Co-funded-by-the-EU_PANTONE-1-1536x322.jpg 1536w, https:\/\/digit-up.eu\/wp-content\/uploads\/2023\/01\/EN-Co-funded-by-the-EU_PANTONE-1-2048x430.jpg 2048w, https:\/\/digit-up.eu\/wp-content\/uploads\/2023\/01\/EN-Co-funded-by-the-EU_PANTONE-1-720x151.jpg 720w\" sizes=\"(max-width: 300px) 100vw, 300px\" \/>\t\t\t\t\t\t\t\t\t\t\t\t\t\t\t<\/div>\n\t\t\t\t<\/div>\n\t\t\t\t<div class=\"elementor-element elementor-element-907fccf elementor-widget elementor-widget-text-editor\" data-id=\"907fccf\" data-element_type=\"widget\" data-e-type=\"widget\" data-widget_type=\"text-editor.default\">\n\t\t\t\t<div class=\"elementor-widget-container\">\n\t\t\t\t\t\t\t\t\t<p>Financiado por la Uni\u00f3n Europea. Las opiniones y puntos de vista expresados solo comprometen a su(s) autor(es) y no reflejan necesariamente los de la Uni\u00f3n Europea o los de la Agencia Ejecutiva Europea de Educaci\u00f3n y Cultura (EACEA). Ni la Uni\u00f3n Europea ni la EACEA pueden ser considerados responsables de ellos. 2022-1-CZ01-KA220-VET- 000086461<\/p>\t\t\t\t\t\t\t\t<\/div>\n\t\t\t\t<\/div>\n\t\t\t\t\t<\/div>\n\t\t<\/div>\n\t\t\t\t<div class=\"elementor-column elementor-col-33 elementor-top-column elementor-element elementor-element-d251deb\" data-id=\"d251deb\" data-element_type=\"column\" data-e-type=\"column\">\n\t\t\t<div class=\"elementor-widget-wrap\">\n\t\t\t\t\t\t\t<\/div>\n\t\t<\/div>\n\t\t\t\t<div class=\"elementor-column elementor-col-33 elementor-top-column elementor-element elementor-element-89614fe\" data-id=\"89614fe\" data-element_type=\"column\" data-e-type=\"column\">\n\t\t\t<div class=\"elementor-widget-wrap elementor-element-populated\">\n\t\t\t\t\t\t<div class=\"elementor-element elementor-element-eefd776 elementor-widget elementor-widget-spacer\" data-id=\"eefd776\" data-element_type=\"widget\" data-e-type=\"widget\" data-widget_type=\"spacer.default\">\n\t\t\t\t<div class=\"elementor-widget-container\">\n\t\t\t\t\t\t\t<div class=\"elementor-spacer\">\n\t\t\t<div class=\"elementor-spacer-inner\"><\/div>\n\t\t<\/div>\n\t\t\t\t\t\t<\/div>\n\t\t\t\t<\/div>\n\t\t\t\t<div class=\"elementor-element elementor-element-b05ed9a elementor-widget elementor-widget-image\" data-id=\"b05ed9a\" data-element_type=\"widget\" data-e-type=\"widget\" data-widget_type=\"image.default\">\n\t\t\t\t<div class=\"elementor-widget-container\">\n\t\t\t\t\t\t\t\t\t\t\t\t\t\t\t<img decoding=\"async\" width=\"150\" height=\"150\" src=\"https:\/\/digit-up.eu\/wp-content\/uploads\/2023\/01\/LOGO-NO-BG-150x150.png\" class=\"attachment-thumbnail size-thumbnail wp-image-133\" alt=\"\" srcset=\"https:\/\/digit-up.eu\/wp-content\/uploads\/2023\/01\/LOGO-NO-BG-150x150.png 150w, https:\/\/digit-up.eu\/wp-content\/uploads\/2023\/01\/LOGO-NO-BG-300x300.png 300w, https:\/\/digit-up.eu\/wp-content\/uploads\/2023\/01\/LOGO-NO-BG-1024x1024.png 1024w, https:\/\/digit-up.eu\/wp-content\/uploads\/2023\/01\/LOGO-NO-BG-768x768.png 768w, https:\/\/digit-up.eu\/wp-content\/uploads\/2023\/01\/LOGO-NO-BG-720x720.png 720w, https:\/\/digit-up.eu\/wp-content\/uploads\/2023\/01\/LOGO-NO-BG-360x360.png 360w, https:\/\/digit-up.eu\/wp-content\/uploads\/2023\/01\/LOGO-NO-BG.png 1280w\" sizes=\"(max-width: 150px) 100vw, 150px\" \/>\t\t\t\t\t\t\t\t\t\t\t\t\t\t\t<\/div>\n\t\t\t\t<\/div>\n\t\t\t\t<div class=\"elementor-element elementor-element-8b83eda elementor-shape-circle e-grid-align-right elementor-grid-0 elementor-widget elementor-widget-social-icons\" data-id=\"8b83eda\" data-element_type=\"widget\" data-e-type=\"widget\" data-widget_type=\"social-icons.default\">\n\t\t\t\t<div class=\"elementor-widget-container\">\n\t\t\t\t\t\t\t<div class=\"elementor-social-icons-wrapper elementor-grid\" role=\"list\">\n\t\t\t\t\t\t\t<span class=\"elementor-grid-item\" role=\"listitem\">\n\t\t\t\t\t<a class=\"elementor-icon elementor-social-icon elementor-social-icon-facebook elementor-repeater-item-cd8515c\" href=\"https:\/\/www.facebook.com\/digitupproject\/\" target=\"_blank\">\n\t\t\t\t\t\t<span class=\"elementor-screen-only\">Facebook<\/span>\n\t\t\t\t\t\t<i aria-hidden=\"true\" class=\"fab fa-facebook\"><\/i>\t\t\t\t\t<\/a>\n\t\t\t\t<\/span>\n\t\t\t\t\t\t\t<span class=\"elementor-grid-item\" role=\"listitem\">\n\t\t\t\t\t<a class=\"elementor-icon elementor-social-icon elementor-social-icon-instagram elementor-repeater-item-f68a4e0\" href=\"https:\/\/www.instagram.com\/digitup_project\/\" target=\"_blank\">\n\t\t\t\t\t\t<span class=\"elementor-screen-only\">Instagram<\/span>\n\t\t\t\t\t\t<i aria-hidden=\"true\" class=\"fab fa-instagram\"><\/i>\t\t\t\t\t<\/a>\n\t\t\t\t<\/span>\n\t\t\t\t\t\t\t<span class=\"elementor-grid-item\" role=\"listitem\">\n\t\t\t\t\t<a class=\"elementor-icon elementor-social-icon elementor-social-icon-linkedin elementor-repeater-item-01b31e7\" href=\"https:\/\/www.linkedin.com\/company\/digit-up\/\" target=\"_blank\">\n\t\t\t\t\t\t<span class=\"elementor-screen-only\">Linkedin<\/span>\n\t\t\t\t\t\t<i aria-hidden=\"true\" class=\"fab fa-linkedin\"><\/i>\t\t\t\t\t<\/a>\n\t\t\t\t<\/span>\n\t\t\t\t\t<\/div>\n\t\t\t\t\t\t<\/div>\n\t\t\t\t<\/div>\n\t\t\t\t\t<\/div>\n\t\t<\/div>\n\t\t\t\t\t<\/div>\n\t\t<\/section>\n\t\t\t\t<section class=\"elementor-section elementor-top-section elementor-element elementor-element-5ba0605 elementor-section-boxed elementor-section-height-default elementor-section-height-default\" data-id=\"5ba0605\" data-element_type=\"section\" data-e-type=\"section\" data-settings=\"{&quot;_ha_eqh_enable&quot;:false}\">\n\t\t\t\t\t\t<div class=\"elementor-container elementor-column-gap-default\">\n\t\t\t\t\t<div class=\"elementor-column elementor-col-100 elementor-top-column elementor-element elementor-element-b1d3bd7\" data-id=\"b1d3bd7\" data-element_type=\"column\" data-e-type=\"column\">\n\t\t\t<div class=\"elementor-widget-wrap elementor-element-populated\">\n\t\t\t\t\t\t<div class=\"elementor-element elementor-element-ec8bea0 elementor-widget-divider--view-line elementor-widget elementor-widget-divider\" data-id=\"ec8bea0\" data-element_type=\"widget\" data-e-type=\"widget\" data-widget_type=\"divider.default\">\n\t\t\t\t<div class=\"elementor-widget-container\">\n\t\t\t\t\t\t\t<div class=\"elementor-divider\">\n\t\t\t<span class=\"elementor-divider-separator\">\n\t\t\t\t\t\t<\/span>\n\t\t<\/div>\n\t\t\t\t\t\t<\/div>\n\t\t\t\t<\/div>\n\t\t\t\t\t<\/div>\n\t\t<\/div>\n\t\t\t\t\t<\/div>\n\t\t<\/section>\n\t\t\t\t<section class=\"elementor-section elementor-top-section elementor-element elementor-element-9a17491 elementor-section-boxed elementor-section-height-default elementor-section-height-default\" data-id=\"9a17491\" data-element_type=\"section\" data-e-type=\"section\" data-settings=\"{&quot;_ha_eqh_enable&quot;:false}\">\n\t\t\t\t\t\t<div class=\"elementor-container elementor-column-gap-default\">\n\t\t\t\t\t<div class=\"elementor-column elementor-col-33 elementor-top-column elementor-element elementor-element-954059e\" data-id=\"954059e\" data-element_type=\"column\" data-e-type=\"column\">\n\t\t\t<div class=\"elementor-widget-wrap elementor-element-populated\">\n\t\t\t\t\t\t<div class=\"elementor-element elementor-element-da6bcba elementor-widget elementor-widget-text-editor\" data-id=\"da6bcba\" data-element_type=\"widget\" data-e-type=\"widget\" data-widget_type=\"text-editor.default\">\n\t\t\t\t<div class=\"elementor-widget-container\">\n\t\t\t\t\t\t\t\t\t<p>Copyright \u00a9 2023 Digital Upgrade Skilling. All Rights Reserved<\/p>\t\t\t\t\t\t\t\t<\/div>\n\t\t\t\t<\/div>\n\t\t\t\t\t<\/div>\n\t\t<\/div>\n\t\t\t\t<div class=\"elementor-column elementor-col-33 elementor-top-column elementor-element elementor-element-d52dcb3\" data-id=\"d52dcb3\" data-element_type=\"column\" data-e-type=\"column\">\n\t\t\t<div class=\"elementor-widget-wrap elementor-element-populated\">\n\t\t\t\t\t\t<div class=\"elementor-element elementor-element-3bd59e6 elementor-widget elementor-widget-text-editor\" data-id=\"3bd59e6\" data-element_type=\"widget\" data-e-type=\"widget\" data-widget_type=\"text-editor.default\">\n\t\t\t\t<div class=\"elementor-widget-container\">\n\t\t\t\t\t\t\t\t\t<a style=\"color: black;\" href=\"https:\/\/digit-up.eu\/index.php\/terms-of-use\/\" target=\"_blank\" rel=\"noopener\">Terms of Use<\/a>\t\t\t\t\t\t\t\t<\/div>\n\t\t\t\t<\/div>\n\t\t\t\t\t<\/div>\n\t\t<\/div>\n\t\t\t\t<div class=\"elementor-column elementor-col-33 elementor-top-column elementor-element elementor-element-39167da\" data-id=\"39167da\" data-element_type=\"column\" data-e-type=\"column\">\n\t\t\t<div class=\"elementor-widget-wrap elementor-element-populated\">\n\t\t\t\t\t\t<div class=\"elementor-element elementor-element-d5f581a elementor-widget elementor-widget-text-editor\" data-id=\"d5f581a\" data-element_type=\"widget\" data-e-type=\"widget\" data-widget_type=\"text-editor.default\">\n\t\t\t\t<div class=\"elementor-widget-container\">\n\t\t\t\t\t\t\t\t\t<span style=\"color: #797979; text-align: left;\">Powered by\u00a0<\/span><a style=\"color: #797979; text-align: right;\" href=\"https:\/\/innovationhive.eu\/\" target=\"_blank\" rel=\"noopener\">Innovation Hive<\/a>\t\t\t\t\t\t\t\t<\/div>\n\t\t\t\t<\/div>\n\t\t\t\t\t<\/div>\n\t\t<\/div>\n\t\t\t\t\t<\/div>\n\t\t<\/section>\n\t\t\t\t<\/div>\n\t\t","protected":false},"excerpt":{"rendered":"<p>Transformaci\u00f3n digital y capacitaci\u00f3n de las PYME 5.16.2023 Las peque\u00f1as y medianas empresas (PYME) son una parte esencial de la [&hellip;]<\/p>\n","protected":false},"author":1,"featured_media":0,"parent":0,"menu_order":0,"comment_status":"closed","ping_status":"closed","template":"page-templates\/template_page-builder.php","meta":{"_eb_attr":"","_monsterinsights_skip_tracking":false,"_monsterinsights_sitenote_active":false,"_monsterinsights_sitenote_note":"","_monsterinsights_sitenote_category":0,"footnotes":""},"class_list":["post-1556","page","type-page","status-publish","hentry"],"aioseo_notices":[],"_links":{"self":[{"href":"https:\/\/digit-up.eu\/index.php\/wp-json\/wp\/v2\/pages\/1556","targetHints":{"allow":["GET"]}}],"collection":[{"href":"https:\/\/digit-up.eu\/index.php\/wp-json\/wp\/v2\/pages"}],"about":[{"href":"https:\/\/digit-up.eu\/index.php\/wp-json\/wp\/v2\/types\/page"}],"author":[{"embeddable":true,"href":"https:\/\/digit-up.eu\/index.php\/wp-json\/wp\/v2\/users\/1"}],"replies":[{"embeddable":true,"href":"https:\/\/digit-up.eu\/index.php\/wp-json\/wp\/v2\/comments?post=1556"}],"version-history":[{"count":7,"href":"https:\/\/digit-up.eu\/index.php\/wp-json\/wp\/v2\/pages\/1556\/revisions"}],"predecessor-version":[{"id":1889,"href":"https:\/\/digit-up.eu\/index.php\/wp-json\/wp\/v2\/pages\/1556\/revisions\/1889"}],"wp:attachment":[{"href":"https:\/\/digit-up.eu\/index.php\/wp-json\/wp\/v2\/media?parent=1556"}],"curies":[{"name":"wp","href":"https:\/\/api.w.org\/{rel}","templated":true}]}}