{"id":1584,"date":"2024-01-08T14:14:45","date_gmt":"2024-01-08T14:14:45","guid":{"rendered":"https:\/\/digit-up.eu\/?page_id=1584"},"modified":"2024-01-18T12:16:03","modified_gmt":"2024-01-18T12:16:03","slug":"la-anatomia-de-la-transformacion-digital-dar-prioridad-a-los-datos-no-a-los-algoritmos","status":"publish","type":"page","link":"https:\/\/digit-up.eu\/index.php\/es\/la-anatomia-de-la-transformacion-digital-dar-prioridad-a-los-datos-no-a-los-algoritmos\/","title":{"rendered":"La anatom\u00eda de la Transformaci\u00f3n Digital: dar prioridad a los datos, no a los &#8220;algoritmos\u201d"},"content":{"rendered":"\t\t<div data-elementor-type=\"wp-page\" data-elementor-id=\"1584\" class=\"elementor elementor-1584\" data-elementor-settings=\"{&quot;ha_cmc_init_switcher&quot;:&quot;no&quot;}\">\n\t\t\t\t\t\t<section class=\"elementor-section elementor-top-section elementor-element elementor-element-e9f7c04 elementor-section-boxed elementor-section-height-default elementor-section-height-default\" data-id=\"e9f7c04\" data-element_type=\"section\" data-e-type=\"section\" data-settings=\"{&quot;background_background&quot;:&quot;classic&quot;,&quot;shape_divider_bottom&quot;:&quot;curve&quot;,&quot;shape_divider_bottom_negative&quot;:&quot;yes&quot;,&quot;_ha_eqh_enable&quot;:false}\">\n\t\t\t\t\t\t\t<div class=\"elementor-background-overlay\"><\/div>\n\t\t\t\t\t\t<div class=\"elementor-shape elementor-shape-bottom\" aria-hidden=\"true\" data-negative=\"true\">\n\t\t\t<svg xmlns=\"http:\/\/www.w3.org\/2000\/svg\" viewBox=\"0 0 1000 100\" preserveAspectRatio=\"none\">\n\t<path class=\"elementor-shape-fill\" d=\"M500,97C126.7,96.3,0.8,19.8,0,0v100l1000,0V1C1000,19.4,873.3,97.8,500,97z\"\/>\n<\/svg>\t\t<\/div>\n\t\t\t\t\t<div class=\"elementor-container elementor-column-gap-default\">\n\t\t\t\t\t<div class=\"elementor-column elementor-col-100 elementor-top-column elementor-element elementor-element-8e950e4\" data-id=\"8e950e4\" data-element_type=\"column\" data-e-type=\"column\">\n\t\t\t<div class=\"elementor-widget-wrap elementor-element-populated\">\n\t\t\t\t\t\t<div class=\"elementor-element elementor-element-e3e4c30 elementor-widget elementor-widget-spacer\" data-id=\"e3e4c30\" data-element_type=\"widget\" data-e-type=\"widget\" data-widget_type=\"spacer.default\">\n\t\t\t\t<div class=\"elementor-widget-container\">\n\t\t\t\t\t\t\t<div class=\"elementor-spacer\">\n\t\t\t<div class=\"elementor-spacer-inner\"><\/div>\n\t\t<\/div>\n\t\t\t\t\t\t<\/div>\n\t\t\t\t<\/div>\n\t\t\t\t<div class=\"elementor-element elementor-element-e764d91 elementor-widget elementor-widget-heading\" data-id=\"e764d91\" data-element_type=\"widget\" data-e-type=\"widget\" data-widget_type=\"heading.default\">\n\t\t\t\t<div class=\"elementor-widget-container\">\n\t\t\t\t\t<h2 class=\"elementor-heading-title elementor-size-default\">La anatom\u00eda de la Transformaci\u00f3n Digital: dar prioridad a los datos, no a los \"algoritmos\u201d<\/h2>\t\t\t\t<\/div>\n\t\t\t\t<\/div>\n\t\t\t\t<div class=\"elementor-element elementor-element-1e14463 elementor-widget-divider--view-line elementor-widget elementor-widget-divider\" data-id=\"1e14463\" data-element_type=\"widget\" data-e-type=\"widget\" data-widget_type=\"divider.default\">\n\t\t\t\t<div class=\"elementor-widget-container\">\n\t\t\t\t\t\t\t<div class=\"elementor-divider\">\n\t\t\t<span class=\"elementor-divider-separator\">\n\t\t\t\t\t\t<\/span>\n\t\t<\/div>\n\t\t\t\t\t\t<\/div>\n\t\t\t\t<\/div>\n\t\t\t\t<div class=\"elementor-element elementor-element-ca5cb06 elementor-widget elementor-widget-spacer\" data-id=\"ca5cb06\" data-element_type=\"widget\" data-e-type=\"widget\" data-widget_type=\"spacer.default\">\n\t\t\t\t<div class=\"elementor-widget-container\">\n\t\t\t\t\t\t\t<div class=\"elementor-spacer\">\n\t\t\t<div class=\"elementor-spacer-inner\"><\/div>\n\t\t<\/div>\n\t\t\t\t\t\t<\/div>\n\t\t\t\t<\/div>\n\t\t\t\t\t<\/div>\n\t\t<\/div>\n\t\t\t\t\t<\/div>\n\t\t<\/section>\n\t\t\t\t<section class=\"elementor-section elementor-top-section elementor-element elementor-element-c7cc7e2 elementor-section-boxed elementor-section-height-default elementor-section-height-default\" data-id=\"c7cc7e2\" data-element_type=\"section\" data-e-type=\"section\" data-settings=\"{&quot;_ha_eqh_enable&quot;:false}\">\n\t\t\t\t\t\t<div class=\"elementor-container elementor-column-gap-default\">\n\t\t\t\t\t<div class=\"elementor-column elementor-col-100 elementor-top-column elementor-element elementor-element-61ca64a\" data-id=\"61ca64a\" data-element_type=\"column\" data-e-type=\"column\">\n\t\t\t<div class=\"elementor-widget-wrap elementor-element-populated\">\n\t\t\t\t\t\t<div class=\"elementor-element elementor-element-42868fc elementor-widget elementor-widget-spacer\" data-id=\"42868fc\" data-element_type=\"widget\" data-e-type=\"widget\" data-widget_type=\"spacer.default\">\n\t\t\t\t<div class=\"elementor-widget-container\">\n\t\t\t\t\t\t\t<div class=\"elementor-spacer\">\n\t\t\t<div class=\"elementor-spacer-inner\"><\/div>\n\t\t<\/div>\n\t\t\t\t\t\t<\/div>\n\t\t\t\t<\/div>\n\t\t\t\t<div class=\"elementor-element elementor-element-4220dec elementor-widget elementor-widget-text-editor\" data-id=\"4220dec\" data-element_type=\"widget\" data-e-type=\"widget\" data-widget_type=\"text-editor.default\">\n\t\t\t\t<div class=\"elementor-widget-container\">\n\t\t\t\t\t\t\t\t\t<p>Tanto los educadores de EFP como los gerentes de PYME, los aut\u00f3nomos y los propietarios de peque\u00f1as empresas y microempresas<br \/>navegan en un entorno en l\u00ednea cada vez m\u00e1s complejo en el que hay m\u00e1s datos que nunca a los que acceder, gestionar, analizar y<br \/>difundir. La transformaci\u00f3n digital afectar\u00e1 a todas las \u00e1reas tem\u00e1ticas de una empresa y a un n\u00famero cada vez mayor de iniciativas<br \/>profesionales y privadas.<br \/>La transformaci\u00f3n digital, por otra parte, es un t\u00e9rmino m\u00e1s amplio que se refiere al proceso de utilizar las tecnolog\u00edas digitales<br \/>para mejorar el rendimiento de la organizaci\u00f3n. Esto puede implicar cualquier cosa, desde la racionalizaci\u00f3n de los procesos y la<br \/>mejora del servicio al cliente hasta el desarrollo de nuevos productos y servicios. Pero la digitalizaci\u00f3n es s\u00f3lo una parte de la<br \/>transformaci\u00f3n digital. La digitalizaci\u00f3n es el proceso de tomar datos, transformarlos en un formato digital y hacerlos m\u00e1s<br \/>accesibles y \u00fatiles para la empresa. Una de las principales ventajas de la digitalizaci\u00f3n es que, una vez que los datos est\u00e1n en<br \/>formato digital, pueden transferirse f\u00e1cilmente a otros dispositivos u ordenadores, lo que los hace m\u00e1s accesibles, m\u00e1s f\u00e1ciles de<br \/>buscar, clasificar y analizar para generar productos y servicios orientados a satisfacer mejor las necesidades de los clientes, as\u00ed como<br \/>permitir predicciones precisas de fallos en los activos o de la demanda de los clientes. Hoy en d\u00eda, la inteligencia artificial ayuda a<br \/>las empresas a aprovechar y analizar con mayor facilidad cantidades masivas de datos. Lo que es sorprendente saber es que la<br \/>mayor\u00eda de los algoritmos populares que se utilizan hoy en d\u00eda son de libre acceso porque son los datos los que tienen valor<br \/>propietario, no el algoritmo utilizado. As\u00ed pues, si los datos se han convertido en uno de los recursos m\u00e1s valiosos, y es algo que<br \/>somos capaces de generar continuamente, se est\u00e1 convirtiendo r\u00e1pidamente en una cuesti\u00f3n de tiempo para que los directivos de<br \/>las PYME de la UE, los aut\u00f3nomos y los propietarios de peque\u00f1as empresas y microempresas revisen su estrategia de<br \/>digitalizaci\u00f3n.<br \/>S\u00f3lo alrededor del 20% de las empresas entrevistadas en las actividades del proyecto DigitUp navegan por una digitalizaci\u00f3n de<br \/>datos con \u00e9xito. De media, los encuestados afirman que sus organizaciones utilizan cinco de las 23 tecnolog\u00edas digitales m\u00e1s<br \/>relevantes por las que preguntamos. Aunque son conscientes de los beneficios de una presencia en l\u00ednea, incluidos los canales de<br \/>medios sociales, las campa\u00f1as de marketing y la estrategia de digitalizaci\u00f3n, el 60% de las empresas entrevistadas declararon que<br \/>no est\u00e1n aprovechando los beneficios derivados de una presencia activa y una campa\u00f1a de marketing sistem\u00e1tica. Informaron de<br \/>que las limitaciones presupuestarias y las competencias y el talento existentes no son adecuados para cumplir los requisitos de la<br \/>transformaci\u00f3n digital. Muchas personas tambi\u00e9n se sienten inquietas o ansiosas y toman la digitalizaci\u00f3n de datos como una<br \/>amenaza y temen la reducci\u00f3n de oportunidades laborales y la p\u00e9rdida de puestos de trabajo. En este sentido, la digitalizaci\u00f3n de<br \/>datos plantea muchos retos a las empresas que requieren una importante inversi\u00f3n de tiempo y recursos.<br \/>Por este motivo, el proyecto DigitUp cree que las pol\u00edticas p\u00fablicas desempe\u00f1an un papel crucial a la hora de fomentar la<br \/>transformaci\u00f3n digital de las peque\u00f1as y medianas empresas (PYME), proporcionando apoyo financiero directo e incentivos<br \/>fiscales. Estas pol\u00edticas resultan esenciales para reducir la brecha digital y ayudar a las PYME a adaptarse a la era digital. Al ofrecer<br \/>ayuda financiera e incentivos fiscales, los gobiernos pueden reducir la carga financiera de las PYME, haci\u00e9ndoles m\u00e1s factible invertir<br \/>en actualizaciones tecnol\u00f3gicas, formaci\u00f3n en competencias digitales y adopci\u00f3n de soluciones digitales innovadoras.<\/p><p>Esto no s\u00f3lo mejora la competitividad de las PYME, sino que tambi\u00e9n contribuye al crecimiento econ\u00f3mico y a la creaci\u00f3n de<br \/>empleo.<br \/>En segundo lugar, sobre la base de la informaci\u00f3n y las experiencias recogidas en siete pa\u00edses europeos que constituyen el trasfondo<br \/>conceptual del proyecto DigitUp y, en particular, el Consorzio di Ricerca Hypatia de Italia, la Agencia Europea de Desarrollo de la<br \/>Rep\u00fablica Checa, Geinnova de Espa\u00f1a, Prios de Noruega, Innovation Hive de Grecia, Synthesis de Chipre y Balkan Bridge de Bulgaria,<br \/>uno de los obst\u00e1culos importantes de la digitalizaci\u00f3n es tambi\u00e9n orientar y persuadir a las PYME para que adquieran y apliquen<br \/>nuevas competencias digitales, utilicen nuevas tecnolog\u00edas y aplicaciones digitales e innoven los procesos de producci\u00f3n. A<br \/>continuaci\u00f3n incluimos algunos pasos iniciales que las empresas pueden dar para embarcarse en su viaje hacia la digitalizaci\u00f3n:<br \/>\u25cf Identificar, enumerar y evaluar las \u00e1reas de la empresa en las que puede utilizarse la digitalizaci\u00f3n para mejorar la<br \/>eficiencia, reducir costes y mejorar la experiencia del cliente.<br \/>\u25cf Investigar las distintas tecnolog\u00edas digitales disponibles libremente en el mercado y evaluar cu\u00e1les se adaptan mejor a las<br \/>necesidades de la empresa.<br \/>\u25cf Limpiar, organizar y analizar los datos.<br \/>\u25cf Convertir los datos a un formato de f\u00e1cil acceso y difusi\u00f3n dentro de la organizaci\u00f3n. &#8211; Proteger los datos y elaborar<br \/>instrucciones operativas en caso de que se produzcan filtraciones o violaciones de la protecci\u00f3n de datos. &#8211; Formar a los<br \/>empleados sobre c\u00f3mo utilizar los datos y las distintas tecnolog\u00edas digitales adoptadas.<br \/>\u25cf Controlar la exactitud y coherencia de los datos.<br \/>\u25cf Actualizar los datos peri\u00f3dicamente.<br \/>En conclusi\u00f3n, el proyecto DigitUp se esfuerza por colmar las lagunas de conocimientos y recursos, proporcionando al mismo<br \/>tiempo las herramientas, los instrumentos y las oportunidades de creaci\u00f3n de redes necesarias para que las PYME, los educadores y<br \/>los propietarios de peque\u00f1as empresas adopten la transformaci\u00f3n digital. El proyecto ha desarrollado un amplio conjunto de<br \/>recursos, incluidos cursos de formaci\u00f3n accesibles, juegos serios, herramientas de evaluaci\u00f3n y actividades piloto, con el objetivo de<br \/>facilitar una formaci\u00f3n de alta calidad alineada con las necesidades de transformaci\u00f3n digital de las PYME.<\/p><p>Autor: Consorzio di Ricerca Hypatia, octubre de 2023<\/p>\t\t\t\t\t\t\t\t<\/div>\n\t\t\t\t<\/div>\n\t\t\t\t<div class=\"elementor-element elementor-element-64327ac elementor-widget elementor-widget-spacer\" data-id=\"64327ac\" data-element_type=\"widget\" data-e-type=\"widget\" data-widget_type=\"spacer.default\">\n\t\t\t\t<div class=\"elementor-widget-container\">\n\t\t\t\t\t\t\t<div class=\"elementor-spacer\">\n\t\t\t<div class=\"elementor-spacer-inner\"><\/div>\n\t\t<\/div>\n\t\t\t\t\t\t<\/div>\n\t\t\t\t<\/div>\n\t\t\t\t\t<\/div>\n\t\t<\/div>\n\t\t\t\t\t<\/div>\n\t\t<\/section>\n\t\t\t\t<section class=\"elementor-section elementor-top-section elementor-element elementor-element-128a779 elementor-section-boxed elementor-section-height-default elementor-section-height-default\" data-id=\"128a779\" data-element_type=\"section\" data-e-type=\"section\" data-settings=\"{&quot;_ha_eqh_enable&quot;:false}\">\n\t\t\t\t\t\t<div class=\"elementor-container elementor-column-gap-default\">\n\t\t\t\t\t<div class=\"elementor-column elementor-col-33 elementor-top-column elementor-element elementor-element-8ca8a04\" data-id=\"8ca8a04\" data-element_type=\"column\" data-e-type=\"column\">\n\t\t\t<div class=\"elementor-widget-wrap elementor-element-populated\">\n\t\t\t\t\t\t<div class=\"elementor-element elementor-element-7c5ed5c elementor-widget elementor-widget-spacer\" data-id=\"7c5ed5c\" data-element_type=\"widget\" data-e-type=\"widget\" data-widget_type=\"spacer.default\">\n\t\t\t\t<div class=\"elementor-widget-container\">\n\t\t\t\t\t\t\t<div class=\"elementor-spacer\">\n\t\t\t<div class=\"elementor-spacer-inner\"><\/div>\n\t\t<\/div>\n\t\t\t\t\t\t<\/div>\n\t\t\t\t<\/div>\n\t\t\t\t<div class=\"elementor-element elementor-element-8af0d2f elementor-widget elementor-widget-image\" data-id=\"8af0d2f\" data-element_type=\"widget\" data-e-type=\"widget\" data-widget_type=\"image.default\">\n\t\t\t\t<div class=\"elementor-widget-container\">\n\t\t\t\t\t\t\t\t\t\t\t\t\t\t\t<img decoding=\"async\" width=\"300\" height=\"63\" src=\"https:\/\/digit-up.eu\/wp-content\/uploads\/2023\/01\/EN-Co-funded-by-the-EU_PANTONE-1-300x63.jpg\" class=\"attachment-medium size-medium wp-image-132\" alt=\"\" srcset=\"https:\/\/digit-up.eu\/wp-content\/uploads\/2023\/01\/EN-Co-funded-by-the-EU_PANTONE-1-300x63.jpg 300w, https:\/\/digit-up.eu\/wp-content\/uploads\/2023\/01\/EN-Co-funded-by-the-EU_PANTONE-1-1024x215.jpg 1024w, https:\/\/digit-up.eu\/wp-content\/uploads\/2023\/01\/EN-Co-funded-by-the-EU_PANTONE-1-768x161.jpg 768w, https:\/\/digit-up.eu\/wp-content\/uploads\/2023\/01\/EN-Co-funded-by-the-EU_PANTONE-1-1536x322.jpg 1536w, https:\/\/digit-up.eu\/wp-content\/uploads\/2023\/01\/EN-Co-funded-by-the-EU_PANTONE-1-2048x430.jpg 2048w, https:\/\/digit-up.eu\/wp-content\/uploads\/2023\/01\/EN-Co-funded-by-the-EU_PANTONE-1-720x151.jpg 720w\" sizes=\"(max-width: 300px) 100vw, 300px\" \/>\t\t\t\t\t\t\t\t\t\t\t\t\t\t\t<\/div>\n\t\t\t\t<\/div>\n\t\t\t\t<div class=\"elementor-element elementor-element-90cb78f elementor-widget elementor-widget-text-editor\" data-id=\"90cb78f\" data-element_type=\"widget\" data-e-type=\"widget\" data-widget_type=\"text-editor.default\">\n\t\t\t\t<div class=\"elementor-widget-container\">\n\t\t\t\t\t\t\t\t\t<p>Financiado por la Uni\u00f3n Europea. Las opiniones y puntos de vista expresados solo comprometen a su(s) autor(es) y no reflejan necesariamente los de la Uni\u00f3n Europea o los de la Agencia Ejecutiva Europea de Educaci\u00f3n y Cultura (EACEA). Ni la Uni\u00f3n Europea ni la EACEA pueden ser considerados responsables de ellos. 2022-1-CZ01-KA220-VET- 000086461<\/p>\t\t\t\t\t\t\t\t<\/div>\n\t\t\t\t<\/div>\n\t\t\t\t\t<\/div>\n\t\t<\/div>\n\t\t\t\t<div class=\"elementor-column elementor-col-33 elementor-top-column elementor-element elementor-element-48542b1\" data-id=\"48542b1\" data-element_type=\"column\" data-e-type=\"column\">\n\t\t\t<div class=\"elementor-widget-wrap\">\n\t\t\t\t\t\t\t<\/div>\n\t\t<\/div>\n\t\t\t\t<div class=\"elementor-column elementor-col-33 elementor-top-column elementor-element elementor-element-16f76c2\" data-id=\"16f76c2\" data-element_type=\"column\" data-e-type=\"column\">\n\t\t\t<div class=\"elementor-widget-wrap elementor-element-populated\">\n\t\t\t\t\t\t<div class=\"elementor-element elementor-element-e989c16 elementor-widget elementor-widget-spacer\" data-id=\"e989c16\" data-element_type=\"widget\" data-e-type=\"widget\" data-widget_type=\"spacer.default\">\n\t\t\t\t<div class=\"elementor-widget-container\">\n\t\t\t\t\t\t\t<div class=\"elementor-spacer\">\n\t\t\t<div class=\"elementor-spacer-inner\"><\/div>\n\t\t<\/div>\n\t\t\t\t\t\t<\/div>\n\t\t\t\t<\/div>\n\t\t\t\t<div class=\"elementor-element elementor-element-f60e901 elementor-widget elementor-widget-image\" data-id=\"f60e901\" data-element_type=\"widget\" data-e-type=\"widget\" data-widget_type=\"image.default\">\n\t\t\t\t<div class=\"elementor-widget-container\">\n\t\t\t\t\t\t\t\t\t\t\t\t\t\t\t<img decoding=\"async\" width=\"150\" height=\"150\" src=\"https:\/\/digit-up.eu\/wp-content\/uploads\/2023\/01\/LOGO-NO-BG-150x150.png\" class=\"attachment-thumbnail size-thumbnail wp-image-133\" alt=\"\" srcset=\"https:\/\/digit-up.eu\/wp-content\/uploads\/2023\/01\/LOGO-NO-BG-150x150.png 150w, https:\/\/digit-up.eu\/wp-content\/uploads\/2023\/01\/LOGO-NO-BG-300x300.png 300w, https:\/\/digit-up.eu\/wp-content\/uploads\/2023\/01\/LOGO-NO-BG-1024x1024.png 1024w, https:\/\/digit-up.eu\/wp-content\/uploads\/2023\/01\/LOGO-NO-BG-768x768.png 768w, https:\/\/digit-up.eu\/wp-content\/uploads\/2023\/01\/LOGO-NO-BG-720x720.png 720w, https:\/\/digit-up.eu\/wp-content\/uploads\/2023\/01\/LOGO-NO-BG-360x360.png 360w, https:\/\/digit-up.eu\/wp-content\/uploads\/2023\/01\/LOGO-NO-BG.png 1280w\" sizes=\"(max-width: 150px) 100vw, 150px\" \/>\t\t\t\t\t\t\t\t\t\t\t\t\t\t\t<\/div>\n\t\t\t\t<\/div>\n\t\t\t\t<div class=\"elementor-element elementor-element-e12887f elementor-shape-circle e-grid-align-right elementor-grid-0 elementor-widget elementor-widget-social-icons\" data-id=\"e12887f\" data-element_type=\"widget\" data-e-type=\"widget\" data-widget_type=\"social-icons.default\">\n\t\t\t\t<div class=\"elementor-widget-container\">\n\t\t\t\t\t\t\t<div class=\"elementor-social-icons-wrapper elementor-grid\" role=\"list\">\n\t\t\t\t\t\t\t<span class=\"elementor-grid-item\" role=\"listitem\">\n\t\t\t\t\t<a class=\"elementor-icon elementor-social-icon elementor-social-icon-facebook elementor-repeater-item-cd8515c\" href=\"https:\/\/www.facebook.com\/digitupproject\/\" target=\"_blank\">\n\t\t\t\t\t\t<span class=\"elementor-screen-only\">Facebook<\/span>\n\t\t\t\t\t\t<i aria-hidden=\"true\" class=\"fab fa-facebook\"><\/i>\t\t\t\t\t<\/a>\n\t\t\t\t<\/span>\n\t\t\t\t\t\t\t<span class=\"elementor-grid-item\" role=\"listitem\">\n\t\t\t\t\t<a class=\"elementor-icon elementor-social-icon elementor-social-icon-instagram elementor-repeater-item-f68a4e0\" href=\"https:\/\/www.instagram.com\/digitup_project\/\" target=\"_blank\">\n\t\t\t\t\t\t<span class=\"elementor-screen-only\">Instagram<\/span>\n\t\t\t\t\t\t<i aria-hidden=\"true\" class=\"fab fa-instagram\"><\/i>\t\t\t\t\t<\/a>\n\t\t\t\t<\/span>\n\t\t\t\t\t\t\t<span class=\"elementor-grid-item\" role=\"listitem\">\n\t\t\t\t\t<a class=\"elementor-icon elementor-social-icon elementor-social-icon-linkedin elementor-repeater-item-01b31e7\" href=\"https:\/\/www.linkedin.com\/company\/digit-up\/\" target=\"_blank\">\n\t\t\t\t\t\t<span class=\"elementor-screen-only\">Linkedin<\/span>\n\t\t\t\t\t\t<i aria-hidden=\"true\" class=\"fab fa-linkedin\"><\/i>\t\t\t\t\t<\/a>\n\t\t\t\t<\/span>\n\t\t\t\t\t<\/div>\n\t\t\t\t\t\t<\/div>\n\t\t\t\t<\/div>\n\t\t\t\t\t<\/div>\n\t\t<\/div>\n\t\t\t\t\t<\/div>\n\t\t<\/section>\n\t\t\t\t<section class=\"elementor-section elementor-top-section elementor-element elementor-element-a553e09 elementor-section-boxed elementor-section-height-default elementor-section-height-default\" data-id=\"a553e09\" data-element_type=\"section\" data-e-type=\"section\" data-settings=\"{&quot;_ha_eqh_enable&quot;:false}\">\n\t\t\t\t\t\t<div class=\"elementor-container elementor-column-gap-default\">\n\t\t\t\t\t<div class=\"elementor-column elementor-col-100 elementor-top-column elementor-element elementor-element-bc71f7c\" data-id=\"bc71f7c\" data-element_type=\"column\" data-e-type=\"column\">\n\t\t\t<div class=\"elementor-widget-wrap elementor-element-populated\">\n\t\t\t\t\t\t<div class=\"elementor-element elementor-element-461c48b elementor-widget-divider--view-line elementor-widget elementor-widget-divider\" data-id=\"461c48b\" data-element_type=\"widget\" data-e-type=\"widget\" data-widget_type=\"divider.default\">\n\t\t\t\t<div class=\"elementor-widget-container\">\n\t\t\t\t\t\t\t<div class=\"elementor-divider\">\n\t\t\t<span class=\"elementor-divider-separator\">\n\t\t\t\t\t\t<\/span>\n\t\t<\/div>\n\t\t\t\t\t\t<\/div>\n\t\t\t\t<\/div>\n\t\t\t\t\t<\/div>\n\t\t<\/div>\n\t\t\t\t\t<\/div>\n\t\t<\/section>\n\t\t\t\t<section class=\"elementor-section elementor-top-section elementor-element elementor-element-9bed213 elementor-section-boxed elementor-section-height-default elementor-section-height-default\" data-id=\"9bed213\" data-element_type=\"section\" data-e-type=\"section\" data-settings=\"{&quot;_ha_eqh_enable&quot;:false}\">\n\t\t\t\t\t\t<div class=\"elementor-container elementor-column-gap-default\">\n\t\t\t\t\t<div class=\"elementor-column elementor-col-33 elementor-top-column elementor-element elementor-element-5d3dd90\" data-id=\"5d3dd90\" data-element_type=\"column\" data-e-type=\"column\">\n\t\t\t<div class=\"elementor-widget-wrap elementor-element-populated\">\n\t\t\t\t\t\t<div class=\"elementor-element elementor-element-63704d4 elementor-widget elementor-widget-text-editor\" data-id=\"63704d4\" data-element_type=\"widget\" data-e-type=\"widget\" data-widget_type=\"text-editor.default\">\n\t\t\t\t<div class=\"elementor-widget-container\">\n\t\t\t\t\t\t\t\t\t<p>Copyright \u00a9 2023 Digital Upgrade Skilling. All Rights Reserved<\/p>\t\t\t\t\t\t\t\t<\/div>\n\t\t\t\t<\/div>\n\t\t\t\t\t<\/div>\n\t\t<\/div>\n\t\t\t\t<div class=\"elementor-column elementor-col-33 elementor-top-column elementor-element elementor-element-01c2047\" data-id=\"01c2047\" data-element_type=\"column\" data-e-type=\"column\">\n\t\t\t<div class=\"elementor-widget-wrap elementor-element-populated\">\n\t\t\t\t\t\t<div class=\"elementor-element elementor-element-34543aa elementor-widget elementor-widget-text-editor\" data-id=\"34543aa\" data-element_type=\"widget\" data-e-type=\"widget\" data-widget_type=\"text-editor.default\">\n\t\t\t\t<div class=\"elementor-widget-container\">\n\t\t\t\t\t\t\t\t\t<a style=\"color: black;\" href=\"https:\/\/digit-up.eu\/index.php\/terms-of-use\/\" target=\"_blank\" rel=\"noopener\">Terms of Use<\/a>\t\t\t\t\t\t\t\t<\/div>\n\t\t\t\t<\/div>\n\t\t\t\t\t<\/div>\n\t\t<\/div>\n\t\t\t\t<div class=\"elementor-column elementor-col-33 elementor-top-column elementor-element elementor-element-eb026bb\" data-id=\"eb026bb\" data-element_type=\"column\" data-e-type=\"column\">\n\t\t\t<div class=\"elementor-widget-wrap elementor-element-populated\">\n\t\t\t\t\t\t<div class=\"elementor-element elementor-element-b7f01ed elementor-widget elementor-widget-text-editor\" data-id=\"b7f01ed\" data-element_type=\"widget\" data-e-type=\"widget\" data-widget_type=\"text-editor.default\">\n\t\t\t\t<div class=\"elementor-widget-container\">\n\t\t\t\t\t\t\t\t\t<span style=\"color: #797979; text-align: left;\">Powered by\u00a0<\/span><a style=\"color: #797979; text-align: right;\" href=\"https:\/\/innovationhive.eu\/\" target=\"_blank\" rel=\"noopener\">Innovation Hive<\/a>\t\t\t\t\t\t\t\t<\/div>\n\t\t\t\t<\/div>\n\t\t\t\t\t<\/div>\n\t\t<\/div>\n\t\t\t\t\t<\/div>\n\t\t<\/section>\n\t\t\t\t<\/div>\n\t\t","protected":false},"excerpt":{"rendered":"<p>La anatom\u00eda de la Transformaci\u00f3n Digital: dar prioridad a los datos, no a los &#8220;algoritmos\u201d Tanto los educadores de EFP [&hellip;]<\/p>\n","protected":false},"author":1,"featured_media":0,"parent":0,"menu_order":0,"comment_status":"closed","ping_status":"closed","template":"page-templates\/template_page-builder.php","meta":{"_eb_attr":"","_monsterinsights_skip_tracking":false,"_monsterinsights_sitenote_active":false,"_monsterinsights_sitenote_note":"","_monsterinsights_sitenote_category":0,"footnotes":""},"class_list":["post-1584","page","type-page","status-publish","hentry"],"aioseo_notices":[],"_links":{"self":[{"href":"https:\/\/digit-up.eu\/index.php\/wp-json\/wp\/v2\/pages\/1584","targetHints":{"allow":["GET"]}}],"collection":[{"href":"https:\/\/digit-up.eu\/index.php\/wp-json\/wp\/v2\/pages"}],"about":[{"href":"https:\/\/digit-up.eu\/index.php\/wp-json\/wp\/v2\/types\/page"}],"author":[{"embeddable":true,"href":"https:\/\/digit-up.eu\/index.php\/wp-json\/wp\/v2\/users\/1"}],"replies":[{"embeddable":true,"href":"https:\/\/digit-up.eu\/index.php\/wp-json\/wp\/v2\/comments?post=1584"}],"version-history":[{"count":7,"href":"https:\/\/digit-up.eu\/index.php\/wp-json\/wp\/v2\/pages\/1584\/revisions"}],"predecessor-version":[{"id":1877,"href":"https:\/\/digit-up.eu\/index.php\/wp-json\/wp\/v2\/pages\/1584\/revisions\/1877"}],"wp:attachment":[{"href":"https:\/\/digit-up.eu\/index.php\/wp-json\/wp\/v2\/media?parent=1584"}],"curies":[{"name":"wp","href":"https:\/\/api.w.org\/{rel}","templated":true}]}}