{"id":1639,"date":"2024-01-09T08:23:04","date_gmt":"2024-01-09T08:23:04","guid":{"rendered":"https:\/\/digit-up.eu\/?page_id=1639"},"modified":"2024-01-18T12:29:11","modified_gmt":"2024-01-18T12:29:11","slug":"digitalni-upgrade-dovednosti-malych-a-strednich-podniku","status":"publish","type":"page","link":"https:\/\/digit-up.eu\/index.php\/cs\/digitalni-upgrade-dovednosti-malych-a-strednich-podniku\/","title":{"rendered":"DIGIT\u00c1LN\u00cd UPGRADE DOVEDNOST\u00cd MAL\u00ddCH A ST\u0158EDN\u00cdCH PODNIK\u016e"},"content":{"rendered":"\t\t<div data-elementor-type=\"wp-page\" data-elementor-id=\"1639\" class=\"elementor elementor-1639\" data-elementor-settings=\"{&quot;ha_cmc_init_switcher&quot;:&quot;no&quot;}\">\n\t\t\t\t\t\t<section class=\"elementor-section elementor-top-section elementor-element elementor-element-efafa3e elementor-section-boxed elementor-section-height-default elementor-section-height-default\" data-id=\"efafa3e\" data-element_type=\"section\" data-e-type=\"section\" data-settings=\"{&quot;background_background&quot;:&quot;classic&quot;,&quot;shape_divider_bottom&quot;:&quot;curve&quot;,&quot;shape_divider_bottom_negative&quot;:&quot;yes&quot;,&quot;_ha_eqh_enable&quot;:false}\">\n\t\t\t\t\t\t\t<div class=\"elementor-background-overlay\"><\/div>\n\t\t\t\t\t\t<div class=\"elementor-shape elementor-shape-bottom\" aria-hidden=\"true\" data-negative=\"true\">\n\t\t\t<svg xmlns=\"http:\/\/www.w3.org\/2000\/svg\" viewBox=\"0 0 1000 100\" preserveAspectRatio=\"none\">\n\t<path class=\"elementor-shape-fill\" d=\"M500,97C126.7,96.3,0.8,19.8,0,0v100l1000,0V1C1000,19.4,873.3,97.8,500,97z\"\/>\n<\/svg>\t\t<\/div>\n\t\t\t\t\t<div class=\"elementor-container elementor-column-gap-default\">\n\t\t\t\t\t<div class=\"elementor-column elementor-col-100 elementor-top-column elementor-element elementor-element-907a3f5\" data-id=\"907a3f5\" data-element_type=\"column\" data-e-type=\"column\">\n\t\t\t<div class=\"elementor-widget-wrap elementor-element-populated\">\n\t\t\t\t\t\t<div class=\"elementor-element elementor-element-817e982 elementor-widget elementor-widget-spacer\" data-id=\"817e982\" data-element_type=\"widget\" data-e-type=\"widget\" data-widget_type=\"spacer.default\">\n\t\t\t\t<div class=\"elementor-widget-container\">\n\t\t\t\t\t\t\t<div class=\"elementor-spacer\">\n\t\t\t<div class=\"elementor-spacer-inner\"><\/div>\n\t\t<\/div>\n\t\t\t\t\t\t<\/div>\n\t\t\t\t<\/div>\n\t\t\t\t<div class=\"elementor-element elementor-element-dbba3da elementor-widget elementor-widget-heading\" data-id=\"dbba3da\" data-element_type=\"widget\" data-e-type=\"widget\" data-widget_type=\"heading.default\">\n\t\t\t\t<div class=\"elementor-widget-container\">\n\t\t\t\t\t<h2 class=\"elementor-heading-title elementor-size-default\">DIGIT\u00c1LN\u00cd UPGRADE DOVEDNOST\u00cd MAL\u00ddCH A ST\u0158EDN\u00cdCH PODNIK\u016e<\/h2>\t\t\t\t<\/div>\n\t\t\t\t<\/div>\n\t\t\t\t<div class=\"elementor-element elementor-element-a3be0f3 elementor-widget-divider--view-line elementor-widget elementor-widget-divider\" data-id=\"a3be0f3\" data-element_type=\"widget\" data-e-type=\"widget\" data-widget_type=\"divider.default\">\n\t\t\t\t<div class=\"elementor-widget-container\">\n\t\t\t\t\t\t\t<div class=\"elementor-divider\">\n\t\t\t<span class=\"elementor-divider-separator\">\n\t\t\t\t\t\t<\/span>\n\t\t<\/div>\n\t\t\t\t\t\t<\/div>\n\t\t\t\t<\/div>\n\t\t\t\t<div class=\"elementor-element elementor-element-fed009c elementor-widget elementor-widget-spacer\" data-id=\"fed009c\" data-element_type=\"widget\" data-e-type=\"widget\" data-widget_type=\"spacer.default\">\n\t\t\t\t<div class=\"elementor-widget-container\">\n\t\t\t\t\t\t\t<div class=\"elementor-spacer\">\n\t\t\t<div class=\"elementor-spacer-inner\"><\/div>\n\t\t<\/div>\n\t\t\t\t\t\t<\/div>\n\t\t\t\t<\/div>\n\t\t\t\t\t<\/div>\n\t\t<\/div>\n\t\t\t\t\t<\/div>\n\t\t<\/section>\n\t\t\t\t<section class=\"elementor-section elementor-top-section elementor-element elementor-element-21433cc elementor-section-boxed elementor-section-height-default elementor-section-height-default\" data-id=\"21433cc\" data-element_type=\"section\" data-e-type=\"section\" data-settings=\"{&quot;_ha_eqh_enable&quot;:false}\">\n\t\t\t\t\t\t<div class=\"elementor-container elementor-column-gap-default\">\n\t\t\t\t\t<div class=\"elementor-column elementor-col-100 elementor-top-column elementor-element elementor-element-d22148a\" data-id=\"d22148a\" data-element_type=\"column\" data-e-type=\"column\">\n\t\t\t<div class=\"elementor-widget-wrap elementor-element-populated\">\n\t\t\t\t\t\t<div class=\"elementor-element elementor-element-77f13f0 elementor-widget elementor-widget-spacer\" data-id=\"77f13f0\" data-element_type=\"widget\" data-e-type=\"widget\" data-widget_type=\"spacer.default\">\n\t\t\t\t<div class=\"elementor-widget-container\">\n\t\t\t\t\t\t\t<div class=\"elementor-spacer\">\n\t\t\t<div class=\"elementor-spacer-inner\"><\/div>\n\t\t<\/div>\n\t\t\t\t\t\t<\/div>\n\t\t\t\t<\/div>\n\t\t\t\t<div class=\"elementor-element elementor-element-b22556a elementor-widget elementor-widget-text-editor\" data-id=\"b22556a\" data-element_type=\"widget\" data-e-type=\"widget\" data-widget_type=\"text-editor.default\">\n\t\t\t\t<div class=\"elementor-widget-container\">\n\t\t\t\t\t\t\t\t\t<p><span style=\"font-weight: 400;\">1.25.2023<\/span><\/p><p><span style=\"font-weight: 400;\">V posledn\u00ed dob\u011b se vedle ji\u017e zaveden\u00fdch podm\u00ednek objevila nov\u00e1 glob\u00e1ln\u00ed realita, a to pandemie koronaviru (COVID-19), kter\u00e1 p\u0159in\u00e1\u0161\u00ed dlouhodob\u00e9 zm\u011bny v prost\u0159ed\u00ed zam\u011bstnanosti. Pot\u0159eba okam\u017eit\u00e9 digitalizace se stala z\u00e1sadn\u00ed nutnost\u00ed t\u00e9m\u011b\u0159 ve v\u0161ech podnic\u00edch, v\u011bt\u0161\u00edch i men\u0161\u00edch, jeliko\u017e se pot\u00fdkaj\u00ed se zna\u010dn\u00fdmi obt\u00ed\u017eemi p\u0159i rozvoji online p\u0159\u00edtomnosti. Nedostate\u010dn\u00e9 pov\u011bdom\u00ed o v\u00fdhod\u00e1ch a\u00a0mo\u017enostech digit\u00e1ln\u00edch zdroj\u016f z\u00e1rove\u0148 vedlo spole\u010denstv\u00ed EU a jej\u00ed partnery k tomu, \u017ee p\u0159istoupili k vytvo\u0159en\u00ed projektu DIGITUP, kter\u00fd polo\u017eil z\u00e1klady digit\u00e1ln\u00ed revoluce a stanovil pr\u00e1ci na d\u00e1lku jako velmi obl\u00edbenou alternativu k tradi\u010dn\u00edm mo\u017enostem zam\u011bstn\u00e1n\u00ed.<\/span><\/p><p><span style=\"font-weight: 400;\">DIGITUP se t\u00fdk\u00e1 digitalizace mal\u00fdch a st\u0159edn\u00edch evropsk\u00fdch podnik\u016f (MSP) a v\u00fdzev, kter\u00fdm v dne\u0161n\u00ed dob\u011b \u010del\u00ed. V\u011bt\u0161ina mal\u00fdch a st\u0159edn\u00edch podnik\u016f uv\u00e1d\u00ed, \u017ee jim chyb\u00ed z\u00e1kladn\u00ed digit\u00e1ln\u00ed dovednosti, co\u017e vede k pozitivn\u00ed vazb\u011b mezi \u00farovn\u00ed digit\u00e1ln\u00edch dovednost\u00ed a r\u016fstem obratu. Digit\u00e1ln\u00ed transformace je pro mal\u00e9 a st\u0159edn\u00ed podniky z\u00e1sadn\u00ed, proto\u017ee m\u016f\u017ee v\u00e9st k jedine\u010dn\u00fdm p\u0159\u00edle\u017eitostem. Aby v\u0161ak mohli vyu\u017e\u00edt je\u0161t\u011b \u0161ir\u0161\u00edho spektra p\u0159\u00edle\u017eitost\u00ed, kter\u00e9 p\u0159in\u00e1\u0161\u00ed neust\u00e1l\u00e9 zdokonalov\u00e1n\u00ed digit\u00e1ln\u00edch technologi\u00ed, platforem, aplikac\u00ed a za\u0159\u00edzen\u00ed, mus\u00ed MSP investovat do sebe a rozv\u00edjet sv\u00e9 digit\u00e1ln\u00ed dovednosti, aby p\u0159ekonaly sou\u010dasn\u00e9 nedostatky a nesoulad v oblasti digit\u00e1ln\u00edch dovednost\u00ed. Projekt se zam\u011b\u0159uje tak\u00e9 na pot\u0159eby p\u0159\u00edm\u00e9 c\u00edlov\u00e9 skupiny, kter\u00e1 zahrnuje mana\u017eery MSP, osoby samostatn\u011b v\u00fdd\u011ble\u010dn\u011b \u010dinn\u00e9 a\u00a0majitele mal\u00fdch podnik\u016f a mikropodnik\u016f. Usiluje o rozv\u00edjen\u00ed spr\u00e1vn\u00e9ho my\u0161len\u00ed a spole\u010dn\u00e9ho ch\u00e1p\u00e1n\u00ed technologi\u00ed BIC a r\u00e1mce Pr\u016fmyslu 4.0. Projekt klade zvl\u00e1\u0161tn\u00ed d\u016fraz na vytvo\u0159en\u00ed podm\u00ednek, kter\u00e9 jim umo\u017en\u00ed navrhnout digit\u00e1ln\u00ed strategii, st\u00e1t se budouc\u00edmi mana\u017eery, kte\u0159\u00ed jsou zb\u011bhl\u00ed v\u00a0technologi\u00edch, a dokonce vytv\u00e1\u0159et nov\u00e9 digit\u00e1ln\u00ed schopnosti.<\/span><\/p><p><span style=\"font-weight: 400;\">INNOVATION HIVE hraje v tomto projektu v\u00fdznamnou roli, nebo\u0165 si klade za prioritu v\u00fdvoj inovativn\u00edho, p\u0159\u00edstupn\u00e9ho vzd\u011bl\u00e1vac\u00edho kurzu, jako\u017e i dal\u0161\u00edch hodnot\u00edc\u00edch n\u00e1stroj\u016f a pilotn\u00edch aktivit, kter\u00e9 prakticky pomohou u\u010ditel\u016fm a pedagog\u016fm odborn\u00e9ho vzd\u011bl\u00e1v\u00e1n\u00ed a p\u0159\u00edpravy p\u0159i vzd\u011bl\u00e1v\u00e1n\u00ed mana\u017eer\u016f a samostatn\u00fdch podnikatel\u016f mal\u00fdch a st\u0159edn\u00edch podnik\u016f, aby se stali budouc\u00edmi mana\u017eery &#8211; dr\u017eiteli \u0161pi\u010dkov\u00fdch digit\u00e1ln\u00edch dovednost\u00ed, kte\u0159\u00ed budou schopni dos\u00e1hnout digit\u00e1ln\u00ed transformace sv\u00e9 pr\u00e1ce a podnik\u016f na z\u00e1klad\u011b r\u00e1mce Pr\u016fmyslu 4.0. Projekt DIGITUP se sna\u017e\u00ed vytvo\u0159it, zav\u00e9st do praxe, posunout vp\u0159ed a m\u00edt dopad na n\u011bkter\u00e9 z n\u00e1sleduj\u00edc\u00edch oblast\u00ed v souladu s prioritami \u0159e\u0161en\u00ed digit\u00e1ln\u00ed transformace, p\u0159izp\u016fsoben\u00ed odborn\u00e9ho vzd\u011bl\u00e1v\u00e1n\u00ed a p\u0159\u00edpravy pot\u0159eb\u00e1m trhu pr\u00e1ce a p\u0159isp\u011bn\u00ed k\u00a0inova\u010dn\u00edm iniciativ\u00e1m v oblasti odborn\u00e9ho vzd\u011bl\u00e1v\u00e1n\u00ed a p\u0159\u00edpravy:<\/span><\/p><ol><li><span style=\"font-weight: 400;\"> Identifikovat typy digit\u00e1ln\u00edch dovednost\u00ed, kter\u00e9 jsou vysoce \u017e\u00e1dan\u00e9 mal\u00fdmi a st\u0159edn\u00edmi podniky a\u00a0samostatn\u00fdmi podniky.<\/span><\/li><li><span style=\"font-weight: 400;\"> Poskytnout meziodv\u011btvov\u00e9 vstupy sm\u011brem k budouc\u00edm digit\u00e1ln\u00edm dovednostem a hlavn\u00edm odv\u011btv\u00edm, kter\u00fdch se to t\u00fdk\u00e1 v r\u00e1mci mal\u00fdch a st\u0159edn\u00edch podnik\u016f.<\/span><\/li><li><span style=\"font-weight: 400;\"> Zachytit, komunikovat a poskytnout mana\u017eer\u016fm MSP a samostatn\u00fdm podnik\u016fm sezn\u00e1men\u00ed s\u00a0pr\u016flomov\u00fdmi nov\u00fdmi technologiemi.\u00a0<\/span><\/li><li><span style=\"font-weight: 400;\"> Poskytovat bezplatn\u00fd p\u0159\u00edstup ke kvalitn\u00edm a aktu\u00e1ln\u00edm informac\u00edm, materi\u00e1l\u016fm, \u0161kolen\u00edm a podpo\u0159e.<\/span><\/li><li><span style=\"font-weight: 400;\"> Vyvinout snadno pou\u017eiteln\u00e9 n\u00e1stroje pro hodnocen\u00ed a m\u011b\u0159en\u00ed digit\u00e1ln\u00edch dovednost\u00ed.\u00a0<\/span><\/li><li><span style=\"font-weight: 400;\"> Poskytovat inovativn\u00ed, dob\u0159e veden\u00e9 a strukturovan\u00e9 \u0161kolic\u00ed materi\u00e1ly relevantn\u00ed pro digitalizaci mal\u00fdch a st\u0159edn\u00edch podnik\u016f.\u00a0<\/span><\/li><li><span style=\"font-weight: 400;\"> Zd\u016fraznit v\u00fdznam digitalizace pro intern\u00ed obchodn\u00ed procesy mal\u00fdch a st\u0159edn\u00edch podnik\u016f a samostatn\u00fdch podnikatel\u016f, obchodn\u00ed a finan\u010dn\u00ed \u0159\u00edzen\u00ed, marketing a spr\u00e1vu dokument\u016f.<\/span><\/li><\/ol><p><span style=\"font-weight: 400;\">Z\u00e1v\u011brem se tato iniciativa pokus\u00ed zajistit, aby inovativn\u00ed postupy v\u00fduky a u\u010den\u00ed \u00fa\u010dastn\u00edk\u016f byly dostupn\u00e9 a vyu\u017e\u00edvan\u00e9. To umo\u017en\u00ed evropsk\u00fdm mal\u00fdm a st\u0159edn\u00edm podnik\u016fm \u010dast\u011bji zav\u00e1d\u011bt p\u0159evratn\u00e9 technologick\u00e9 postupy t\u00edm, \u017ee podpo\u0159\u00ed opat\u0159en\u00ed, kter\u00e1 pos\u00edl\u00ed ekosyst\u00e9my, struktur\u00e1ln\u011b zlep\u0161\u00ed nab\u00eddku pot\u0159ebn\u00fdch dovednost\u00ed a podpo\u0159\u00ed organiza\u010dn\u00ed rozvoj a vysokou v\u00fdkonnost. S c\u00edlem podpo\u0159it odborn\u00e9 vzd\u011bl\u00e1v\u00e1n\u00ed a p\u0159\u00edpravu, projekt DIGITUP zlep\u0161\u00ed schopnost pedagog\u016f odborn\u00e9ho vzd\u011bl\u00e1v\u00e1n\u00ed a p\u0159\u00edpravy uplat\u0148ovat technologick\u00e9, digit\u00e1ln\u00ed a dal\u0161\u00ed dovednosti. To zahrnuje \u0159e\u0161en\u00ed jejich pot\u0159eby osvojit si nov\u00e9 znalosti t\u00fdkaj\u00edc\u00ed se digit\u00e1ln\u00ed transformace a vyu\u017e\u00edv\u00e1n\u00ed inovativn\u00edch pedagogick\u00fdch a vzd\u011bl\u00e1vac\u00edch metod.<\/span><\/p>\t\t\t\t\t\t\t\t<\/div>\n\t\t\t\t<\/div>\n\t\t\t\t<div class=\"elementor-element elementor-element-b2e4299 elementor-widget elementor-widget-spacer\" data-id=\"b2e4299\" data-element_type=\"widget\" data-e-type=\"widget\" data-widget_type=\"spacer.default\">\n\t\t\t\t<div class=\"elementor-widget-container\">\n\t\t\t\t\t\t\t<div class=\"elementor-spacer\">\n\t\t\t<div class=\"elementor-spacer-inner\"><\/div>\n\t\t<\/div>\n\t\t\t\t\t\t<\/div>\n\t\t\t\t<\/div>\n\t\t\t\t\t<\/div>\n\t\t<\/div>\n\t\t\t\t\t<\/div>\n\t\t<\/section>\n\t\t\t\t<section class=\"elementor-section elementor-top-section elementor-element elementor-element-258bb03 elementor-section-boxed elementor-section-height-default elementor-section-height-default\" data-id=\"258bb03\" data-element_type=\"section\" data-e-type=\"section\" data-settings=\"{&quot;_ha_eqh_enable&quot;:false}\">\n\t\t\t\t\t\t<div class=\"elementor-container elementor-column-gap-default\">\n\t\t\t\t\t<div class=\"elementor-column elementor-col-33 elementor-top-column elementor-element elementor-element-8bcbffe\" data-id=\"8bcbffe\" data-element_type=\"column\" data-e-type=\"column\">\n\t\t\t<div class=\"elementor-widget-wrap elementor-element-populated\">\n\t\t\t\t\t\t<div class=\"elementor-element elementor-element-105776a elementor-widget elementor-widget-spacer\" data-id=\"105776a\" data-element_type=\"widget\" data-e-type=\"widget\" data-widget_type=\"spacer.default\">\n\t\t\t\t<div class=\"elementor-widget-container\">\n\t\t\t\t\t\t\t<div class=\"elementor-spacer\">\n\t\t\t<div class=\"elementor-spacer-inner\"><\/div>\n\t\t<\/div>\n\t\t\t\t\t\t<\/div>\n\t\t\t\t<\/div>\n\t\t\t\t<div class=\"elementor-element elementor-element-453277b elementor-widget elementor-widget-image\" data-id=\"453277b\" data-element_type=\"widget\" data-e-type=\"widget\" data-widget_type=\"image.default\">\n\t\t\t\t<div class=\"elementor-widget-container\">\n\t\t\t\t\t\t\t\t\t\t\t\t\t\t\t<img decoding=\"async\" width=\"300\" height=\"63\" src=\"https:\/\/digit-up.eu\/wp-content\/uploads\/2023\/01\/EN-Co-funded-by-the-EU_PANTONE-1-300x63.jpg\" class=\"attachment-medium size-medium wp-image-132\" alt=\"\" srcset=\"https:\/\/digit-up.eu\/wp-content\/uploads\/2023\/01\/EN-Co-funded-by-the-EU_PANTONE-1-300x63.jpg 300w, https:\/\/digit-up.eu\/wp-content\/uploads\/2023\/01\/EN-Co-funded-by-the-EU_PANTONE-1-1024x215.jpg 1024w, https:\/\/digit-up.eu\/wp-content\/uploads\/2023\/01\/EN-Co-funded-by-the-EU_PANTONE-1-768x161.jpg 768w, https:\/\/digit-up.eu\/wp-content\/uploads\/2023\/01\/EN-Co-funded-by-the-EU_PANTONE-1-1536x322.jpg 1536w, https:\/\/digit-up.eu\/wp-content\/uploads\/2023\/01\/EN-Co-funded-by-the-EU_PANTONE-1-2048x430.jpg 2048w, https:\/\/digit-up.eu\/wp-content\/uploads\/2023\/01\/EN-Co-funded-by-the-EU_PANTONE-1-720x151.jpg 720w\" sizes=\"(max-width: 300px) 100vw, 300px\" \/>\t\t\t\t\t\t\t\t\t\t\t\t\t\t\t<\/div>\n\t\t\t\t<\/div>\n\t\t\t\t<div class=\"elementor-element elementor-element-25197f4 elementor-widget elementor-widget-text-editor\" data-id=\"25197f4\" data-element_type=\"widget\" data-e-type=\"widget\" data-widget_type=\"text-editor.default\">\n\t\t\t\t<div class=\"elementor-widget-container\">\n\t\t\t\t\t\t\t\t\t<p>Financov\u00e1no Evropskou uni\u00ed. Vyj\u00e1d\u0159en\u00e9 n\u00e1zory a stanoviska jsou v\u0161ak pouze n\u00e1zory a stanoviska autora (autor\u016f) a nemus\u00ed nutn\u011b odr\u00e1\u017eet n\u00e1zory a stanoviska Evropsk\u00e9 unie nebo Evropsk\u00e9 v\u00fdkonn\u00e9 agentury pro vzd\u011bl\u00e1v\u00e1n\u00ed a kulturu (EACEA). Evropsk\u00e1 unie ani agentura EACEA za n\u011b nenesou odpov\u011bdnost. 2022-1-CZ01-KA220-VET- 000086461<\/p>\t\t\t\t\t\t\t\t<\/div>\n\t\t\t\t<\/div>\n\t\t\t\t\t<\/div>\n\t\t<\/div>\n\t\t\t\t<div class=\"elementor-column elementor-col-33 elementor-top-column elementor-element elementor-element-b7e325b\" data-id=\"b7e325b\" data-element_type=\"column\" data-e-type=\"column\">\n\t\t\t<div class=\"elementor-widget-wrap\">\n\t\t\t\t\t\t\t<\/div>\n\t\t<\/div>\n\t\t\t\t<div class=\"elementor-column elementor-col-33 elementor-top-column elementor-element elementor-element-ff5097e\" data-id=\"ff5097e\" data-element_type=\"column\" data-e-type=\"column\">\n\t\t\t<div class=\"elementor-widget-wrap elementor-element-populated\">\n\t\t\t\t\t\t<div class=\"elementor-element elementor-element-8457ed4 elementor-widget elementor-widget-spacer\" data-id=\"8457ed4\" data-element_type=\"widget\" data-e-type=\"widget\" data-widget_type=\"spacer.default\">\n\t\t\t\t<div class=\"elementor-widget-container\">\n\t\t\t\t\t\t\t<div class=\"elementor-spacer\">\n\t\t\t<div class=\"elementor-spacer-inner\"><\/div>\n\t\t<\/div>\n\t\t\t\t\t\t<\/div>\n\t\t\t\t<\/div>\n\t\t\t\t<div class=\"elementor-element elementor-element-9b9869c elementor-widget elementor-widget-image\" data-id=\"9b9869c\" data-element_type=\"widget\" data-e-type=\"widget\" data-widget_type=\"image.default\">\n\t\t\t\t<div class=\"elementor-widget-container\">\n\t\t\t\t\t\t\t\t\t\t\t\t\t\t\t<img decoding=\"async\" width=\"150\" height=\"150\" src=\"https:\/\/digit-up.eu\/wp-content\/uploads\/2023\/01\/LOGO-NO-BG-150x150.png\" class=\"attachment-thumbnail size-thumbnail wp-image-133\" alt=\"\" srcset=\"https:\/\/digit-up.eu\/wp-content\/uploads\/2023\/01\/LOGO-NO-BG-150x150.png 150w, https:\/\/digit-up.eu\/wp-content\/uploads\/2023\/01\/LOGO-NO-BG-300x300.png 300w, https:\/\/digit-up.eu\/wp-content\/uploads\/2023\/01\/LOGO-NO-BG-1024x1024.png 1024w, https:\/\/digit-up.eu\/wp-content\/uploads\/2023\/01\/LOGO-NO-BG-768x768.png 768w, https:\/\/digit-up.eu\/wp-content\/uploads\/2023\/01\/LOGO-NO-BG-720x720.png 720w, https:\/\/digit-up.eu\/wp-content\/uploads\/2023\/01\/LOGO-NO-BG-360x360.png 360w, https:\/\/digit-up.eu\/wp-content\/uploads\/2023\/01\/LOGO-NO-BG.png 1280w\" sizes=\"(max-width: 150px) 100vw, 150px\" \/>\t\t\t\t\t\t\t\t\t\t\t\t\t\t\t<\/div>\n\t\t\t\t<\/div>\n\t\t\t\t<div class=\"elementor-element elementor-element-55f8f09 elementor-shape-circle e-grid-align-right elementor-grid-0 elementor-widget elementor-widget-social-icons\" data-id=\"55f8f09\" data-element_type=\"widget\" data-e-type=\"widget\" data-widget_type=\"social-icons.default\">\n\t\t\t\t<div class=\"elementor-widget-container\">\n\t\t\t\t\t\t\t<div class=\"elementor-social-icons-wrapper elementor-grid\" role=\"list\">\n\t\t\t\t\t\t\t<span class=\"elementor-grid-item\" role=\"listitem\">\n\t\t\t\t\t<a class=\"elementor-icon elementor-social-icon elementor-social-icon-facebook elementor-repeater-item-cd8515c\" href=\"https:\/\/www.facebook.com\/digitupproject\/\" target=\"_blank\">\n\t\t\t\t\t\t<span class=\"elementor-screen-only\">Facebook<\/span>\n\t\t\t\t\t\t<i aria-hidden=\"true\" class=\"fab fa-facebook\"><\/i>\t\t\t\t\t<\/a>\n\t\t\t\t<\/span>\n\t\t\t\t\t\t\t<span class=\"elementor-grid-item\" role=\"listitem\">\n\t\t\t\t\t<a class=\"elementor-icon elementor-social-icon elementor-social-icon-instagram elementor-repeater-item-f68a4e0\" href=\"https:\/\/www.instagram.com\/digitup_project\/\" target=\"_blank\">\n\t\t\t\t\t\t<span class=\"elementor-screen-only\">Instagram<\/span>\n\t\t\t\t\t\t<i aria-hidden=\"true\" class=\"fab fa-instagram\"><\/i>\t\t\t\t\t<\/a>\n\t\t\t\t<\/span>\n\t\t\t\t\t\t\t<span class=\"elementor-grid-item\" role=\"listitem\">\n\t\t\t\t\t<a class=\"elementor-icon elementor-social-icon elementor-social-icon-linkedin elementor-repeater-item-01b31e7\" href=\"https:\/\/www.linkedin.com\/company\/digit-up\/\" target=\"_blank\">\n\t\t\t\t\t\t<span class=\"elementor-screen-only\">Linkedin<\/span>\n\t\t\t\t\t\t<i aria-hidden=\"true\" class=\"fab fa-linkedin\"><\/i>\t\t\t\t\t<\/a>\n\t\t\t\t<\/span>\n\t\t\t\t\t<\/div>\n\t\t\t\t\t\t<\/div>\n\t\t\t\t<\/div>\n\t\t\t\t\t<\/div>\n\t\t<\/div>\n\t\t\t\t\t<\/div>\n\t\t<\/section>\n\t\t\t\t<section class=\"elementor-section elementor-top-section elementor-element elementor-element-22a1ee3 elementor-section-boxed elementor-section-height-default elementor-section-height-default\" data-id=\"22a1ee3\" data-element_type=\"section\" data-e-type=\"section\" data-settings=\"{&quot;_ha_eqh_enable&quot;:false}\">\n\t\t\t\t\t\t<div class=\"elementor-container elementor-column-gap-default\">\n\t\t\t\t\t<div class=\"elementor-column elementor-col-100 elementor-top-column elementor-element elementor-element-75b56bd\" data-id=\"75b56bd\" data-element_type=\"column\" data-e-type=\"column\">\n\t\t\t<div class=\"elementor-widget-wrap elementor-element-populated\">\n\t\t\t\t\t\t<div class=\"elementor-element elementor-element-e7588cc elementor-widget-divider--view-line elementor-widget elementor-widget-divider\" data-id=\"e7588cc\" data-element_type=\"widget\" data-e-type=\"widget\" data-widget_type=\"divider.default\">\n\t\t\t\t<div class=\"elementor-widget-container\">\n\t\t\t\t\t\t\t<div class=\"elementor-divider\">\n\t\t\t<span class=\"elementor-divider-separator\">\n\t\t\t\t\t\t<\/span>\n\t\t<\/div>\n\t\t\t\t\t\t<\/div>\n\t\t\t\t<\/div>\n\t\t\t\t\t<\/div>\n\t\t<\/div>\n\t\t\t\t\t<\/div>\n\t\t<\/section>\n\t\t\t\t<section class=\"elementor-section elementor-top-section elementor-element elementor-element-bed4845 elementor-section-boxed elementor-section-height-default elementor-section-height-default\" data-id=\"bed4845\" data-element_type=\"section\" data-e-type=\"section\" data-settings=\"{&quot;_ha_eqh_enable&quot;:false}\">\n\t\t\t\t\t\t<div class=\"elementor-container elementor-column-gap-default\">\n\t\t\t\t\t<div class=\"elementor-column elementor-col-33 elementor-top-column elementor-element elementor-element-82a068e\" data-id=\"82a068e\" data-element_type=\"column\" data-e-type=\"column\">\n\t\t\t<div class=\"elementor-widget-wrap elementor-element-populated\">\n\t\t\t\t\t\t<div class=\"elementor-element elementor-element-c5e44c1 elementor-widget elementor-widget-text-editor\" data-id=\"c5e44c1\" data-element_type=\"widget\" data-e-type=\"widget\" data-widget_type=\"text-editor.default\">\n\t\t\t\t<div class=\"elementor-widget-container\">\n\t\t\t\t\t\t\t\t\t<p>Copyright \u00a9 2023 Digital Upgrade Skilling. All Rights Reserved<\/p>\t\t\t\t\t\t\t\t<\/div>\n\t\t\t\t<\/div>\n\t\t\t\t\t<\/div>\n\t\t<\/div>\n\t\t\t\t<div class=\"elementor-column elementor-col-33 elementor-top-column elementor-element elementor-element-a3b24d7\" data-id=\"a3b24d7\" data-element_type=\"column\" data-e-type=\"column\">\n\t\t\t<div class=\"elementor-widget-wrap elementor-element-populated\">\n\t\t\t\t\t\t<div class=\"elementor-element elementor-element-c9a300c elementor-widget elementor-widget-text-editor\" data-id=\"c9a300c\" data-element_type=\"widget\" data-e-type=\"widget\" data-widget_type=\"text-editor.default\">\n\t\t\t\t<div class=\"elementor-widget-container\">\n\t\t\t\t\t\t\t\t\t<a style=\"color: black;\" href=\"https:\/\/digit-up.eu\/index.php\/terms-of-use\/\" target=\"_blank\" rel=\"noopener\">Terms of Use<\/a>\t\t\t\t\t\t\t\t<\/div>\n\t\t\t\t<\/div>\n\t\t\t\t\t<\/div>\n\t\t<\/div>\n\t\t\t\t<div class=\"elementor-column elementor-col-33 elementor-top-column elementor-element elementor-element-cfe4550\" data-id=\"cfe4550\" data-element_type=\"column\" data-e-type=\"column\">\n\t\t\t<div class=\"elementor-widget-wrap elementor-element-populated\">\n\t\t\t\t\t\t<div class=\"elementor-element elementor-element-8fd1af3 elementor-widget elementor-widget-text-editor\" data-id=\"8fd1af3\" data-element_type=\"widget\" data-e-type=\"widget\" data-widget_type=\"text-editor.default\">\n\t\t\t\t<div class=\"elementor-widget-container\">\n\t\t\t\t\t\t\t\t\t<span style=\"color: #797979; text-align: left;\">Powered by\u00a0<\/span><a style=\"color: #797979; text-align: right;\" href=\"https:\/\/innovationhive.eu\/\" target=\"_blank\" rel=\"noopener\">Innovation Hive<\/a>\t\t\t\t\t\t\t\t<\/div>\n\t\t\t\t<\/div>\n\t\t\t\t\t<\/div>\n\t\t<\/div>\n\t\t\t\t\t<\/div>\n\t\t<\/section>\n\t\t\t\t<\/div>\n\t\t","protected":false},"excerpt":{"rendered":"<p>DIGIT\u00c1LN\u00cd UPGRADE DOVEDNOST\u00cd MAL\u00ddCH A ST\u0158EDN\u00cdCH PODNIK\u016e 1.25.2023 V posledn\u00ed dob\u011b se vedle ji\u017e zaveden\u00fdch podm\u00ednek objevila nov\u00e1 glob\u00e1ln\u00ed realita, [&hellip;]<\/p>\n","protected":false},"author":1,"featured_media":0,"parent":0,"menu_order":0,"comment_status":"closed","ping_status":"closed","template":"page-templates\/template_page-builder.php","meta":{"_eb_attr":"","_monsterinsights_skip_tracking":false,"_monsterinsights_sitenote_active":false,"_monsterinsights_sitenote_note":"","_monsterinsights_sitenote_category":0,"footnotes":""},"class_list":["post-1639","page","type-page","status-publish","hentry"],"aioseo_notices":[],"_links":{"self":[{"href":"https:\/\/digit-up.eu\/index.php\/wp-json\/wp\/v2\/pages\/1639","targetHints":{"allow":["GET"]}}],"collection":[{"href":"https:\/\/digit-up.eu\/index.php\/wp-json\/wp\/v2\/pages"}],"about":[{"href":"https:\/\/digit-up.eu\/index.php\/wp-json\/wp\/v2\/types\/page"}],"author":[{"embeddable":true,"href":"https:\/\/digit-up.eu\/index.php\/wp-json\/wp\/v2\/users\/1"}],"replies":[{"embeddable":true,"href":"https:\/\/digit-up.eu\/index.php\/wp-json\/wp\/v2\/comments?post=1639"}],"version-history":[{"count":7,"href":"https:\/\/digit-up.eu\/index.php\/wp-json\/wp\/v2\/pages\/1639\/revisions"}],"predecessor-version":[{"id":1979,"href":"https:\/\/digit-up.eu\/index.php\/wp-json\/wp\/v2\/pages\/1639\/revisions\/1979"}],"wp:attachment":[{"href":"https:\/\/digit-up.eu\/index.php\/wp-json\/wp\/v2\/media?parent=1639"}],"curies":[{"name":"wp","href":"https:\/\/api.w.org\/{rel}","templated":true}]}}