{"id":1647,"date":"2024-01-09T08:25:32","date_gmt":"2024-01-09T08:25:32","guid":{"rendered":"https:\/\/digit-up.eu\/?page_id=1647"},"modified":"2024-01-18T12:28:58","modified_gmt":"2024-01-18T12:28:58","slug":"digitalni-transformace-a-posileni-postaveni-malych-a-strednich-podniku","status":"publish","type":"page","link":"https:\/\/digit-up.eu\/index.php\/cs\/digitalni-transformace-a-posileni-postaveni-malych-a-strednich-podniku\/","title":{"rendered":"Digit\u00e1ln\u00ed transformace a pos\u00edlen\u00ed postaven\u00ed mal\u00fdch a st\u0159edn\u00edch podnik\u016f"},"content":{"rendered":"\t\t<div data-elementor-type=\"wp-page\" data-elementor-id=\"1647\" class=\"elementor elementor-1647\" data-elementor-settings=\"{&quot;ha_cmc_init_switcher&quot;:&quot;no&quot;}\">\n\t\t\t\t\t\t<section class=\"elementor-section elementor-top-section elementor-element elementor-element-13db78a elementor-section-boxed elementor-section-height-default elementor-section-height-default\" data-id=\"13db78a\" data-element_type=\"section\" data-e-type=\"section\" data-settings=\"{&quot;background_background&quot;:&quot;classic&quot;,&quot;shape_divider_bottom&quot;:&quot;curve&quot;,&quot;shape_divider_bottom_negative&quot;:&quot;yes&quot;,&quot;_ha_eqh_enable&quot;:false}\">\n\t\t\t\t\t\t\t<div class=\"elementor-background-overlay\"><\/div>\n\t\t\t\t\t\t<div class=\"elementor-shape elementor-shape-bottom\" aria-hidden=\"true\" data-negative=\"true\">\n\t\t\t<svg xmlns=\"http:\/\/www.w3.org\/2000\/svg\" viewBox=\"0 0 1000 100\" preserveAspectRatio=\"none\">\n\t<path class=\"elementor-shape-fill\" d=\"M500,97C126.7,96.3,0.8,19.8,0,0v100l1000,0V1C1000,19.4,873.3,97.8,500,97z\"\/>\n<\/svg>\t\t<\/div>\n\t\t\t\t\t<div class=\"elementor-container elementor-column-gap-default\">\n\t\t\t\t\t<div class=\"elementor-column elementor-col-100 elementor-top-column elementor-element elementor-element-019aaff\" data-id=\"019aaff\" data-element_type=\"column\" data-e-type=\"column\">\n\t\t\t<div class=\"elementor-widget-wrap elementor-element-populated\">\n\t\t\t\t\t\t<div class=\"elementor-element elementor-element-06e2342 elementor-widget elementor-widget-spacer\" data-id=\"06e2342\" data-element_type=\"widget\" data-e-type=\"widget\" data-widget_type=\"spacer.default\">\n\t\t\t\t<div class=\"elementor-widget-container\">\n\t\t\t\t\t\t\t<div class=\"elementor-spacer\">\n\t\t\t<div class=\"elementor-spacer-inner\"><\/div>\n\t\t<\/div>\n\t\t\t\t\t\t<\/div>\n\t\t\t\t<\/div>\n\t\t\t\t<div class=\"elementor-element elementor-element-ee3885d elementor-widget elementor-widget-heading\" data-id=\"ee3885d\" data-element_type=\"widget\" data-e-type=\"widget\" data-widget_type=\"heading.default\">\n\t\t\t\t<div class=\"elementor-widget-container\">\n\t\t\t\t\t<h2 class=\"elementor-heading-title elementor-size-default\">Digit\u00e1ln\u00ed transformace a pos\u00edlen\u00ed postaven\u00ed mal\u00fdch a st\u0159edn\u00edch podnik\u016f<\/h2>\t\t\t\t<\/div>\n\t\t\t\t<\/div>\n\t\t\t\t<div class=\"elementor-element elementor-element-344e89b elementor-widget-divider--view-line elementor-widget elementor-widget-divider\" data-id=\"344e89b\" data-element_type=\"widget\" data-e-type=\"widget\" data-widget_type=\"divider.default\">\n\t\t\t\t<div class=\"elementor-widget-container\">\n\t\t\t\t\t\t\t<div class=\"elementor-divider\">\n\t\t\t<span class=\"elementor-divider-separator\">\n\t\t\t\t\t\t<\/span>\n\t\t<\/div>\n\t\t\t\t\t\t<\/div>\n\t\t\t\t<\/div>\n\t\t\t\t<div class=\"elementor-element elementor-element-8832b6a elementor-widget elementor-widget-spacer\" data-id=\"8832b6a\" data-element_type=\"widget\" data-e-type=\"widget\" data-widget_type=\"spacer.default\">\n\t\t\t\t<div class=\"elementor-widget-container\">\n\t\t\t\t\t\t\t<div class=\"elementor-spacer\">\n\t\t\t<div class=\"elementor-spacer-inner\"><\/div>\n\t\t<\/div>\n\t\t\t\t\t\t<\/div>\n\t\t\t\t<\/div>\n\t\t\t\t\t<\/div>\n\t\t<\/div>\n\t\t\t\t\t<\/div>\n\t\t<\/section>\n\t\t\t\t<section class=\"elementor-section elementor-top-section elementor-element elementor-element-524d2b7 elementor-section-boxed elementor-section-height-default elementor-section-height-default\" data-id=\"524d2b7\" data-element_type=\"section\" data-e-type=\"section\" data-settings=\"{&quot;_ha_eqh_enable&quot;:false}\">\n\t\t\t\t\t\t<div class=\"elementor-container elementor-column-gap-default\">\n\t\t\t\t\t<div class=\"elementor-column elementor-col-100 elementor-top-column elementor-element elementor-element-f87feb5\" data-id=\"f87feb5\" data-element_type=\"column\" data-e-type=\"column\">\n\t\t\t<div class=\"elementor-widget-wrap elementor-element-populated\">\n\t\t\t\t\t\t<div class=\"elementor-element elementor-element-36b6bf3 elementor-widget elementor-widget-spacer\" data-id=\"36b6bf3\" data-element_type=\"widget\" data-e-type=\"widget\" data-widget_type=\"spacer.default\">\n\t\t\t\t<div class=\"elementor-widget-container\">\n\t\t\t\t\t\t\t<div class=\"elementor-spacer\">\n\t\t\t<div class=\"elementor-spacer-inner\"><\/div>\n\t\t<\/div>\n\t\t\t\t\t\t<\/div>\n\t\t\t\t<\/div>\n\t\t\t\t<div class=\"elementor-element elementor-element-5b6d7f2 elementor-widget elementor-widget-text-editor\" data-id=\"5b6d7f2\" data-element_type=\"widget\" data-e-type=\"widget\" data-widget_type=\"text-editor.default\">\n\t\t\t\t<div class=\"elementor-widget-container\">\n\t\t\t\t\t\t\t\t\t<p><span style=\"font-weight: 400;\">5.16.2023<\/span><\/p><p><span style=\"font-weight: 400;\">Mal\u00e9 a st\u0159edn\u00ed podniky (MSP) jsou d\u016fle\u017eitou sou\u010d\u00e1st\u00ed evropsk\u00e9 ekonomiky. Bohu\u017eel st\u00e1le zaost\u00e1vaj\u00ed v\u00a0digitalizaci, pro zlep\u0161en\u00ed digit\u00e1ln\u00edch dovednost\u00ed je t\u0159eba je\u0161t\u011b mnoh\u00e9 ud\u011blat. Zav\u00e1d\u011bn\u00ed a vyu\u017e\u00edv\u00e1n\u00ed digit\u00e1ln\u00edch technologi\u00ed se nav\u00edc v jednotliv\u00fdch prostorech li\u0161\u00ed: mezi jednotliv\u00fdmi regiony Evropy existuj\u00ed rozd\u00edly. Spou\u0161t\u011bc\u00edm mechanismem, d\u00edky n\u011bmu\u017e si Evropsk\u00e1 unie uv\u011bdomila nal\u00e9havou pot\u0159ebu inovac\u00ed, byla pandemie COVID-19. COVID byl pro v\u0161echny \u0161okem; v\u0161echny mal\u00e9 a st\u0159edn\u00ed podniky musely upravit sv\u016fj p\u0159\u00edstup k pr\u00e1ci a digit\u00e1ln\u00ed n\u00e1stroje se staly kl\u00ed\u010dov\u00fdm n\u00e1strojem ke ka\u017edodenn\u00edmu fungov\u00e1n\u00ed podnik\u016f. P\u0159esto\u017ee pandemie zp\u016fsobila rychlou a tvrdou zm\u011bnu, netrvala dlouho a mal\u00e9 a st\u0159edn\u00ed podniky mus\u00ed svou digit\u00e1ln\u00ed infrastrukturu modernizovat i nad\u00e1le. V reakci na to financuje EU prost\u0159ednictv\u00edm programu Erasmus+ moderniza\u010dn\u00ed a rozvojov\u00e9 iniciativy, jako je DigitUp, jejich\u017e c\u00edlem je podpora digitalizace mal\u00fdch a st\u0159edn\u00edch podnik\u016f. Tyto pl\u00e1ny maj\u00ed za c\u00edl zv\u00fd\u0161it konkurenceschopnost evropsk\u00fdch podnik\u016f na mezin\u00e1rodn\u00edm trhu a jejich odolnost v\u016f\u010di v\u011bt\u0161\u00edm, siln\u011bj\u0161\u00edm a vynal\u00e9zav\u011bj\u0161\u00edm firm\u00e1m. Podporovat proces digitalizace mal\u00fdch a st\u0159edn\u00edch podnik\u016f znamen\u00e1 pom\u00e1hat jim s n\u00e1kladnou a \u010dasov\u011b n\u00e1ro\u010dnou \u010dinnost\u00ed, p\u0159i\u010dem\u017e oboj\u00ed maj\u00ed mal\u00e9 a st\u0159edn\u00ed podniky k dispozici jen z\u0159\u00eddka, zejm\u00e9na po dopadu COVID na ekonomiky. S pomoc\u00ed EU p\u0159i modernizaci digit\u00e1ln\u00ed infrastruktury z\u00edskaj\u00ed v\u0161echny evropsk\u00e9 regiony, kter\u00e9 mohou trp\u011bt nedostatkem digitalizace, p\u0159\u00edstup k cel\u00e9mu spektru nov\u00fdch mo\u017enost\u00ed. Infrastruktura v\u0161ak tak\u00e9 vy\u017eaduje, aby lid\u00e9 m\u011bli odpov\u00eddaj\u00edc\u00ed dovednosti, aby ji mohli co nejl\u00e9pe vyu\u017e\u00edvat; zde se st\u00e1v\u00e1 z\u00e1sadn\u00edm aspektem v\u00fduka.<\/span><\/p><p><span style=\"font-weight: 400;\">Mnoho evropsk\u00fdch \u010dlensk\u00fdch st\u00e1t\u016f ji\u017e ozn\u00e1milo a zah\u00e1jilo pl\u00e1ny obnovy a rozvoje pot\u00e9, co dopady COVID-19 prok\u00e1zaly nal\u00e9havou pot\u0159ebu zm\u011bn. V\u0161echny zam\u011b\u0159uj\u00ed svou pozornost na technologie BIC: Big data, internet v\u011bc\u00ed a kybernetickou bezpe\u010dnost. Pl\u00e1ny obnovy rovn\u011b\u017e podporuj\u00ed investice do lidsk\u00e9ho kapit\u00e1lu, da\u0148ov\u00fdch pob\u00eddek, odborn\u00e9 p\u0159\u00edpravy, v\u00fdzkumu a rozvoje infrastruktury. Na podporu t\u00e9to zm\u011bny jsou rovn\u011b\u017e uv\u00e1d\u011bny t\u0159et\u00ed strany, jako jsou inova\u010dn\u00ed centra a sdru\u017een\u00ed. V\u0161echny uveden\u00e9 aspekty jsou nezbytn\u00fdmi kroky, pokud chce EU modernizovat ekonomiky sv\u00fdch \u010dlensk\u00fdch st\u00e1t\u016f. Existence v\u00edceodv\u011btvov\u00e9 spolupr\u00e1ce jako z\u00e1kladu posiluje \u00fasil\u00ed o digitalizaci a podporuje spolupr\u00e1ci, kter\u00e1 je nezbytnou sou\u010d\u00e1st\u00ed evropsk\u00e9ho experimentu. Evropa je siln\u011bj\u0161\u00ed, kdy\u017e spole\u010dn\u011b pracuje na spole\u010dn\u00e9m c\u00edli.<\/span><\/p><p><span style=\"font-weight: 400;\">DigitUp m\u00e1 n\u011bkolik c\u00edl\u016f, kter\u00e9 se v podstat\u011b zam\u011b\u0159uj\u00ed na zvy\u0161ov\u00e1n\u00ed digit\u00e1ln\u00edch dovednost\u00ed mal\u00fdch a\u00a0st\u0159edn\u00edch podnik\u016f prost\u0159ednictv\u00edm vzd\u011bl\u00e1v\u00e1n\u00ed a spolupr\u00e1ce. DigitUp nejprve ur\u010d\u00ed, po jak\u00fdch dovednostech je mezi mal\u00fdmi a st\u0159edn\u00edmi podniky vysok\u00e1 popt\u00e1vka. Budou informov\u00e1ny o v\u00fdhod\u00e1ch, kter\u00e9 digitalizace poskytuje pro r\u016fst a konkurenceschopnost. Pokud chce DigitUp splnit sv\u00e9 c\u00edle, je zaji\u0161t\u011bn\u00ed pravideln\u00e9ho \u0161kolen\u00ed nezbytn\u00fdm po\u017eadavkem; \u0161kolic\u00ed programy se speci\u00e1ln\u011b vy\u0161kolen\u00fdmi pedagogy budou zam\u011b\u0159eny na specifick\u00e9 pot\u0159eby mal\u00fdch a st\u0159edn\u00edch podnik\u016f. Tito \u0161kolitel\u00e9 budou hr\u00e1t kl\u00ed\u010dovou roli p\u0159i poskytov\u00e1n\u00ed vzd\u011bl\u00e1v\u00e1n\u00ed, zdroj\u016f a materi\u00e1l\u016f nezbytn\u00fdch pro zvy\u0161ov\u00e1n\u00ed digit\u00e1ln\u00edch dovednost\u00ed. C\u00edlem cel\u00e9ho programu bude tak\u00e9 zv\u00fd\u0161it ve\u0159ejnou diskusi o digit\u00e1ln\u00ed transformaci, aby se d\u00e1le \u0161\u00ed\u0159ila jej\u00ed viditelnost a v\u00fdhody digitalizace. V t\u00e9to f\u00e1zi se st\u00e1v\u00e1 zaj\u00edmav\u00fdm p\u0159izvat i subjekty mimo vzd\u011bl\u00e1vac\u00ed sektor. Spolupr\u00e1ce mezi vzd\u011bl\u00e1vac\u00edmi za\u0159\u00edzen\u00edmi, ve\u0159ejn\u00fdmi institucemi a soukrom\u00fdmi subjekty pos\u00edl\u00ed digit\u00e1ln\u00ed zvy\u0161ov\u00e1n\u00ed kvalifikace t\u00edm, \u017ee umo\u017en\u00ed kl\u00ed\u010dov\u00fdm sektor\u016fm spolupracovat v oblasti spole\u010dn\u00e9 pot\u0159eby a z\u00e1jmu. Dynamick\u00e9 a \u017eiv\u00e9 prost\u0159ed\u00ed povzbud\u00ed mal\u00e9 a st\u0159edn\u00ed podniky k \u00fa\u010dasti na vzd\u011bl\u00e1vac\u00edch programech, kter\u00e9 zlep\u0161\u00ed konkurenceschopnost t\u00edm, \u017ee jim umo\u017en\u00ed p\u0159\u00edstup k nov\u00fdm technologi\u00edm a p\u0159\u00edle\u017eitostem.<\/span><\/p><p><span style=\"font-weight: 400;\">Autor: Aymeric Pochat, EUDA, Czech Republic<\/span><\/p>\t\t\t\t\t\t\t\t<\/div>\n\t\t\t\t<\/div>\n\t\t\t\t<div class=\"elementor-element elementor-element-c8ecc54 elementor-widget elementor-widget-spacer\" data-id=\"c8ecc54\" data-element_type=\"widget\" data-e-type=\"widget\" data-widget_type=\"spacer.default\">\n\t\t\t\t<div class=\"elementor-widget-container\">\n\t\t\t\t\t\t\t<div class=\"elementor-spacer\">\n\t\t\t<div class=\"elementor-spacer-inner\"><\/div>\n\t\t<\/div>\n\t\t\t\t\t\t<\/div>\n\t\t\t\t<\/div>\n\t\t\t\t\t<\/div>\n\t\t<\/div>\n\t\t\t\t\t<\/div>\n\t\t<\/section>\n\t\t\t\t<section class=\"elementor-section elementor-top-section elementor-element elementor-element-3bb2fe8 elementor-section-boxed elementor-section-height-default elementor-section-height-default\" data-id=\"3bb2fe8\" data-element_type=\"section\" data-e-type=\"section\" data-settings=\"{&quot;_ha_eqh_enable&quot;:false}\">\n\t\t\t\t\t\t<div class=\"elementor-container elementor-column-gap-default\">\n\t\t\t\t\t<div class=\"elementor-column elementor-col-33 elementor-top-column elementor-element elementor-element-14abc93\" data-id=\"14abc93\" data-element_type=\"column\" data-e-type=\"column\">\n\t\t\t<div class=\"elementor-widget-wrap elementor-element-populated\">\n\t\t\t\t\t\t<div class=\"elementor-element elementor-element-7f4b60a elementor-widget elementor-widget-spacer\" data-id=\"7f4b60a\" data-element_type=\"widget\" data-e-type=\"widget\" data-widget_type=\"spacer.default\">\n\t\t\t\t<div class=\"elementor-widget-container\">\n\t\t\t\t\t\t\t<div class=\"elementor-spacer\">\n\t\t\t<div class=\"elementor-spacer-inner\"><\/div>\n\t\t<\/div>\n\t\t\t\t\t\t<\/div>\n\t\t\t\t<\/div>\n\t\t\t\t<div class=\"elementor-element elementor-element-24e96e9 elementor-widget elementor-widget-image\" data-id=\"24e96e9\" data-element_type=\"widget\" data-e-type=\"widget\" data-widget_type=\"image.default\">\n\t\t\t\t<div class=\"elementor-widget-container\">\n\t\t\t\t\t\t\t\t\t\t\t\t\t\t\t<img decoding=\"async\" width=\"300\" height=\"63\" src=\"https:\/\/digit-up.eu\/wp-content\/uploads\/2023\/01\/EN-Co-funded-by-the-EU_PANTONE-1-300x63.jpg\" class=\"attachment-medium size-medium wp-image-132\" alt=\"\" srcset=\"https:\/\/digit-up.eu\/wp-content\/uploads\/2023\/01\/EN-Co-funded-by-the-EU_PANTONE-1-300x63.jpg 300w, https:\/\/digit-up.eu\/wp-content\/uploads\/2023\/01\/EN-Co-funded-by-the-EU_PANTONE-1-1024x215.jpg 1024w, https:\/\/digit-up.eu\/wp-content\/uploads\/2023\/01\/EN-Co-funded-by-the-EU_PANTONE-1-768x161.jpg 768w, https:\/\/digit-up.eu\/wp-content\/uploads\/2023\/01\/EN-Co-funded-by-the-EU_PANTONE-1-1536x322.jpg 1536w, https:\/\/digit-up.eu\/wp-content\/uploads\/2023\/01\/EN-Co-funded-by-the-EU_PANTONE-1-2048x430.jpg 2048w, https:\/\/digit-up.eu\/wp-content\/uploads\/2023\/01\/EN-Co-funded-by-the-EU_PANTONE-1-720x151.jpg 720w\" sizes=\"(max-width: 300px) 100vw, 300px\" \/>\t\t\t\t\t\t\t\t\t\t\t\t\t\t\t<\/div>\n\t\t\t\t<\/div>\n\t\t\t\t<div class=\"elementor-element elementor-element-c2b50fc elementor-widget elementor-widget-text-editor\" data-id=\"c2b50fc\" data-element_type=\"widget\" data-e-type=\"widget\" data-widget_type=\"text-editor.default\">\n\t\t\t\t<div class=\"elementor-widget-container\">\n\t\t\t\t\t\t\t\t\t<p>Financov\u00e1no Evropskou uni\u00ed. Vyj\u00e1d\u0159en\u00e9 n\u00e1zory a stanoviska jsou v\u0161ak pouze n\u00e1zory a stanoviska autora (autor\u016f) a nemus\u00ed nutn\u011b odr\u00e1\u017eet n\u00e1zory a stanoviska Evropsk\u00e9 unie nebo Evropsk\u00e9 v\u00fdkonn\u00e9 agentury pro vzd\u011bl\u00e1v\u00e1n\u00ed a kulturu (EACEA). Evropsk\u00e1 unie ani agentura EACEA za n\u011b nenesou odpov\u011bdnost. 2022-1-CZ01-KA220-VET- 000086461<\/p>\t\t\t\t\t\t\t\t<\/div>\n\t\t\t\t<\/div>\n\t\t\t\t\t<\/div>\n\t\t<\/div>\n\t\t\t\t<div class=\"elementor-column elementor-col-33 elementor-top-column elementor-element elementor-element-d251deb\" data-id=\"d251deb\" data-element_type=\"column\" data-e-type=\"column\">\n\t\t\t<div class=\"elementor-widget-wrap\">\n\t\t\t\t\t\t\t<\/div>\n\t\t<\/div>\n\t\t\t\t<div class=\"elementor-column elementor-col-33 elementor-top-column elementor-element elementor-element-89614fe\" data-id=\"89614fe\" data-element_type=\"column\" data-e-type=\"column\">\n\t\t\t<div class=\"elementor-widget-wrap elementor-element-populated\">\n\t\t\t\t\t\t<div class=\"elementor-element elementor-element-eefd776 elementor-widget elementor-widget-spacer\" data-id=\"eefd776\" data-element_type=\"widget\" data-e-type=\"widget\" data-widget_type=\"spacer.default\">\n\t\t\t\t<div class=\"elementor-widget-container\">\n\t\t\t\t\t\t\t<div class=\"elementor-spacer\">\n\t\t\t<div class=\"elementor-spacer-inner\"><\/div>\n\t\t<\/div>\n\t\t\t\t\t\t<\/div>\n\t\t\t\t<\/div>\n\t\t\t\t<div class=\"elementor-element elementor-element-b05ed9a elementor-widget elementor-widget-image\" data-id=\"b05ed9a\" data-element_type=\"widget\" data-e-type=\"widget\" data-widget_type=\"image.default\">\n\t\t\t\t<div class=\"elementor-widget-container\">\n\t\t\t\t\t\t\t\t\t\t\t\t\t\t\t<img decoding=\"async\" width=\"150\" height=\"150\" src=\"https:\/\/digit-up.eu\/wp-content\/uploads\/2023\/01\/LOGO-NO-BG-150x150.png\" class=\"attachment-thumbnail size-thumbnail wp-image-133\" alt=\"\" srcset=\"https:\/\/digit-up.eu\/wp-content\/uploads\/2023\/01\/LOGO-NO-BG-150x150.png 150w, https:\/\/digit-up.eu\/wp-content\/uploads\/2023\/01\/LOGO-NO-BG-300x300.png 300w, https:\/\/digit-up.eu\/wp-content\/uploads\/2023\/01\/LOGO-NO-BG-1024x1024.png 1024w, https:\/\/digit-up.eu\/wp-content\/uploads\/2023\/01\/LOGO-NO-BG-768x768.png 768w, https:\/\/digit-up.eu\/wp-content\/uploads\/2023\/01\/LOGO-NO-BG-720x720.png 720w, https:\/\/digit-up.eu\/wp-content\/uploads\/2023\/01\/LOGO-NO-BG-360x360.png 360w, https:\/\/digit-up.eu\/wp-content\/uploads\/2023\/01\/LOGO-NO-BG.png 1280w\" sizes=\"(max-width: 150px) 100vw, 150px\" \/>\t\t\t\t\t\t\t\t\t\t\t\t\t\t\t<\/div>\n\t\t\t\t<\/div>\n\t\t\t\t<div class=\"elementor-element elementor-element-8b83eda elementor-shape-circle e-grid-align-right elementor-grid-0 elementor-widget elementor-widget-social-icons\" data-id=\"8b83eda\" data-element_type=\"widget\" data-e-type=\"widget\" data-widget_type=\"social-icons.default\">\n\t\t\t\t<div class=\"elementor-widget-container\">\n\t\t\t\t\t\t\t<div class=\"elementor-social-icons-wrapper elementor-grid\" role=\"list\">\n\t\t\t\t\t\t\t<span class=\"elementor-grid-item\" role=\"listitem\">\n\t\t\t\t\t<a class=\"elementor-icon elementor-social-icon elementor-social-icon-facebook elementor-repeater-item-cd8515c\" href=\"https:\/\/www.facebook.com\/digitupproject\/\" target=\"_blank\">\n\t\t\t\t\t\t<span class=\"elementor-screen-only\">Facebook<\/span>\n\t\t\t\t\t\t<i aria-hidden=\"true\" class=\"fab fa-facebook\"><\/i>\t\t\t\t\t<\/a>\n\t\t\t\t<\/span>\n\t\t\t\t\t\t\t<span class=\"elementor-grid-item\" role=\"listitem\">\n\t\t\t\t\t<a class=\"elementor-icon elementor-social-icon elementor-social-icon-instagram elementor-repeater-item-f68a4e0\" href=\"https:\/\/www.instagram.com\/digitup_project\/\" target=\"_blank\">\n\t\t\t\t\t\t<span class=\"elementor-screen-only\">Instagram<\/span>\n\t\t\t\t\t\t<i aria-hidden=\"true\" class=\"fab fa-instagram\"><\/i>\t\t\t\t\t<\/a>\n\t\t\t\t<\/span>\n\t\t\t\t\t\t\t<span class=\"elementor-grid-item\" role=\"listitem\">\n\t\t\t\t\t<a class=\"elementor-icon elementor-social-icon elementor-social-icon-linkedin elementor-repeater-item-01b31e7\" href=\"https:\/\/www.linkedin.com\/company\/digit-up\/\" target=\"_blank\">\n\t\t\t\t\t\t<span class=\"elementor-screen-only\">Linkedin<\/span>\n\t\t\t\t\t\t<i aria-hidden=\"true\" class=\"fab fa-linkedin\"><\/i>\t\t\t\t\t<\/a>\n\t\t\t\t<\/span>\n\t\t\t\t\t<\/div>\n\t\t\t\t\t\t<\/div>\n\t\t\t\t<\/div>\n\t\t\t\t\t<\/div>\n\t\t<\/div>\n\t\t\t\t\t<\/div>\n\t\t<\/section>\n\t\t\t\t<section class=\"elementor-section elementor-top-section elementor-element elementor-element-5ba0605 elementor-section-boxed elementor-section-height-default elementor-section-height-default\" data-id=\"5ba0605\" data-element_type=\"section\" data-e-type=\"section\" data-settings=\"{&quot;_ha_eqh_enable&quot;:false}\">\n\t\t\t\t\t\t<div class=\"elementor-container elementor-column-gap-default\">\n\t\t\t\t\t<div class=\"elementor-column elementor-col-100 elementor-top-column elementor-element elementor-element-b1d3bd7\" data-id=\"b1d3bd7\" data-element_type=\"column\" data-e-type=\"column\">\n\t\t\t<div class=\"elementor-widget-wrap elementor-element-populated\">\n\t\t\t\t\t\t<div class=\"elementor-element elementor-element-ec8bea0 elementor-widget-divider--view-line elementor-widget elementor-widget-divider\" data-id=\"ec8bea0\" data-element_type=\"widget\" data-e-type=\"widget\" data-widget_type=\"divider.default\">\n\t\t\t\t<div class=\"elementor-widget-container\">\n\t\t\t\t\t\t\t<div class=\"elementor-divider\">\n\t\t\t<span class=\"elementor-divider-separator\">\n\t\t\t\t\t\t<\/span>\n\t\t<\/div>\n\t\t\t\t\t\t<\/div>\n\t\t\t\t<\/div>\n\t\t\t\t\t<\/div>\n\t\t<\/div>\n\t\t\t\t\t<\/div>\n\t\t<\/section>\n\t\t\t\t<section class=\"elementor-section elementor-top-section elementor-element elementor-element-9a17491 elementor-section-boxed elementor-section-height-default elementor-section-height-default\" data-id=\"9a17491\" data-element_type=\"section\" data-e-type=\"section\" data-settings=\"{&quot;_ha_eqh_enable&quot;:false}\">\n\t\t\t\t\t\t<div class=\"elementor-container elementor-column-gap-default\">\n\t\t\t\t\t<div class=\"elementor-column elementor-col-33 elementor-top-column elementor-element elementor-element-954059e\" data-id=\"954059e\" data-element_type=\"column\" data-e-type=\"column\">\n\t\t\t<div class=\"elementor-widget-wrap elementor-element-populated\">\n\t\t\t\t\t\t<div class=\"elementor-element elementor-element-da6bcba elementor-widget elementor-widget-text-editor\" data-id=\"da6bcba\" data-element_type=\"widget\" data-e-type=\"widget\" data-widget_type=\"text-editor.default\">\n\t\t\t\t<div class=\"elementor-widget-container\">\n\t\t\t\t\t\t\t\t\t<p>Copyright \u00a9 2023 Digital Upgrade Skilling. All Rights Reserved<\/p>\t\t\t\t\t\t\t\t<\/div>\n\t\t\t\t<\/div>\n\t\t\t\t\t<\/div>\n\t\t<\/div>\n\t\t\t\t<div class=\"elementor-column elementor-col-33 elementor-top-column elementor-element elementor-element-d52dcb3\" data-id=\"d52dcb3\" data-element_type=\"column\" data-e-type=\"column\">\n\t\t\t<div class=\"elementor-widget-wrap elementor-element-populated\">\n\t\t\t\t\t\t<div class=\"elementor-element elementor-element-3bd59e6 elementor-widget elementor-widget-text-editor\" data-id=\"3bd59e6\" data-element_type=\"widget\" data-e-type=\"widget\" data-widget_type=\"text-editor.default\">\n\t\t\t\t<div class=\"elementor-widget-container\">\n\t\t\t\t\t\t\t\t\t<a style=\"color: black;\" href=\"https:\/\/digit-up.eu\/index.php\/terms-of-use\/\" target=\"_blank\" rel=\"noopener\">Terms of Use<\/a>\t\t\t\t\t\t\t\t<\/div>\n\t\t\t\t<\/div>\n\t\t\t\t\t<\/div>\n\t\t<\/div>\n\t\t\t\t<div class=\"elementor-column elementor-col-33 elementor-top-column elementor-element elementor-element-39167da\" data-id=\"39167da\" data-element_type=\"column\" data-e-type=\"column\">\n\t\t\t<div class=\"elementor-widget-wrap elementor-element-populated\">\n\t\t\t\t\t\t<div class=\"elementor-element elementor-element-d5f581a elementor-widget elementor-widget-text-editor\" data-id=\"d5f581a\" data-element_type=\"widget\" data-e-type=\"widget\" data-widget_type=\"text-editor.default\">\n\t\t\t\t<div class=\"elementor-widget-container\">\n\t\t\t\t\t\t\t\t\t<span style=\"color: #797979; text-align: left;\">Powered by\u00a0<\/span><a style=\"color: #797979; text-align: right;\" href=\"https:\/\/innovationhive.eu\/\" target=\"_blank\" rel=\"noopener\">Innovation Hive<\/a>\t\t\t\t\t\t\t\t<\/div>\n\t\t\t\t<\/div>\n\t\t\t\t\t<\/div>\n\t\t<\/div>\n\t\t\t\t\t<\/div>\n\t\t<\/section>\n\t\t\t\t<\/div>\n\t\t","protected":false},"excerpt":{"rendered":"<p>Digit\u00e1ln\u00ed transformace a pos\u00edlen\u00ed postaven\u00ed mal\u00fdch a st\u0159edn\u00edch podnik\u016f 5.16.2023 Mal\u00e9 a st\u0159edn\u00ed podniky (MSP) jsou d\u016fle\u017eitou sou\u010d\u00e1st\u00ed evropsk\u00e9 ekonomiky. [&hellip;]<\/p>\n","protected":false},"author":1,"featured_media":0,"parent":0,"menu_order":0,"comment_status":"closed","ping_status":"closed","template":"page-templates\/template_page-builder.php","meta":{"_eb_attr":"","_monsterinsights_skip_tracking":false,"_monsterinsights_sitenote_active":false,"_monsterinsights_sitenote_note":"","_monsterinsights_sitenote_category":0,"footnotes":""},"class_list":["post-1647","page","type-page","status-publish","hentry"],"aioseo_notices":[],"_links":{"self":[{"href":"https:\/\/digit-up.eu\/index.php\/wp-json\/wp\/v2\/pages\/1647","targetHints":{"allow":["GET"]}}],"collection":[{"href":"https:\/\/digit-up.eu\/index.php\/wp-json\/wp\/v2\/pages"}],"about":[{"href":"https:\/\/digit-up.eu\/index.php\/wp-json\/wp\/v2\/types\/page"}],"author":[{"embeddable":true,"href":"https:\/\/digit-up.eu\/index.php\/wp-json\/wp\/v2\/users\/1"}],"replies":[{"embeddable":true,"href":"https:\/\/digit-up.eu\/index.php\/wp-json\/wp\/v2\/comments?post=1647"}],"version-history":[{"count":7,"href":"https:\/\/digit-up.eu\/index.php\/wp-json\/wp\/v2\/pages\/1647\/revisions"}],"predecessor-version":[{"id":1976,"href":"https:\/\/digit-up.eu\/index.php\/wp-json\/wp\/v2\/pages\/1647\/revisions\/1976"}],"wp:attachment":[{"href":"https:\/\/digit-up.eu\/index.php\/wp-json\/wp\/v2\/media?parent=1647"}],"curies":[{"name":"wp","href":"https:\/\/api.w.org\/{rel}","templated":true}]}}