{"id":2092,"date":"2024-07-29T12:35:33","date_gmt":"2024-07-29T12:35:33","guid":{"rendered":"https:\/\/digit-up.eu\/?page_id=2092"},"modified":"2024-07-29T12:36:36","modified_gmt":"2024-07-29T12:36:36","slug":"posileni-postaveni-pracovniku-odhaleni-strategii-pro-male-a-stredni-podniky-v-digitalnim-veku","status":"publish","type":"page","link":"https:\/\/digit-up.eu\/index.php\/cs\/posileni-postaveni-pracovniku-odhaleni-strategii-pro-male-a-stredni-podniky-v-digitalnim-veku\/","title":{"rendered":"Pos\u00edlen\u00ed postaven\u00ed pracovn\u00edk\u016f: Odhalen\u00ed strategi\u00ed pro mal\u00e9 a st\u0159edn\u00ed podniky v digit\u00e1ln\u00edm v\u011bku"},"content":{"rendered":"\t\t<div data-elementor-type=\"wp-page\" data-elementor-id=\"2092\" class=\"elementor elementor-2092\" data-elementor-settings=\"{&quot;ha_cmc_init_switcher&quot;:&quot;no&quot;}\">\n\t\t\t\t\t\t<section class=\"elementor-section elementor-top-section elementor-element elementor-element-d45e4e0 elementor-section-boxed elementor-section-height-default elementor-section-height-default\" data-id=\"d45e4e0\" data-element_type=\"section\" data-e-type=\"section\" data-settings=\"{&quot;background_background&quot;:&quot;classic&quot;,&quot;shape_divider_bottom&quot;:&quot;curve&quot;,&quot;shape_divider_bottom_negative&quot;:&quot;yes&quot;,&quot;_ha_eqh_enable&quot;:false}\">\n\t\t\t\t\t\t\t<div class=\"elementor-background-overlay\"><\/div>\n\t\t\t\t\t\t<div class=\"elementor-shape elementor-shape-bottom\" aria-hidden=\"true\" data-negative=\"true\">\n\t\t\t<svg xmlns=\"http:\/\/www.w3.org\/2000\/svg\" viewBox=\"0 0 1000 100\" preserveAspectRatio=\"none\">\n\t<path class=\"elementor-shape-fill\" d=\"M500,97C126.7,96.3,0.8,19.8,0,0v100l1000,0V1C1000,19.4,873.3,97.8,500,97z\"\/>\n<\/svg>\t\t<\/div>\n\t\t\t\t\t<div class=\"elementor-container elementor-column-gap-default\">\n\t\t\t\t\t<div class=\"elementor-column elementor-col-100 elementor-top-column elementor-element elementor-element-9a941a9\" data-id=\"9a941a9\" data-element_type=\"column\" data-e-type=\"column\">\n\t\t\t<div class=\"elementor-widget-wrap elementor-element-populated\">\n\t\t\t\t\t\t<div class=\"elementor-element elementor-element-78cca86 elementor-widget elementor-widget-spacer\" data-id=\"78cca86\" data-element_type=\"widget\" data-e-type=\"widget\" data-widget_type=\"spacer.default\">\n\t\t\t\t<div class=\"elementor-widget-container\">\n\t\t\t\t\t\t\t<div class=\"elementor-spacer\">\n\t\t\t<div class=\"elementor-spacer-inner\"><\/div>\n\t\t<\/div>\n\t\t\t\t\t\t<\/div>\n\t\t\t\t<\/div>\n\t\t\t\t<div class=\"elementor-element elementor-element-78f3433 elementor-widget elementor-widget-heading\" data-id=\"78f3433\" data-element_type=\"widget\" data-e-type=\"widget\" data-widget_type=\"heading.default\">\n\t\t\t\t<div class=\"elementor-widget-container\">\n\t\t\t\t\t<h2 class=\"elementor-heading-title elementor-size-default\">Pos\u00edlen\u00ed postaven\u00ed pracovn\u00edk\u016f: Odhalen\u00ed strategi\u00ed pro mal\u00e9 a st\u0159edn\u00ed podniky v digit\u00e1ln\u00edm v\u011bku<\/h2>\t\t\t\t<\/div>\n\t\t\t\t<\/div>\n\t\t\t\t<div class=\"elementor-element elementor-element-2a250e5 elementor-widget-divider--view-line elementor-widget elementor-widget-divider\" data-id=\"2a250e5\" data-element_type=\"widget\" data-e-type=\"widget\" data-widget_type=\"divider.default\">\n\t\t\t\t<div class=\"elementor-widget-container\">\n\t\t\t\t\t\t\t<div class=\"elementor-divider\">\n\t\t\t<span class=\"elementor-divider-separator\">\n\t\t\t\t\t\t<\/span>\n\t\t<\/div>\n\t\t\t\t\t\t<\/div>\n\t\t\t\t<\/div>\n\t\t\t\t<div class=\"elementor-element elementor-element-532ca00 elementor-widget elementor-widget-spacer\" data-id=\"532ca00\" data-element_type=\"widget\" data-e-type=\"widget\" data-widget_type=\"spacer.default\">\n\t\t\t\t<div class=\"elementor-widget-container\">\n\t\t\t\t\t\t\t<div class=\"elementor-spacer\">\n\t\t\t<div class=\"elementor-spacer-inner\"><\/div>\n\t\t<\/div>\n\t\t\t\t\t\t<\/div>\n\t\t\t\t<\/div>\n\t\t\t\t\t<\/div>\n\t\t<\/div>\n\t\t\t\t\t<\/div>\n\t\t<\/section>\n\t\t\t\t<section class=\"elementor-section elementor-top-section elementor-element elementor-element-6adac1e elementor-section-boxed elementor-section-height-default elementor-section-height-default\" data-id=\"6adac1e\" data-element_type=\"section\" data-e-type=\"section\" data-settings=\"{&quot;_ha_eqh_enable&quot;:false}\">\n\t\t\t\t\t\t<div class=\"elementor-container elementor-column-gap-default\">\n\t\t\t\t\t<div class=\"elementor-column elementor-col-100 elementor-top-column elementor-element elementor-element-cdb4cdc\" data-id=\"cdb4cdc\" data-element_type=\"column\" data-e-type=\"column\">\n\t\t\t<div class=\"elementor-widget-wrap elementor-element-populated\">\n\t\t\t\t\t\t<div class=\"elementor-element elementor-element-91c05c6 elementor-widget elementor-widget-spacer\" data-id=\"91c05c6\" data-element_type=\"widget\" data-e-type=\"widget\" data-widget_type=\"spacer.default\">\n\t\t\t\t<div class=\"elementor-widget-container\">\n\t\t\t\t\t\t\t<div class=\"elementor-spacer\">\n\t\t\t<div class=\"elementor-spacer-inner\"><\/div>\n\t\t<\/div>\n\t\t\t\t\t\t<\/div>\n\t\t\t\t<\/div>\n\t\t\t\t<div class=\"elementor-element elementor-element-dbc75b0 elementor-widget elementor-widget-text-editor\" data-id=\"dbc75b0\" data-element_type=\"widget\" data-e-type=\"widget\" data-widget_type=\"text-editor.default\">\n\t\t\t\t<div class=\"elementor-widget-container\">\n\t\t\t\t\t\t\t\t\t<p><span style=\"font-weight: 400;\">V dynamick\u00e9m prost\u0159ed\u00ed digit\u00e1ln\u00ed transformace se mal\u00e9 a st\u0159edn\u00ed podniky (MSP) st\u00e1vaj\u00ed pr\u016fkopn\u00edky a p\u0159ij\u00edmaj\u00ed inovativn\u00ed strategie, aby si v digit\u00e1ln\u00edm v\u011bku udr\u017eely n\u00e1skok. Zat\u00edmco nejmodern\u011bj\u0161\u00ed technologie a \u0159e\u0161en\u00ed zalo\u017een\u00e1 na datech dominuj\u00ed titulk\u016fm novin, z\u00e1sadn\u00ed, av\u0161ak \u010dasto p\u0159ehl\u00ed\u017eenou slo\u017ekou je lidsk\u00fd faktor. Tento podrobn\u00fd zpravodajsk\u00fd \u010dl\u00e1nek se zab\u00fdv\u00e1 t\u00edm, jak mohou mal\u00e9 a st\u0159edn\u00ed podniky v\u00e9st digit\u00e1ln\u00ed revoluci t\u00edm, \u017ee up\u0159ednostn\u00ed rozvoj sv\u00e9 pracovn\u00ed s\u00edly. Od identifikace z\u00e1kladn\u00edch digit\u00e1ln\u00edch dovednost\u00ed a\u017e po podporu kultury neust\u00e1l\u00e9ho vzd\u011bl\u00e1v\u00e1n\u00ed &#8211; v\u011bnujeme se kl\u00ed\u010dov\u00fdm strategi\u00edm, kter\u00e9 mal\u00e9 a st\u0159edn\u00ed podniky posouvaj\u00ed do \u010dela digit\u00e1ln\u00ed budoucnosti.<\/span><\/p><p>\u00a0<\/p><p><i><span style=\"font-weight: 400;\">Nejd\u016fle\u017eit\u011bj\u0161\u00ed informace:<\/span><\/i><\/p><ol><li><span style=\"font-weight: 400;\"> Z\u00e1kladn\u00ed digit\u00e1ln\u00ed dovednosti pro zam\u011bstnance mal\u00fdch a st\u0159edn\u00edch podnik\u016f: V tomto \u010dl\u00e1nku se zab\u00fdv\u00e1me z\u00e1kladn\u00edmi digit\u00e1ln\u00edmi dovednostmi, kter\u00e9 jsou pro zam\u011bstnance mal\u00fdch a st\u0159edn\u00edch podnik\u016f nezbytn\u00e9, aby se mohli nejen p\u0159izp\u016fsobit, ale i vyniknout v rychle se vyv\u00edjej\u00edc\u00edm digit\u00e1ln\u00edm prost\u0159ed\u00ed. D\u016fraz je kladen na p\u011bstov\u00e1n\u00ed v\u0161estrann\u00fdch a technicky zdatn\u00fdch zam\u011bstnanc\u016f s ucelenou kombinac\u00ed technick\u00fdch dovednost\u00ed a m\u011bkk\u00fdch dovednost\u00ed.<\/span><\/li><\/ol><p>\u00a0<\/p><ol start=\"2\"><li><span style=\"font-weight: 400;\"> P\u011bstov\u00e1n\u00ed kultury neust\u00e1l\u00e9ho u\u010den\u00ed: Objevte r\u016fzn\u00e9 metody, kter\u00e9 pou\u017e\u00edvaj\u00ed pokrokov\u011b sm\u00fd\u0161lej\u00edc\u00ed mal\u00e9 a st\u0159edn\u00ed podniky k p\u011bstov\u00e1n\u00ed kultury na pracovi\u0161ti, kter\u00e1 podporuje neust\u00e1l\u00e9 u\u010den\u00ed a bezprobl\u00e9movou adaptaci na nov\u00e9 digit\u00e1ln\u00ed n\u00e1stroje. Poznatky zahrnuj\u00ed inovativn\u00ed \u0161kolic\u00ed programy, mentorsk\u00e9 iniciativy a vyu\u017e\u00edv\u00e1n\u00ed nejmodern\u011bj\u0161\u00edch online vzd\u011bl\u00e1vac\u00edch platforem.<\/span><\/li><\/ol><p>\u00a0<\/p><ol start=\"3\"><li><span style=\"font-weight: 400;\"> Kl\u00ed\u010dov\u00e1 role veden\u00ed v digit\u00e1ln\u00edm vzd\u011bl\u00e1v\u00e1n\u00ed: Prozkoumejte transforma\u010dn\u00ed dopad efektivn\u00edho veden\u00ed na iniciativy digit\u00e1ln\u00edho zvy\u0161ov\u00e1n\u00ed kvalifikace v mal\u00fdch a st\u0159edn\u00edch podnic\u00edch. \u00dasp\u011b\u0161n\u00e9 p\u0159\u00edb\u011bhy z re\u00e1ln\u00e9ho sv\u011bta poukazuj\u00ed na p\u0159\u00edpady, kdy veden\u00ed up\u0159ednostnilo r\u016fst zam\u011bstnanc\u016f v digit\u00e1ln\u00ed oblasti, co\u017e vedlo k vy\u0161\u0161\u00ed produktivit\u011b, inovac\u00edm a celkov\u00e9mu obchodn\u00edmu \u00fasp\u011bchu.<\/span><\/li><\/ol><p>\u00a0<\/p><ol start=\"4\"><li><span style=\"font-weight: 400;\"> \u00dasp\u011b\u0161n\u00e9 p\u0159\u00edb\u011bhy z re\u00e1ln\u00e9ho sv\u011bta: Tato novinka jde nad r\u00e1mec teorie a p\u0159edstavuje hmatateln\u00e9 p\u0159\u00edpadov\u00e9 studie mal\u00fdch a st\u0159edn\u00edch podnik\u016f, kter\u00e9 digit\u00e1ln\u00ed transformaci nejen p\u0159ijaly, ale tak\u00e9 se jim da\u0159\u00ed. D\u00edky tomu, \u017ee tyto podniky up\u0159ednost\u0148uj\u00ed rozvoj pracovn\u00ed s\u00edly, zaznamenaly pozitivn\u00ed vlnov\u00fd efekt, zv\u00fd\u0161ily produktivitu, zv\u00fd\u0161ily inovace a dos\u00e1hly udr\u017eiteln\u00e9ho \u00fasp\u011bchu.<\/span><\/li><\/ol><p>\u00a0<\/p><ol start=\"5\"><li><span style=\"font-weight: 400;\"> \u0158e\u0161en\u00ed v\u00fdzev a p\u0159ipravov\u00e1n\u00ed cesty: Pronikn\u011bte do b\u011b\u017en\u00fdch probl\u00e9m\u016f, kter\u00fdm \u010del\u00ed mal\u00e9 a st\u0159edn\u00ed podniky p\u0159i zvy\u0161ov\u00e1n\u00ed kvalifikace sv\u00fdch zam\u011bstnanc\u016f pro digit\u00e1ln\u00ed transformaci. D\u016fraz v\u0161ak z\u016fst\u00e1v\u00e1 na poskytov\u00e1n\u00ed realizovateln\u00fdch \u0159e\u0161en\u00ed a poznatk\u016f k p\u0159ekon\u00e1n\u00ed odporu ke zm\u011bn\u00e1m, orientaci v rozpo\u010dtov\u00fdch omezen\u00edch a dal\u0161\u00edch potenci\u00e1ln\u00edch p\u0159ek\u00e1\u017ek\u00e1ch br\u00e1n\u00edc\u00edch pokroku.<\/span><\/li><\/ol><p>\u00a0<\/p><p><i><span style=\"font-weight: 400;\">Z\u00e1v\u011br:<\/span><\/i><\/p><p><span style=\"font-weight: 400;\">Tento komplexn\u00ed zpravodajsk\u00fd \u010dl\u00e1nek osv\u011btluje p\u0159\u00edstup mal\u00fdch a st\u0159edn\u00edch podnik\u016f k lidem v digit\u00e1ln\u00ed \u00e9\u0159e a poskytuje \u010dten\u00e1\u0159\u016fm u\u017eite\u010dn\u00e9 informace. S t\u00edm, jak mal\u00e9 a st\u0159edn\u00ed podniky nov\u011b definuj\u00ed budoucnost podnik\u00e1n\u00ed zapojen\u00edm digit\u00e1ln\u00edch technologi\u00ed, zasazuj\u00ed se tak\u00e9 o pos\u00edlen\u00ed postaven\u00ed sv\u00fdch zam\u011bstnanc\u016f jako aktivn\u00edch \u00fa\u010dastn\u00edk\u016f t\u00e9to transforma\u010dn\u00ed cesty. Bu\u010fte informov\u00e1ni o nejnov\u011bj\u0161\u00edch trendech, kter\u00e9 formuj\u00ed mal\u00e9 a st\u0159edn\u00ed podniky, kter\u00e9 se pohybuj\u00ed ve st\u00e1le se vyv\u00edjej\u00edc\u00edm prost\u0159ed\u00ed digit\u00e1ln\u00ed budoucnosti.<\/span><\/p>\t\t\t\t\t\t\t\t<\/div>\n\t\t\t\t<\/div>\n\t\t\t\t<div class=\"elementor-element elementor-element-8205fb9 elementor-widget elementor-widget-spacer\" data-id=\"8205fb9\" data-element_type=\"widget\" data-e-type=\"widget\" data-widget_type=\"spacer.default\">\n\t\t\t\t<div class=\"elementor-widget-container\">\n\t\t\t\t\t\t\t<div class=\"elementor-spacer\">\n\t\t\t<div class=\"elementor-spacer-inner\"><\/div>\n\t\t<\/div>\n\t\t\t\t\t\t<\/div>\n\t\t\t\t<\/div>\n\t\t\t\t\t<\/div>\n\t\t<\/div>\n\t\t\t\t\t<\/div>\n\t\t<\/section>\n\t\t\t\t<section class=\"elementor-section elementor-top-section elementor-element elementor-element-23d0060 elementor-section-boxed elementor-section-height-default elementor-section-height-default\" data-id=\"23d0060\" data-element_type=\"section\" data-e-type=\"section\" data-settings=\"{&quot;_ha_eqh_enable&quot;:false}\">\n\t\t\t\t\t\t<div class=\"elementor-container elementor-column-gap-default\">\n\t\t\t\t\t<div class=\"elementor-column elementor-col-33 elementor-top-column elementor-element elementor-element-b6c2326\" data-id=\"b6c2326\" data-element_type=\"column\" data-e-type=\"column\">\n\t\t\t<div class=\"elementor-widget-wrap elementor-element-populated\">\n\t\t\t\t\t\t<div class=\"elementor-element elementor-element-ef6992f elementor-widget elementor-widget-spacer\" data-id=\"ef6992f\" data-element_type=\"widget\" data-e-type=\"widget\" data-widget_type=\"spacer.default\">\n\t\t\t\t<div class=\"elementor-widget-container\">\n\t\t\t\t\t\t\t<div class=\"elementor-spacer\">\n\t\t\t<div class=\"elementor-spacer-inner\"><\/div>\n\t\t<\/div>\n\t\t\t\t\t\t<\/div>\n\t\t\t\t<\/div>\n\t\t\t\t<div class=\"elementor-element elementor-element-76fba25 elementor-widget elementor-widget-image\" data-id=\"76fba25\" data-element_type=\"widget\" data-e-type=\"widget\" data-widget_type=\"image.default\">\n\t\t\t\t<div class=\"elementor-widget-container\">\n\t\t\t\t\t\t\t\t\t\t\t\t\t\t\t<img decoding=\"async\" width=\"300\" height=\"63\" src=\"https:\/\/digit-up.eu\/wp-content\/uploads\/2023\/01\/EN-Co-funded-by-the-EU_PANTONE-1-300x63.jpg\" class=\"attachment-medium size-medium wp-image-132\" alt=\"\" srcset=\"https:\/\/digit-up.eu\/wp-content\/uploads\/2023\/01\/EN-Co-funded-by-the-EU_PANTONE-1-300x63.jpg 300w, https:\/\/digit-up.eu\/wp-content\/uploads\/2023\/01\/EN-Co-funded-by-the-EU_PANTONE-1-1024x215.jpg 1024w, https:\/\/digit-up.eu\/wp-content\/uploads\/2023\/01\/EN-Co-funded-by-the-EU_PANTONE-1-768x161.jpg 768w, https:\/\/digit-up.eu\/wp-content\/uploads\/2023\/01\/EN-Co-funded-by-the-EU_PANTONE-1-1536x322.jpg 1536w, https:\/\/digit-up.eu\/wp-content\/uploads\/2023\/01\/EN-Co-funded-by-the-EU_PANTONE-1-2048x430.jpg 2048w, https:\/\/digit-up.eu\/wp-content\/uploads\/2023\/01\/EN-Co-funded-by-the-EU_PANTONE-1-720x151.jpg 720w\" sizes=\"(max-width: 300px) 100vw, 300px\" \/>\t\t\t\t\t\t\t\t\t\t\t\t\t\t\t<\/div>\n\t\t\t\t<\/div>\n\t\t\t\t<div class=\"elementor-element elementor-element-a441060 elementor-widget elementor-widget-text-editor\" data-id=\"a441060\" data-element_type=\"widget\" data-e-type=\"widget\" data-widget_type=\"text-editor.default\">\n\t\t\t\t<div class=\"elementor-widget-container\">\n\t\t\t\t\t\t\t\t\t<p>Financov\u00e1no Evropskou uni\u00ed. Vyj\u00e1d\u0159en\u00e9 n\u00e1zory a stanoviska jsou v\u0161ak pouze n\u00e1zory a stanoviska autora (autor\u016f) a nemus\u00ed nutn\u011b odr\u00e1\u017eet n\u00e1zory a stanoviska Evropsk\u00e9 unie nebo Evropsk\u00e9 v\u00fdkonn\u00e9 agentury pro vzd\u011bl\u00e1v\u00e1n\u00ed a kulturu (EACEA). Evropsk\u00e1 unie ani agentura EACEA za n\u011b nenesou odpov\u011bdnost. 2022-1-CZ01-KA220-VET- 000086461<\/p>\t\t\t\t\t\t\t\t<\/div>\n\t\t\t\t<\/div>\n\t\t\t\t\t<\/div>\n\t\t<\/div>\n\t\t\t\t<div class=\"elementor-column elementor-col-33 elementor-top-column elementor-element elementor-element-397c329\" data-id=\"397c329\" data-element_type=\"column\" data-e-type=\"column\">\n\t\t\t<div class=\"elementor-widget-wrap\">\n\t\t\t\t\t\t\t<\/div>\n\t\t<\/div>\n\t\t\t\t<div class=\"elementor-column elementor-col-33 elementor-top-column elementor-element elementor-element-feb1bfe\" data-id=\"feb1bfe\" data-element_type=\"column\" data-e-type=\"column\">\n\t\t\t<div class=\"elementor-widget-wrap elementor-element-populated\">\n\t\t\t\t\t\t<div class=\"elementor-element elementor-element-53abfd2 elementor-widget elementor-widget-spacer\" data-id=\"53abfd2\" data-element_type=\"widget\" data-e-type=\"widget\" data-widget_type=\"spacer.default\">\n\t\t\t\t<div class=\"elementor-widget-container\">\n\t\t\t\t\t\t\t<div class=\"elementor-spacer\">\n\t\t\t<div class=\"elementor-spacer-inner\"><\/div>\n\t\t<\/div>\n\t\t\t\t\t\t<\/div>\n\t\t\t\t<\/div>\n\t\t\t\t<div class=\"elementor-element elementor-element-fab552a elementor-widget elementor-widget-image\" data-id=\"fab552a\" data-element_type=\"widget\" data-e-type=\"widget\" data-widget_type=\"image.default\">\n\t\t\t\t<div class=\"elementor-widget-container\">\n\t\t\t\t\t\t\t\t\t\t\t\t\t\t\t<img decoding=\"async\" width=\"150\" height=\"150\" src=\"https:\/\/digit-up.eu\/wp-content\/uploads\/2023\/01\/LOGO-NO-BG-150x150.png\" class=\"attachment-thumbnail size-thumbnail wp-image-133\" alt=\"\" srcset=\"https:\/\/digit-up.eu\/wp-content\/uploads\/2023\/01\/LOGO-NO-BG-150x150.png 150w, https:\/\/digit-up.eu\/wp-content\/uploads\/2023\/01\/LOGO-NO-BG-300x300.png 300w, https:\/\/digit-up.eu\/wp-content\/uploads\/2023\/01\/LOGO-NO-BG-1024x1024.png 1024w, https:\/\/digit-up.eu\/wp-content\/uploads\/2023\/01\/LOGO-NO-BG-768x768.png 768w, https:\/\/digit-up.eu\/wp-content\/uploads\/2023\/01\/LOGO-NO-BG-720x720.png 720w, https:\/\/digit-up.eu\/wp-content\/uploads\/2023\/01\/LOGO-NO-BG-360x360.png 360w, https:\/\/digit-up.eu\/wp-content\/uploads\/2023\/01\/LOGO-NO-BG.png 1280w\" sizes=\"(max-width: 150px) 100vw, 150px\" \/>\t\t\t\t\t\t\t\t\t\t\t\t\t\t\t<\/div>\n\t\t\t\t<\/div>\n\t\t\t\t<div class=\"elementor-element elementor-element-6be7098 elementor-shape-circle e-grid-align-right elementor-grid-0 elementor-widget elementor-widget-social-icons\" data-id=\"6be7098\" data-element_type=\"widget\" data-e-type=\"widget\" data-widget_type=\"social-icons.default\">\n\t\t\t\t<div class=\"elementor-widget-container\">\n\t\t\t\t\t\t\t<div class=\"elementor-social-icons-wrapper elementor-grid\" role=\"list\">\n\t\t\t\t\t\t\t<span class=\"elementor-grid-item\" role=\"listitem\">\n\t\t\t\t\t<a class=\"elementor-icon elementor-social-icon elementor-social-icon-facebook elementor-repeater-item-cd8515c\" href=\"https:\/\/www.facebook.com\/digitupproject\/\" target=\"_blank\">\n\t\t\t\t\t\t<span class=\"elementor-screen-only\">Facebook<\/span>\n\t\t\t\t\t\t<i aria-hidden=\"true\" class=\"fab fa-facebook\"><\/i>\t\t\t\t\t<\/a>\n\t\t\t\t<\/span>\n\t\t\t\t\t\t\t<span class=\"elementor-grid-item\" role=\"listitem\">\n\t\t\t\t\t<a class=\"elementor-icon elementor-social-icon elementor-social-icon-instagram elementor-repeater-item-f68a4e0\" href=\"https:\/\/www.instagram.com\/digitup_project\/\" target=\"_blank\">\n\t\t\t\t\t\t<span class=\"elementor-screen-only\">Instagram<\/span>\n\t\t\t\t\t\t<i aria-hidden=\"true\" class=\"fab fa-instagram\"><\/i>\t\t\t\t\t<\/a>\n\t\t\t\t<\/span>\n\t\t\t\t\t\t\t<span class=\"elementor-grid-item\" role=\"listitem\">\n\t\t\t\t\t<a class=\"elementor-icon elementor-social-icon elementor-social-icon-linkedin elementor-repeater-item-01b31e7\" href=\"https:\/\/www.linkedin.com\/company\/digit-up\/\" target=\"_blank\">\n\t\t\t\t\t\t<span class=\"elementor-screen-only\">Linkedin<\/span>\n\t\t\t\t\t\t<i aria-hidden=\"true\" class=\"fab fa-linkedin\"><\/i>\t\t\t\t\t<\/a>\n\t\t\t\t<\/span>\n\t\t\t\t\t<\/div>\n\t\t\t\t\t\t<\/div>\n\t\t\t\t<\/div>\n\t\t\t\t\t<\/div>\n\t\t<\/div>\n\t\t\t\t\t<\/div>\n\t\t<\/section>\n\t\t\t\t<section class=\"elementor-section elementor-top-section elementor-element elementor-element-ae322af elementor-section-boxed elementor-section-height-default elementor-section-height-default\" data-id=\"ae322af\" data-element_type=\"section\" data-e-type=\"section\" data-settings=\"{&quot;_ha_eqh_enable&quot;:false}\">\n\t\t\t\t\t\t<div class=\"elementor-container elementor-column-gap-default\">\n\t\t\t\t\t<div class=\"elementor-column elementor-col-100 elementor-top-column elementor-element elementor-element-9168e6c\" data-id=\"9168e6c\" data-element_type=\"column\" data-e-type=\"column\">\n\t\t\t<div class=\"elementor-widget-wrap elementor-element-populated\">\n\t\t\t\t\t\t<div class=\"elementor-element elementor-element-976a9d5 elementor-widget-divider--view-line elementor-widget elementor-widget-divider\" data-id=\"976a9d5\" data-element_type=\"widget\" data-e-type=\"widget\" data-widget_type=\"divider.default\">\n\t\t\t\t<div class=\"elementor-widget-container\">\n\t\t\t\t\t\t\t<div class=\"elementor-divider\">\n\t\t\t<span class=\"elementor-divider-separator\">\n\t\t\t\t\t\t<\/span>\n\t\t<\/div>\n\t\t\t\t\t\t<\/div>\n\t\t\t\t<\/div>\n\t\t\t\t\t<\/div>\n\t\t<\/div>\n\t\t\t\t\t<\/div>\n\t\t<\/section>\n\t\t\t\t<section class=\"elementor-section elementor-top-section elementor-element elementor-element-553d03f elementor-section-boxed elementor-section-height-default elementor-section-height-default\" data-id=\"553d03f\" data-element_type=\"section\" data-e-type=\"section\" data-settings=\"{&quot;_ha_eqh_enable&quot;:false}\">\n\t\t\t\t\t\t<div class=\"elementor-container elementor-column-gap-default\">\n\t\t\t\t\t<div class=\"elementor-column elementor-col-33 elementor-top-column elementor-element elementor-element-48298c4\" data-id=\"48298c4\" data-element_type=\"column\" data-e-type=\"column\">\n\t\t\t<div class=\"elementor-widget-wrap elementor-element-populated\">\n\t\t\t\t\t\t<div class=\"elementor-element elementor-element-82cc893 elementor-widget elementor-widget-text-editor\" data-id=\"82cc893\" data-element_type=\"widget\" data-e-type=\"widget\" data-widget_type=\"text-editor.default\">\n\t\t\t\t<div class=\"elementor-widget-container\">\n\t\t\t\t\t\t\t\t\t<p>Copyright \u00a9 2023 Digital Upgrade Skilling. All Rights Reserved<\/p>\t\t\t\t\t\t\t\t<\/div>\n\t\t\t\t<\/div>\n\t\t\t\t\t<\/div>\n\t\t<\/div>\n\t\t\t\t<div class=\"elementor-column elementor-col-33 elementor-top-column elementor-element elementor-element-118c7db\" data-id=\"118c7db\" data-element_type=\"column\" data-e-type=\"column\">\n\t\t\t<div class=\"elementor-widget-wrap elementor-element-populated\">\n\t\t\t\t\t\t<div class=\"elementor-element elementor-element-b58e2c4 elementor-widget elementor-widget-text-editor\" data-id=\"b58e2c4\" data-element_type=\"widget\" data-e-type=\"widget\" data-widget_type=\"text-editor.default\">\n\t\t\t\t<div class=\"elementor-widget-container\">\n\t\t\t\t\t\t\t\t\t<a style=\"color: black;\" href=\"https:\/\/digit-up.eu\/index.php\/terms-of-use\/\" target=\"_blank\" rel=\"noopener\">Terms of Use<\/a>\t\t\t\t\t\t\t\t<\/div>\n\t\t\t\t<\/div>\n\t\t\t\t\t<\/div>\n\t\t<\/div>\n\t\t\t\t<div class=\"elementor-column elementor-col-33 elementor-top-column elementor-element elementor-element-12c53f6\" data-id=\"12c53f6\" data-element_type=\"column\" data-e-type=\"column\">\n\t\t\t<div class=\"elementor-widget-wrap elementor-element-populated\">\n\t\t\t\t\t\t<div class=\"elementor-element elementor-element-dc68eaf elementor-widget elementor-widget-text-editor\" data-id=\"dc68eaf\" data-element_type=\"widget\" data-e-type=\"widget\" data-widget_type=\"text-editor.default\">\n\t\t\t\t<div class=\"elementor-widget-container\">\n\t\t\t\t\t\t\t\t\t<span style=\"color: #797979; text-align: left;\">Powered by\u00a0<\/span><a style=\"color: #797979; text-align: right;\" href=\"https:\/\/innovationhive.eu\/\" target=\"_blank\" rel=\"noopener\">Innovation Hive<\/a>\t\t\t\t\t\t\t\t<\/div>\n\t\t\t\t<\/div>\n\t\t\t\t\t<\/div>\n\t\t<\/div>\n\t\t\t\t\t<\/div>\n\t\t<\/section>\n\t\t\t\t<\/div>\n\t\t","protected":false},"excerpt":{"rendered":"<p>Pos\u00edlen\u00ed postaven\u00ed pracovn\u00edk\u016f: Odhalen\u00ed strategi\u00ed pro mal\u00e9 a st\u0159edn\u00ed podniky v digit\u00e1ln\u00edm v\u011bku V dynamick\u00e9m prost\u0159ed\u00ed digit\u00e1ln\u00ed transformace se mal\u00e9 [&hellip;]<\/p>\n","protected":false},"author":1,"featured_media":0,"parent":0,"menu_order":0,"comment_status":"closed","ping_status":"closed","template":"page-templates\/template_page-builder.php","meta":{"_eb_attr":"","_monsterinsights_skip_tracking":false,"_monsterinsights_sitenote_active":false,"_monsterinsights_sitenote_note":"","_monsterinsights_sitenote_category":0,"footnotes":""},"class_list":["post-2092","page","type-page","status-publish","hentry"],"aioseo_notices":[],"_links":{"self":[{"href":"https:\/\/digit-up.eu\/index.php\/wp-json\/wp\/v2\/pages\/2092","targetHints":{"allow":["GET"]}}],"collection":[{"href":"https:\/\/digit-up.eu\/index.php\/wp-json\/wp\/v2\/pages"}],"about":[{"href":"https:\/\/digit-up.eu\/index.php\/wp-json\/wp\/v2\/types\/page"}],"author":[{"embeddable":true,"href":"https:\/\/digit-up.eu\/index.php\/wp-json\/wp\/v2\/users\/1"}],"replies":[{"embeddable":true,"href":"https:\/\/digit-up.eu\/index.php\/wp-json\/wp\/v2\/comments?post=2092"}],"version-history":[{"count":4,"href":"https:\/\/digit-up.eu\/index.php\/wp-json\/wp\/v2\/pages\/2092\/revisions"}],"predecessor-version":[{"id":2096,"href":"https:\/\/digit-up.eu\/index.php\/wp-json\/wp\/v2\/pages\/2092\/revisions\/2096"}],"wp:attachment":[{"href":"https:\/\/digit-up.eu\/index.php\/wp-json\/wp\/v2\/media?parent=2092"}],"curies":[{"name":"wp","href":"https:\/\/api.w.org\/{rel}","templated":true}]}}