{"id":2157,"date":"2024-08-22T09:07:59","date_gmt":"2024-08-22T09:07:59","guid":{"rendered":"https:\/\/digit-up.eu\/?page_id=2157"},"modified":"2024-08-22T09:09:08","modified_gmt":"2024-08-22T09:09:08","slug":"il-ruolo-cruciale-della-digitalizzazione-per-le-pmi-passi-per-iniziare","status":"publish","type":"page","link":"https:\/\/digit-up.eu\/index.php\/it\/il-ruolo-cruciale-della-digitalizzazione-per-le-pmi-passi-per-iniziare\/","title":{"rendered":"Il ruolo cruciale della digitalizzazione per le PMI: passi per iniziare"},"content":{"rendered":"\t\t<div data-elementor-type=\"wp-page\" data-elementor-id=\"2157\" class=\"elementor elementor-2157\" data-elementor-settings=\"{&quot;ha_cmc_init_switcher&quot;:&quot;no&quot;}\">\n\t\t\t\t\t\t<section class=\"elementor-section elementor-top-section elementor-element elementor-element-579bb9b elementor-section-boxed elementor-section-height-default elementor-section-height-default\" data-id=\"579bb9b\" data-element_type=\"section\" data-e-type=\"section\" data-settings=\"{&quot;background_background&quot;:&quot;classic&quot;,&quot;shape_divider_bottom&quot;:&quot;curve&quot;,&quot;shape_divider_bottom_negative&quot;:&quot;yes&quot;,&quot;_ha_eqh_enable&quot;:false}\">\n\t\t\t\t\t\t\t<div class=\"elementor-background-overlay\"><\/div>\n\t\t\t\t\t\t<div class=\"elementor-shape elementor-shape-bottom\" aria-hidden=\"true\" data-negative=\"true\">\n\t\t\t<svg xmlns=\"http:\/\/www.w3.org\/2000\/svg\" viewBox=\"0 0 1000 100\" preserveAspectRatio=\"none\">\n\t<path class=\"elementor-shape-fill\" d=\"M500,97C126.7,96.3,0.8,19.8,0,0v100l1000,0V1C1000,19.4,873.3,97.8,500,97z\"\/>\n<\/svg>\t\t<\/div>\n\t\t\t\t\t<div class=\"elementor-container elementor-column-gap-default\">\n\t\t\t\t\t<div class=\"elementor-column elementor-col-100 elementor-top-column elementor-element elementor-element-2abd048\" data-id=\"2abd048\" data-element_type=\"column\" data-e-type=\"column\">\n\t\t\t<div class=\"elementor-widget-wrap elementor-element-populated\">\n\t\t\t\t\t\t<div class=\"elementor-element elementor-element-058438f elementor-widget elementor-widget-spacer\" data-id=\"058438f\" data-element_type=\"widget\" data-e-type=\"widget\" data-widget_type=\"spacer.default\">\n\t\t\t\t<div class=\"elementor-widget-container\">\n\t\t\t\t\t\t\t<div class=\"elementor-spacer\">\n\t\t\t<div class=\"elementor-spacer-inner\"><\/div>\n\t\t<\/div>\n\t\t\t\t\t\t<\/div>\n\t\t\t\t<\/div>\n\t\t\t\t<div class=\"elementor-element elementor-element-9738d37 elementor-widget elementor-widget-heading\" data-id=\"9738d37\" data-element_type=\"widget\" data-e-type=\"widget\" data-widget_type=\"heading.default\">\n\t\t\t\t<div class=\"elementor-widget-container\">\n\t\t\t\t\t<h2 class=\"elementor-heading-title elementor-size-default\">Il ruolo cruciale della digitalizzazione per le PMI: passi per iniziare<\/h2>\t\t\t\t<\/div>\n\t\t\t\t<\/div>\n\t\t\t\t<div class=\"elementor-element elementor-element-64a6c5e elementor-widget-divider--view-line elementor-widget elementor-widget-divider\" data-id=\"64a6c5e\" data-element_type=\"widget\" data-e-type=\"widget\" data-widget_type=\"divider.default\">\n\t\t\t\t<div class=\"elementor-widget-container\">\n\t\t\t\t\t\t\t<div class=\"elementor-divider\">\n\t\t\t<span class=\"elementor-divider-separator\">\n\t\t\t\t\t\t<\/span>\n\t\t<\/div>\n\t\t\t\t\t\t<\/div>\n\t\t\t\t<\/div>\n\t\t\t\t<div class=\"elementor-element elementor-element-89b2faf elementor-widget elementor-widget-spacer\" data-id=\"89b2faf\" data-element_type=\"widget\" data-e-type=\"widget\" data-widget_type=\"spacer.default\">\n\t\t\t\t<div class=\"elementor-widget-container\">\n\t\t\t\t\t\t\t<div class=\"elementor-spacer\">\n\t\t\t<div class=\"elementor-spacer-inner\"><\/div>\n\t\t<\/div>\n\t\t\t\t\t\t<\/div>\n\t\t\t\t<\/div>\n\t\t\t\t\t<\/div>\n\t\t<\/div>\n\t\t\t\t\t<\/div>\n\t\t<\/section>\n\t\t\t\t<section class=\"elementor-section elementor-top-section elementor-element elementor-element-a5f4bdc elementor-section-boxed elementor-section-height-default elementor-section-height-default\" data-id=\"a5f4bdc\" data-element_type=\"section\" data-e-type=\"section\" data-settings=\"{&quot;_ha_eqh_enable&quot;:false}\">\n\t\t\t\t\t\t<div class=\"elementor-container elementor-column-gap-default\">\n\t\t\t\t\t<div class=\"elementor-column elementor-col-100 elementor-top-column elementor-element elementor-element-c572795\" data-id=\"c572795\" data-element_type=\"column\" data-e-type=\"column\">\n\t\t\t<div class=\"elementor-widget-wrap elementor-element-populated\">\n\t\t\t\t\t\t<div class=\"elementor-element elementor-element-388094b elementor-widget elementor-widget-spacer\" data-id=\"388094b\" data-element_type=\"widget\" data-e-type=\"widget\" data-widget_type=\"spacer.default\">\n\t\t\t\t<div class=\"elementor-widget-container\">\n\t\t\t\t\t\t\t<div class=\"elementor-spacer\">\n\t\t\t<div class=\"elementor-spacer-inner\"><\/div>\n\t\t<\/div>\n\t\t\t\t\t\t<\/div>\n\t\t\t\t<\/div>\n\t\t\t\t<div class=\"elementor-element elementor-element-dd4a1e4 elementor-widget elementor-widget-text-editor\" data-id=\"dd4a1e4\" data-element_type=\"widget\" data-e-type=\"widget\" data-widget_type=\"text-editor.default\">\n\t\t\t\t<div class=\"elementor-widget-container\">\n\t\t\t\t\t\t\t\t\t<p><span style=\"font-weight: 400;\">Nel rapido evolversi dell\u2019attuale contesto imprenditoriale, la digitalizzazione non \u00e8 pi\u00f9 un lusso ma una necessit\u00e0 per le piccole e medie imprese (PMI). L\u2019integrazione delle tecnologie digitali in tutte le aree delle operazioni aziendali pu\u00f2 portare a miglioramenti significativi in \u200b\u200btermini di efficienza, coinvolgimento dei clienti e competitivit\u00e0. Questo articolo esplora le ragioni per cui la digitalizzazione possa considerarsi fondamentale per le PMI e delinea i passaggi pratici per avviare il processo di digitalizzazione delle aziende.<\/span><\/p><p>\u00a0<\/p><p><span style=\"font-weight: 400;\">La digitalizzazione \u00e8 essenziale per le PMI per varie ragioni:<\/span><\/p><ol><li><span style=\"font-weight: 400;\"> Una maggiore efficienza e produttivit\u00e0: gli strumenti digitali semplificano i processi aziendali, riducono gli errori manuali e fanno risparmiare tempo. L&#8217;automazione delle attivit\u00e0 di routine, come la fatturazione e la gestione dell&#8217;inventario, consente ai dipendenti di concentrarsi su attivit\u00e0 di maggior valore.<\/span><\/li><li><span style=\"font-weight: 400;\"> Una migliore esperienza del cliente: la digitalizzazione consente alle PMI di fornire un\u2019esperienza al cliente fluida e personalizzata. Strumenti come i sistemi di gestione delle relazioni con i clienti (CRM), i social media e le piattaforme di e-commerce aiutano le aziende a comprendere e soddisfare le esigenze dei clienti in modo pi\u00f9 efficace.<\/span><\/li><li><span style=\"font-weight: 400;\"> Una riduzione dei costi: l\u2019implementazione di soluzioni digitali all\u2019interno delle aziende pu\u00f2 ridurre significativamente i costi operativi. Ad esempio, il cloud computing elimina la necessit\u00e0 di costosi server locali e il marketing digitale \u00e8 spesso pi\u00f9 conveniente rispetto ai metodi di marketing tradizionali.<\/span><\/li><li><span style=\"font-weight: 400;\"> Un processo decisionale basato sui dati: le tecnologie digitali permettono di accedere a dati ed effettuare analisi in tempo reale, consentendo alle PMI di prendere decisioni informate. Gli \u201cinsight\u201d sui dati permettono di identificare tendenze, prevedere il comportamento dei clienti e ottimizzare le operazioni.<\/span><\/li><li><span style=\"font-weight: 400;\"> Un vantaggio competitivo: stare al passo con i concorrenti richiede un\u2019innovazione continua. La digitalizzazione aiuta le PMI ad adottare nuovi modelli di business, a migliorare prodotti e servizi e a rispondere rapidamente ai cambiamenti del mercato.<\/span><\/li><\/ol><p>\u00a0<\/p><p><span style=\"font-weight: 400;\">I passi per iniziare il percorso di digitalizzazione di una PMI<\/span><\/p><ol><li><span style=\"font-weight: 400;\"> Valutare l\u2019attuale maturit\u00e0 digitale: iniziare valutando lo stato attuale dell\u2019adozione digitale all\u2019interno dell\u2019azienda, identificare gli strumenti e i processi digitali esistenti e comprendere le lacune che devono essere colmate. Questa valutazione aiuter\u00e0 a dare priorit\u00e0 alle aree di investimento \u201cdigitali\u201d. <\/span><b>Puoi<\/b> <b>utilizzare la nostra autovalutazione DIGIT-UP gratuita ed accessibile sulla piattaforma online DIGIT UP disponibile all&#8217;indirizzo: https:\/\/campusgeinnovaikigai.com\/login\/index.php?c=_digitup<\/b><\/li><li><span style=\"font-weight: 400;\"> Sviluppare una strategia digitale, definendo obiettivi chiari per la digitalizzazione. Obiettivi tipici sono: includere il miglioramento dell\u2019esperienza del cliente, l\u2019aumento dell\u2019efficienza operativa o l\u2019espansione della portata del mercato, allineare la strategia digitale agli obiettivi aziendali generali e allocare le risorse di conseguenza.<\/span><\/li><li><span style=\"font-weight: 400;\"> Investire in strumenti e tecnologie digitali: in base alla strategia digitale definita, vanno selezionati gli strumenti e le tecnologie adeguate. I punti di partenza comuni possono includere:<\/span><\/li><\/ol><ul><li><span style=\"font-weight: 400;\"> Sistemi di Customer Relationship Management (CRM) per la gestione delle interazioni con i clienti e il miglioramento del servizio.<\/span><\/li><li><span style=\"font-weight: 400;\"> Sistemi ERP (Enterprise Resource Planning) per l&#8217;integrazione dei processi aziendali <\/span><i><span style=\"font-weight: 400;\">core<\/span><\/i><span style=\"font-weight: 400;\">.<\/span><\/li><li><span style=\"font-weight: 400;\"> Piattaforme e-commerce per ampliare i canali di vendita.<\/span><\/li><li><span style=\"font-weight: 400;\"> Strumenti di marketing digitale per migliorare la presenza online e il coinvolgimento dei clienti.<\/span><\/li><li><span style=\"font-weight: 400;\"> Cloud computing per un&#8217;infrastruttura IT scalabile ed economicamente vantaggiosa.<\/span><\/li><\/ul><ol start=\"4\"><li><span style=\"font-weight: 400;\"> Formare i dipendenti, garantendo che i dipendenti siano dotati delle competenze digitali necessarie, attraverso sessioni di formazione e supporto continuo per aiutare il personale ad adattarsi alle nuove tecnologie e processi. Una forza lavoro digitalmente alfabetizzata \u00e8 fondamentale per il successo delle iniziative digitali. <\/span><b>Il corso di formazione DIGIT UP \u00e8 un ottimo punto di partenza!<\/b> <b>Scopri il nostro corso sulla piattaforma online DIGIT UP.<\/b><\/li><li><span style=\"font-weight: 400;\"> Implementare misure di sicurezza informatica, perch\u00e9 proteggere le risorse digitali \u00e8 vitale. Nello specifico, investire in solide misure di sicurezza informatica, inclusi firewall, crittografia e formazione dei dipendenti sulle migliori pratiche per la sicurezza dei dati, aggiornare regolarmente i protocolli di sicurezza per combattere le minacce emergenti.<\/span><\/li><li><span style=\"font-weight: 400;\"> Sfruttare l&#8217;analisi dei dati: utilizzare l&#8217;analisi dei dati per monitorare le prestazioni delle iniziative digitali. Nello specifico, raccogliere e analizzare i dati per ottenere informazioni dettagliate sul comportamento dei clienti, sull&#8217;efficienza operativa e sulle tendenze del mercato, utilizzare queste informazioni per perfezionare le strategie e favorire la crescita del business.<\/span><\/li><li><span style=\"font-weight: 400;\"> Interagire con comunit\u00e0 e reti digitali: connettersi con altre aziende, con esperti digitali e associazioni di settore. La partecipazione alle comunit\u00e0 digitali pu\u00f2 fornire informazioni preziose, la condivisione di migliori pratiche e la promozione di collaborazioni che migliorino gli sforzi di trasformazione digitale.<\/span><\/li><\/ol><p>\u00a0<\/p><p><span style=\"font-weight: 400;\">La digitalizzazione offre immense opportunit\u00e0 alle PMI per migliorare le proprie operazioni, interagire con i clienti e rimanere competitive in un mercato dinamico. Valutando attentamente la loro attuale maturit\u00e0 digitale, sviluppando una chiara strategia digitale, investendo negli strumenti giusti, formando i dipendenti e mantenendo una solida sicurezza informatica, le PMI possono intraprendere un percorso di digitalizzazione di successo. Abbracciare la trasformazione digitale non solo favorisce la crescita, ma garantisce anche la sostenibilit\u00e0 a lungo termine in un contesto imprenditoriale in continua evoluzione<\/span><\/p>\t\t\t\t\t\t\t\t<\/div>\n\t\t\t\t<\/div>\n\t\t\t\t<div class=\"elementor-element elementor-element-fef95e3 elementor-widget elementor-widget-spacer\" data-id=\"fef95e3\" data-element_type=\"widget\" data-e-type=\"widget\" data-widget_type=\"spacer.default\">\n\t\t\t\t<div class=\"elementor-widget-container\">\n\t\t\t\t\t\t\t<div class=\"elementor-spacer\">\n\t\t\t<div class=\"elementor-spacer-inner\"><\/div>\n\t\t<\/div>\n\t\t\t\t\t\t<\/div>\n\t\t\t\t<\/div>\n\t\t\t\t\t<\/div>\n\t\t<\/div>\n\t\t\t\t\t<\/div>\n\t\t<\/section>\n\t\t\t\t<section class=\"elementor-section elementor-top-section elementor-element elementor-element-c8024f7 elementor-section-boxed elementor-section-height-default elementor-section-height-default\" data-id=\"c8024f7\" data-element_type=\"section\" data-e-type=\"section\" data-settings=\"{&quot;_ha_eqh_enable&quot;:false}\">\n\t\t\t\t\t\t<div class=\"elementor-container elementor-column-gap-default\">\n\t\t\t\t\t<div class=\"elementor-column elementor-col-33 elementor-top-column elementor-element elementor-element-3aad12f\" data-id=\"3aad12f\" data-element_type=\"column\" data-e-type=\"column\">\n\t\t\t<div class=\"elementor-widget-wrap elementor-element-populated\">\n\t\t\t\t\t\t<div class=\"elementor-element elementor-element-53bb254 elementor-widget elementor-widget-spacer\" data-id=\"53bb254\" data-element_type=\"widget\" data-e-type=\"widget\" data-widget_type=\"spacer.default\">\n\t\t\t\t<div class=\"elementor-widget-container\">\n\t\t\t\t\t\t\t<div class=\"elementor-spacer\">\n\t\t\t<div class=\"elementor-spacer-inner\"><\/div>\n\t\t<\/div>\n\t\t\t\t\t\t<\/div>\n\t\t\t\t<\/div>\n\t\t\t\t<div class=\"elementor-element elementor-element-d8fbedf elementor-widget elementor-widget-image\" data-id=\"d8fbedf\" data-element_type=\"widget\" data-e-type=\"widget\" data-widget_type=\"image.default\">\n\t\t\t\t<div class=\"elementor-widget-container\">\n\t\t\t\t\t\t\t\t\t\t\t\t\t\t\t<img decoding=\"async\" width=\"300\" height=\"63\" src=\"https:\/\/digit-up.eu\/wp-content\/uploads\/2023\/01\/EN-Co-funded-by-the-EU_PANTONE-1-300x63.jpg\" class=\"attachment-medium size-medium wp-image-132\" alt=\"\" srcset=\"https:\/\/digit-up.eu\/wp-content\/uploads\/2023\/01\/EN-Co-funded-by-the-EU_PANTONE-1-300x63.jpg 300w, https:\/\/digit-up.eu\/wp-content\/uploads\/2023\/01\/EN-Co-funded-by-the-EU_PANTONE-1-1024x215.jpg 1024w, https:\/\/digit-up.eu\/wp-content\/uploads\/2023\/01\/EN-Co-funded-by-the-EU_PANTONE-1-768x161.jpg 768w, https:\/\/digit-up.eu\/wp-content\/uploads\/2023\/01\/EN-Co-funded-by-the-EU_PANTONE-1-1536x322.jpg 1536w, https:\/\/digit-up.eu\/wp-content\/uploads\/2023\/01\/EN-Co-funded-by-the-EU_PANTONE-1-2048x430.jpg 2048w, https:\/\/digit-up.eu\/wp-content\/uploads\/2023\/01\/EN-Co-funded-by-the-EU_PANTONE-1-720x151.jpg 720w\" sizes=\"(max-width: 300px) 100vw, 300px\" \/>\t\t\t\t\t\t\t\t\t\t\t\t\t\t\t<\/div>\n\t\t\t\t<\/div>\n\t\t\t\t<div class=\"elementor-element elementor-element-bd93462 elementor-widget elementor-widget-text-editor\" data-id=\"bd93462\" data-element_type=\"widget\" data-e-type=\"widget\" data-widget_type=\"text-editor.default\">\n\t\t\t\t<div class=\"elementor-widget-container\">\n\t\t\t\t\t\t\t\t\t<p>Finanziato dall&#8217;Unione europea. Le opinioni espresse appartengono, tuttavia, al solo o ai soli autori e non riflettono necessariamente le opinioni dell&#8217;Unione europea o dell\u2019Agenzia esecutiva europea per l\u2019istruzione e la cultura (EACEA). N\u00e9 l&#8217;Unione europea n\u00e9 l&#8217;EACEA possono esserne ritenute responsabili. 2022-1-CZ01-KA220-VET- 000086461<\/p>\t\t\t\t\t\t\t\t<\/div>\n\t\t\t\t<\/div>\n\t\t\t\t\t<\/div>\n\t\t<\/div>\n\t\t\t\t<div class=\"elementor-column elementor-col-33 elementor-top-column elementor-element elementor-element-8cd3883\" data-id=\"8cd3883\" data-element_type=\"column\" data-e-type=\"column\">\n\t\t\t<div class=\"elementor-widget-wrap\">\n\t\t\t\t\t\t\t<\/div>\n\t\t<\/div>\n\t\t\t\t<div class=\"elementor-column elementor-col-33 elementor-top-column elementor-element elementor-element-11766fa\" data-id=\"11766fa\" data-element_type=\"column\" data-e-type=\"column\">\n\t\t\t<div class=\"elementor-widget-wrap elementor-element-populated\">\n\t\t\t\t\t\t<div class=\"elementor-element elementor-element-4c01dda elementor-widget elementor-widget-spacer\" data-id=\"4c01dda\" data-element_type=\"widget\" data-e-type=\"widget\" data-widget_type=\"spacer.default\">\n\t\t\t\t<div class=\"elementor-widget-container\">\n\t\t\t\t\t\t\t<div class=\"elementor-spacer\">\n\t\t\t<div class=\"elementor-spacer-inner\"><\/div>\n\t\t<\/div>\n\t\t\t\t\t\t<\/div>\n\t\t\t\t<\/div>\n\t\t\t\t<div class=\"elementor-element elementor-element-6575147 elementor-widget elementor-widget-image\" data-id=\"6575147\" data-element_type=\"widget\" data-e-type=\"widget\" data-widget_type=\"image.default\">\n\t\t\t\t<div class=\"elementor-widget-container\">\n\t\t\t\t\t\t\t\t\t\t\t\t\t\t\t<img decoding=\"async\" width=\"150\" height=\"150\" src=\"https:\/\/digit-up.eu\/wp-content\/uploads\/2023\/01\/LOGO-NO-BG-150x150.png\" class=\"attachment-thumbnail size-thumbnail wp-image-133\" alt=\"\" srcset=\"https:\/\/digit-up.eu\/wp-content\/uploads\/2023\/01\/LOGO-NO-BG-150x150.png 150w, https:\/\/digit-up.eu\/wp-content\/uploads\/2023\/01\/LOGO-NO-BG-300x300.png 300w, https:\/\/digit-up.eu\/wp-content\/uploads\/2023\/01\/LOGO-NO-BG-1024x1024.png 1024w, https:\/\/digit-up.eu\/wp-content\/uploads\/2023\/01\/LOGO-NO-BG-768x768.png 768w, https:\/\/digit-up.eu\/wp-content\/uploads\/2023\/01\/LOGO-NO-BG-720x720.png 720w, https:\/\/digit-up.eu\/wp-content\/uploads\/2023\/01\/LOGO-NO-BG-360x360.png 360w, https:\/\/digit-up.eu\/wp-content\/uploads\/2023\/01\/LOGO-NO-BG.png 1280w\" sizes=\"(max-width: 150px) 100vw, 150px\" \/>\t\t\t\t\t\t\t\t\t\t\t\t\t\t\t<\/div>\n\t\t\t\t<\/div>\n\t\t\t\t<div class=\"elementor-element elementor-element-c252dfd elementor-shape-circle e-grid-align-right elementor-grid-0 elementor-widget elementor-widget-social-icons\" data-id=\"c252dfd\" data-element_type=\"widget\" data-e-type=\"widget\" data-widget_type=\"social-icons.default\">\n\t\t\t\t<div class=\"elementor-widget-container\">\n\t\t\t\t\t\t\t<div class=\"elementor-social-icons-wrapper elementor-grid\" role=\"list\">\n\t\t\t\t\t\t\t<span class=\"elementor-grid-item\" role=\"listitem\">\n\t\t\t\t\t<a class=\"elementor-icon elementor-social-icon elementor-social-icon-facebook elementor-repeater-item-cd8515c\" href=\"https:\/\/www.facebook.com\/digitupproject\/\" target=\"_blank\">\n\t\t\t\t\t\t<span class=\"elementor-screen-only\">Facebook<\/span>\n\t\t\t\t\t\t<i aria-hidden=\"true\" class=\"fab fa-facebook\"><\/i>\t\t\t\t\t<\/a>\n\t\t\t\t<\/span>\n\t\t\t\t\t\t\t<span class=\"elementor-grid-item\" role=\"listitem\">\n\t\t\t\t\t<a class=\"elementor-icon elementor-social-icon elementor-social-icon-instagram elementor-repeater-item-f68a4e0\" href=\"https:\/\/www.instagram.com\/digitup_project\/\" target=\"_blank\">\n\t\t\t\t\t\t<span class=\"elementor-screen-only\">Instagram<\/span>\n\t\t\t\t\t\t<i aria-hidden=\"true\" class=\"fab fa-instagram\"><\/i>\t\t\t\t\t<\/a>\n\t\t\t\t<\/span>\n\t\t\t\t\t\t\t<span class=\"elementor-grid-item\" role=\"listitem\">\n\t\t\t\t\t<a class=\"elementor-icon elementor-social-icon elementor-social-icon-linkedin elementor-repeater-item-01b31e7\" href=\"https:\/\/www.linkedin.com\/company\/digit-up\/\" target=\"_blank\">\n\t\t\t\t\t\t<span class=\"elementor-screen-only\">Linkedin<\/span>\n\t\t\t\t\t\t<i aria-hidden=\"true\" class=\"fab fa-linkedin\"><\/i>\t\t\t\t\t<\/a>\n\t\t\t\t<\/span>\n\t\t\t\t\t<\/div>\n\t\t\t\t\t\t<\/div>\n\t\t\t\t<\/div>\n\t\t\t\t\t<\/div>\n\t\t<\/div>\n\t\t\t\t\t<\/div>\n\t\t<\/section>\n\t\t\t\t<section class=\"elementor-section elementor-top-section elementor-element elementor-element-8dbae05 elementor-section-boxed elementor-section-height-default elementor-section-height-default\" data-id=\"8dbae05\" data-element_type=\"section\" data-e-type=\"section\" data-settings=\"{&quot;_ha_eqh_enable&quot;:false}\">\n\t\t\t\t\t\t<div class=\"elementor-container elementor-column-gap-default\">\n\t\t\t\t\t<div class=\"elementor-column elementor-col-100 elementor-top-column elementor-element elementor-element-501a9fd\" data-id=\"501a9fd\" data-element_type=\"column\" data-e-type=\"column\">\n\t\t\t<div class=\"elementor-widget-wrap elementor-element-populated\">\n\t\t\t\t\t\t<div class=\"elementor-element elementor-element-79a3754 elementor-widget-divider--view-line elementor-widget elementor-widget-divider\" data-id=\"79a3754\" data-element_type=\"widget\" data-e-type=\"widget\" data-widget_type=\"divider.default\">\n\t\t\t\t<div class=\"elementor-widget-container\">\n\t\t\t\t\t\t\t<div class=\"elementor-divider\">\n\t\t\t<span class=\"elementor-divider-separator\">\n\t\t\t\t\t\t<\/span>\n\t\t<\/div>\n\t\t\t\t\t\t<\/div>\n\t\t\t\t<\/div>\n\t\t\t\t\t<\/div>\n\t\t<\/div>\n\t\t\t\t\t<\/div>\n\t\t<\/section>\n\t\t\t\t<section class=\"elementor-section elementor-top-section elementor-element elementor-element-6eebe3b elementor-section-boxed elementor-section-height-default elementor-section-height-default\" data-id=\"6eebe3b\" data-element_type=\"section\" data-e-type=\"section\" data-settings=\"{&quot;_ha_eqh_enable&quot;:false}\">\n\t\t\t\t\t\t<div class=\"elementor-container elementor-column-gap-default\">\n\t\t\t\t\t<div class=\"elementor-column elementor-col-33 elementor-top-column elementor-element elementor-element-de5c32f\" data-id=\"de5c32f\" data-element_type=\"column\" data-e-type=\"column\">\n\t\t\t<div class=\"elementor-widget-wrap elementor-element-populated\">\n\t\t\t\t\t\t<div class=\"elementor-element elementor-element-62104ba elementor-widget elementor-widget-text-editor\" data-id=\"62104ba\" data-element_type=\"widget\" data-e-type=\"widget\" data-widget_type=\"text-editor.default\">\n\t\t\t\t<div class=\"elementor-widget-container\">\n\t\t\t\t\t\t\t\t\t<p>Copyright \u00a9 2023 Digital Upgrade Skilling. All Rights Reserved<\/p>\t\t\t\t\t\t\t\t<\/div>\n\t\t\t\t<\/div>\n\t\t\t\t\t<\/div>\n\t\t<\/div>\n\t\t\t\t<div class=\"elementor-column elementor-col-33 elementor-top-column elementor-element elementor-element-57a14fd\" data-id=\"57a14fd\" data-element_type=\"column\" data-e-type=\"column\">\n\t\t\t<div class=\"elementor-widget-wrap elementor-element-populated\">\n\t\t\t\t\t\t<div class=\"elementor-element elementor-element-7730f28 elementor-widget elementor-widget-text-editor\" data-id=\"7730f28\" data-element_type=\"widget\" data-e-type=\"widget\" data-widget_type=\"text-editor.default\">\n\t\t\t\t<div class=\"elementor-widget-container\">\n\t\t\t\t\t\t\t\t\t<a style=\"color: black;\" href=\"https:\/\/digit-up.eu\/index.php\/terms-of-use\/\" target=\"_blank\" rel=\"noopener\">Terms of Use<\/a>\t\t\t\t\t\t\t\t<\/div>\n\t\t\t\t<\/div>\n\t\t\t\t\t<\/div>\n\t\t<\/div>\n\t\t\t\t<div class=\"elementor-column elementor-col-33 elementor-top-column elementor-element elementor-element-3311762\" data-id=\"3311762\" data-element_type=\"column\" data-e-type=\"column\">\n\t\t\t<div class=\"elementor-widget-wrap elementor-element-populated\">\n\t\t\t\t\t\t<div class=\"elementor-element elementor-element-36ef50e elementor-widget elementor-widget-text-editor\" data-id=\"36ef50e\" data-element_type=\"widget\" data-e-type=\"widget\" data-widget_type=\"text-editor.default\">\n\t\t\t\t<div class=\"elementor-widget-container\">\n\t\t\t\t\t\t\t\t\t<span style=\"color: #797979; text-align: left;\">Powered by\u00a0<\/span><a style=\"color: #797979; text-align: right;\" href=\"https:\/\/innovationhive.eu\/\" target=\"_blank\" rel=\"noopener\">Innovation Hive<\/a>\t\t\t\t\t\t\t\t<\/div>\n\t\t\t\t<\/div>\n\t\t\t\t\t<\/div>\n\t\t<\/div>\n\t\t\t\t\t<\/div>\n\t\t<\/section>\n\t\t\t\t<\/div>\n\t\t","protected":false},"excerpt":{"rendered":"<p>Il ruolo cruciale della digitalizzazione per le PMI: passi per iniziare Nel rapido evolversi dell\u2019attuale contesto imprenditoriale, la digitalizzazione non [&hellip;]<\/p>\n","protected":false},"author":1,"featured_media":0,"parent":0,"menu_order":0,"comment_status":"closed","ping_status":"closed","template":"page-templates\/template_page-builder.php","meta":{"_eb_attr":"","_monsterinsights_skip_tracking":false,"_monsterinsights_sitenote_active":false,"_monsterinsights_sitenote_note":"","_monsterinsights_sitenote_category":0,"footnotes":""},"class_list":["post-2157","page","type-page","status-publish","hentry"],"aioseo_notices":[],"_links":{"self":[{"href":"https:\/\/digit-up.eu\/index.php\/wp-json\/wp\/v2\/pages\/2157","targetHints":{"allow":["GET"]}}],"collection":[{"href":"https:\/\/digit-up.eu\/index.php\/wp-json\/wp\/v2\/pages"}],"about":[{"href":"https:\/\/digit-up.eu\/index.php\/wp-json\/wp\/v2\/types\/page"}],"author":[{"embeddable":true,"href":"https:\/\/digit-up.eu\/index.php\/wp-json\/wp\/v2\/users\/1"}],"replies":[{"embeddable":true,"href":"https:\/\/digit-up.eu\/index.php\/wp-json\/wp\/v2\/comments?post=2157"}],"version-history":[{"count":4,"href":"https:\/\/digit-up.eu\/index.php\/wp-json\/wp\/v2\/pages\/2157\/revisions"}],"predecessor-version":[{"id":2161,"href":"https:\/\/digit-up.eu\/index.php\/wp-json\/wp\/v2\/pages\/2157\/revisions\/2161"}],"wp:attachment":[{"href":"https:\/\/digit-up.eu\/index.php\/wp-json\/wp\/v2\/media?parent=2157"}],"curies":[{"name":"wp","href":"https:\/\/api.w.org\/{rel}","templated":true}]}}