{"id":2165,"date":"2024-08-22T09:10:35","date_gmt":"2024-08-22T09:10:35","guid":{"rendered":"https:\/\/digit-up.eu\/?page_id=2165"},"modified":"2024-08-22T09:11:40","modified_gmt":"2024-08-22T09:11:40","slug":"digitaliseringens-avgjorende-rolle-for-sma-og-mellomstore-bedrifter-slik-kommer-du-i-gang","status":"publish","type":"page","link":"https:\/\/digit-up.eu\/index.php\/nb\/digitaliseringens-avgjorende-rolle-for-sma-og-mellomstore-bedrifter-slik-kommer-du-i-gang\/","title":{"rendered":"Digitaliseringens avgj\u00f8rende rolle for sm\u00e5 og mellomstore bedrifter: Slik kommer du i gang"},"content":{"rendered":"\t\t<div data-elementor-type=\"wp-page\" data-elementor-id=\"2165\" class=\"elementor elementor-2165\" data-elementor-settings=\"{&quot;ha_cmc_init_switcher&quot;:&quot;no&quot;}\">\n\t\t\t\t\t\t<section class=\"elementor-section elementor-top-section elementor-element elementor-element-579bb9b elementor-section-boxed elementor-section-height-default elementor-section-height-default\" data-id=\"579bb9b\" data-element_type=\"section\" data-e-type=\"section\" data-settings=\"{&quot;background_background&quot;:&quot;classic&quot;,&quot;shape_divider_bottom&quot;:&quot;curve&quot;,&quot;shape_divider_bottom_negative&quot;:&quot;yes&quot;,&quot;_ha_eqh_enable&quot;:false}\">\n\t\t\t\t\t\t\t<div class=\"elementor-background-overlay\"><\/div>\n\t\t\t\t\t\t<div class=\"elementor-shape elementor-shape-bottom\" aria-hidden=\"true\" data-negative=\"true\">\n\t\t\t<svg xmlns=\"http:\/\/www.w3.org\/2000\/svg\" viewBox=\"0 0 1000 100\" preserveAspectRatio=\"none\">\n\t<path class=\"elementor-shape-fill\" d=\"M500,97C126.7,96.3,0.8,19.8,0,0v100l1000,0V1C1000,19.4,873.3,97.8,500,97z\"\/>\n<\/svg>\t\t<\/div>\n\t\t\t\t\t<div class=\"elementor-container elementor-column-gap-default\">\n\t\t\t\t\t<div class=\"elementor-column elementor-col-100 elementor-top-column elementor-element elementor-element-2abd048\" data-id=\"2abd048\" data-element_type=\"column\" data-e-type=\"column\">\n\t\t\t<div class=\"elementor-widget-wrap elementor-element-populated\">\n\t\t\t\t\t\t<div class=\"elementor-element elementor-element-058438f elementor-widget elementor-widget-spacer\" data-id=\"058438f\" data-element_type=\"widget\" data-e-type=\"widget\" data-widget_type=\"spacer.default\">\n\t\t\t\t<div class=\"elementor-widget-container\">\n\t\t\t\t\t\t\t<div class=\"elementor-spacer\">\n\t\t\t<div class=\"elementor-spacer-inner\"><\/div>\n\t\t<\/div>\n\t\t\t\t\t\t<\/div>\n\t\t\t\t<\/div>\n\t\t\t\t<div class=\"elementor-element elementor-element-9738d37 elementor-widget elementor-widget-heading\" data-id=\"9738d37\" data-element_type=\"widget\" data-e-type=\"widget\" data-widget_type=\"heading.default\">\n\t\t\t\t<div class=\"elementor-widget-container\">\n\t\t\t\t\t<h2 class=\"elementor-heading-title elementor-size-default\">Digitaliseringens avgj\u00f8rende rolle for sm\u00e5 og mellomstore bedrifter: Slik kommer du i gang<\/h2>\t\t\t\t<\/div>\n\t\t\t\t<\/div>\n\t\t\t\t<div class=\"elementor-element elementor-element-64a6c5e elementor-widget-divider--view-line elementor-widget elementor-widget-divider\" data-id=\"64a6c5e\" data-element_type=\"widget\" data-e-type=\"widget\" data-widget_type=\"divider.default\">\n\t\t\t\t<div class=\"elementor-widget-container\">\n\t\t\t\t\t\t\t<div class=\"elementor-divider\">\n\t\t\t<span class=\"elementor-divider-separator\">\n\t\t\t\t\t\t<\/span>\n\t\t<\/div>\n\t\t\t\t\t\t<\/div>\n\t\t\t\t<\/div>\n\t\t\t\t<div class=\"elementor-element elementor-element-89b2faf elementor-widget elementor-widget-spacer\" data-id=\"89b2faf\" data-element_type=\"widget\" data-e-type=\"widget\" data-widget_type=\"spacer.default\">\n\t\t\t\t<div class=\"elementor-widget-container\">\n\t\t\t\t\t\t\t<div class=\"elementor-spacer\">\n\t\t\t<div class=\"elementor-spacer-inner\"><\/div>\n\t\t<\/div>\n\t\t\t\t\t\t<\/div>\n\t\t\t\t<\/div>\n\t\t\t\t\t<\/div>\n\t\t<\/div>\n\t\t\t\t\t<\/div>\n\t\t<\/section>\n\t\t\t\t<section class=\"elementor-section elementor-top-section elementor-element elementor-element-a5f4bdc elementor-section-boxed elementor-section-height-default elementor-section-height-default\" data-id=\"a5f4bdc\" data-element_type=\"section\" data-e-type=\"section\" data-settings=\"{&quot;_ha_eqh_enable&quot;:false}\">\n\t\t\t\t\t\t<div class=\"elementor-container elementor-column-gap-default\">\n\t\t\t\t\t<div class=\"elementor-column elementor-col-100 elementor-top-column elementor-element elementor-element-c572795\" data-id=\"c572795\" data-element_type=\"column\" data-e-type=\"column\">\n\t\t\t<div class=\"elementor-widget-wrap elementor-element-populated\">\n\t\t\t\t\t\t<div class=\"elementor-element elementor-element-388094b elementor-widget elementor-widget-spacer\" data-id=\"388094b\" data-element_type=\"widget\" data-e-type=\"widget\" data-widget_type=\"spacer.default\">\n\t\t\t\t<div class=\"elementor-widget-container\">\n\t\t\t\t\t\t\t<div class=\"elementor-spacer\">\n\t\t\t<div class=\"elementor-spacer-inner\"><\/div>\n\t\t<\/div>\n\t\t\t\t\t\t<\/div>\n\t\t\t\t<\/div>\n\t\t\t\t<div class=\"elementor-element elementor-element-dd4a1e4 elementor-widget elementor-widget-text-editor\" data-id=\"dd4a1e4\" data-element_type=\"widget\" data-e-type=\"widget\" data-widget_type=\"text-editor.default\">\n\t\t\t\t<div class=\"elementor-widget-container\">\n\t\t\t\t\t\t\t\t\t<p><span style=\"font-weight: 400;\">I dagens raskt utviklende forretningslandskap er digitalisering ikke lenger en luksus, men en n\u00f8dvendighet for sm\u00e5 og mellomstore bedrifter (SMB-er). Integrering av digital teknologi i alle deler av forretningsdriften kan f\u00f8re til betydelige forbedringer n\u00e5r det gjelder effektivitet, kundeengasjement og generell konkurranseevne. Denne artikkelen tar for seg hvorfor digitalisering er grunnleggende for SMB-er, og skisserer praktiske trinn for \u00e5 komme i gang med digitaliseringsprosessen.<\/span><\/p><p>\u00a0<\/p><ol><li><span style=\"font-weight: 400;\"> \u00d8kt effektivitet og produktivitet: Digitale verkt\u00f8y effektiviserer forretningsprosessene, reduserer manuelle feil og sparer tid. Automatisering av rutineoppgaver, som fakturering og lagerstyring, gj\u00f8r at de ansatte kan fokusere p\u00e5 aktiviteter med h\u00f8yere verdi.<\/span><\/li><li><span style=\"font-weight: 400;\"> Forbedret kundeopplevelse: Digitalisering gj\u00f8r det mulig for sm\u00e5 og mellomstore bedrifter \u00e5 tilby en s\u00f8ml\u00f8s og personlig kundeopplevelse. Verkt\u00f8y som CRM-systemer (Customer Relationship Management), sosiale medier og e-handelsplattformer hjelper bedrifter med \u00e5 forst\u00e5 og m\u00f8te kundenes behov p\u00e5 en mer effektiv m\u00e5te.<\/span><\/li><li><span style=\"font-weight: 400;\"> Kostnadsreduksjon: Implementering av digitale l\u00f8sninger kan redusere driftskostnadene betydelig. Skytjenester eliminerer for eksempel behovet for dyre lokale servere, og digital markedsf\u00f8ring er ofte mer kostnadseffektivt enn tradisjonelle metoder.<\/span><\/li><li><span style=\"font-weight: 400;\"> Datadrevet beslutningstaking: Digital teknologi gir tilgang til data og analyser i sanntid, noe som gj\u00f8r det mulig for SMB-er \u00e5 ta informerte beslutninger. Datainnsikt kan identifisere trender, optimalisere driften og forutsi kundeatferd.<\/span><\/li><li><span style=\"font-weight: 400;\"> Konkurransefortrinn: For \u00e5 holde seg foran konkurrentene kreves det kontinuerlig innovasjon. Digitalisering hjelper SMB-er med \u00e5 ta i bruk nye forretningsmodeller, forbedre produkter og tjenester og reagere raskt p\u00e5 markedsendringer.<\/span><\/li><\/ol><p>\u00a0<\/p><p><span style=\"font-weight: 400;\">Hvordan sm\u00e5 og mellomstore bedrifter kan begynne sin digitaliseringsreise<\/span><\/p><ol><li><span style=\"font-weight: 400;\"> Vurder n\u00e5v\u00e6rende digital modenhet: Begynn med \u00e5 evaluere den n\u00e5v\u00e6rende digitale adopsjonen i virksomheten. Identifiser eksisterende digitale verkt\u00f8y og prosesser, og finn ut hvilke hull som m\u00e5 tettes. Denne vurderingen vil bidra til \u00e5 prioritere omr\u00e5der for digitale investeringer. <\/span><b>Du kan bruke v\u00e5r gratis DIGIT UP-egenvurdering som er tilgjengelig p\u00e5 DIGIT UPs nettbaserte plattform p\u00e5:<\/b><b><br \/><\/b><a href=\"https:\/\/campusgeinnovaikigai.com\/login\/index.php?c=_digitup\"><b>https:\/\/campusgeinnovaikigai.com\/login\/index.php?c=_digitup<\/b><\/a><b><\/b><\/li><li><span style=\"font-weight: 400;\"> Utvikle en digital strategi: Definer klare m\u00e5l for digitaliseringen. Det kan for eksempel v\u00e6re \u00e5 forbedre kundeopplevelsen, \u00f8ke driftseffektiviteten eller utvide markedsrekkevidden. Tilpass den digitale strategien til de overordnede forretningsm\u00e5lene, og alloker ressurser deretter.<\/span><\/li><li><span style=\"font-weight: 400;\"> Invester i digitale verkt\u00f8y og teknologier: Basert p\u00e5 den digitale strategien velger du de riktige verkt\u00f8yene og teknologiene. Vanlige utgangspunkter er blant annet<\/span><\/li><\/ol><ul><li style=\"font-weight: 400;\" aria-level=\"1\"><span style=\"font-weight: 400;\">CRM-systemer (Customer Relationship Management): for \u00e5 administrere kundeinteraksjoner og forbedre servicen.<\/span><\/li><li style=\"font-weight: 400;\" aria-level=\"1\"><span style=\"font-weight: 400;\">ERP-systemer (Enterprise Resource Planning): for integrering av kjernevirksomhetsprosesser.<\/span><\/li><li style=\"font-weight: 400;\" aria-level=\"1\"><span style=\"font-weight: 400;\">E-handelsplattformer: for \u00e5 utvide salgskanalene.<\/span><\/li><li style=\"font-weight: 400;\" aria-level=\"1\"><span style=\"font-weight: 400;\">Digitale markedsf\u00f8ringsverkt\u00f8y: for \u00f8kt tilstedev\u00e6relse p\u00e5 nettet og \u00f8kt kundeengasjement.<\/span><\/li><li style=\"font-weight: 400;\" aria-level=\"1\"><span style=\"font-weight: 400;\">Cloud computing: for skalerbar og kostnadseffektiv IT-infrastruktur.<\/span><\/li><\/ul><p>\u00a0<\/p><ol start=\"4\"><li><span style=\"font-weight: 400;\"> Gi de ansatte oppl\u00e6ring: S\u00f8rg for at de ansatte har de n\u00f8dvendige digitale ferdighetene. S\u00f8rg for oppl\u00e6ring og l\u00f8pende st\u00f8tte for \u00e5 hjelpe de ansatte med \u00e5 tilpasse seg ny teknologi og nye prosesser. En digitalt kompetent arbeidsstyrke er avgj\u00f8rende for \u00e5 lykkes med digitale initiativer. DIGIT UP-kurset er et godt sted \u00e5 starte. <\/span><b>Ta en titt p\u00e5 kurset v\u00e5rt p\u00e5 DIGIT UPs nettbaserte plattform.<\/b><\/li><li><span style=\"font-weight: 400;\"> Implementer cybersikkerhetstiltak: Det er avgj\u00f8rende \u00e5 beskytte digitale ressurser. Invester i robuste cybersikkerhetstiltak, inkludert brannmurer, kryptering og oppl\u00e6ring av ansatte i beste praksis for datasikkerhet. Oppdater sikkerhetsprotokollene jevnlig for \u00e5 bekjempe nye trusler.<\/span><\/li><li><span style=\"font-weight: 400;\"> Utnytt dataanalyse: Bruk dataanalyse til \u00e5 overv\u00e5ke resultatene av digitale initiativer. Samle inn og analyser data for \u00e5 f\u00e5 innsikt i kundeatferd, driftseffektivitet og markedstrender. Bruk denne innsikten til \u00e5 forbedre strategiene og skape vekst i virksomheten.<\/span><\/li><li><span style=\"font-weight: 400;\"> Delta i digitale fellesskap og nettverk: Kom i kontakt med andre bedrifter, digitale eksperter og bransjeorganisasjoner. Deltakelse i digitale fellesskap kan gi verdifull innsikt, dele beste praksis og fremme samarbeid som styrker arbeidet med digital transformasjon.<\/span><\/li><\/ol><p>\u00a0<\/p><p><span style=\"font-weight: 400;\">Digitalisering gir SMB-er enorme muligheter til \u00e5 forbedre driften, komme i dialog med kundene og forbli konkurransedyktige i et dynamisk marked. Ved \u00e5 foreta en grundig vurdering av den n\u00e5v\u00e6rende digitale modenheten, utvikle en tydelig digital strategi, investere i de riktige verkt\u00f8yene, l\u00e6re opp de ansatte og s\u00f8rge for god cybersikkerhet, kan sm\u00e5 og mellomstore bedrifter legge ut p\u00e5 en vellykket digitaliseringsreise. Digital transformasjon fremmer ikke bare vekst, men sikrer ogs\u00e5 langsiktig b\u00e6rekraft i et forretningslandskap i stadig utvikling.<\/span><\/p>\t\t\t\t\t\t\t\t<\/div>\n\t\t\t\t<\/div>\n\t\t\t\t<div class=\"elementor-element elementor-element-fef95e3 elementor-widget elementor-widget-spacer\" data-id=\"fef95e3\" data-element_type=\"widget\" data-e-type=\"widget\" data-widget_type=\"spacer.default\">\n\t\t\t\t<div class=\"elementor-widget-container\">\n\t\t\t\t\t\t\t<div class=\"elementor-spacer\">\n\t\t\t<div class=\"elementor-spacer-inner\"><\/div>\n\t\t<\/div>\n\t\t\t\t\t\t<\/div>\n\t\t\t\t<\/div>\n\t\t\t\t\t<\/div>\n\t\t<\/div>\n\t\t\t\t\t<\/div>\n\t\t<\/section>\n\t\t\t\t<section class=\"elementor-section elementor-top-section elementor-element elementor-element-c8024f7 elementor-section-boxed elementor-section-height-default elementor-section-height-default\" data-id=\"c8024f7\" data-element_type=\"section\" data-e-type=\"section\" data-settings=\"{&quot;_ha_eqh_enable&quot;:false}\">\n\t\t\t\t\t\t<div class=\"elementor-container elementor-column-gap-default\">\n\t\t\t\t\t<div class=\"elementor-column elementor-col-33 elementor-top-column elementor-element elementor-element-3aad12f\" data-id=\"3aad12f\" data-element_type=\"column\" data-e-type=\"column\">\n\t\t\t<div class=\"elementor-widget-wrap elementor-element-populated\">\n\t\t\t\t\t\t<div class=\"elementor-element elementor-element-53bb254 elementor-widget elementor-widget-spacer\" data-id=\"53bb254\" data-element_type=\"widget\" data-e-type=\"widget\" data-widget_type=\"spacer.default\">\n\t\t\t\t<div class=\"elementor-widget-container\">\n\t\t\t\t\t\t\t<div class=\"elementor-spacer\">\n\t\t\t<div class=\"elementor-spacer-inner\"><\/div>\n\t\t<\/div>\n\t\t\t\t\t\t<\/div>\n\t\t\t\t<\/div>\n\t\t\t\t<div class=\"elementor-element elementor-element-d8fbedf elementor-widget elementor-widget-image\" data-id=\"d8fbedf\" data-element_type=\"widget\" data-e-type=\"widget\" data-widget_type=\"image.default\">\n\t\t\t\t<div class=\"elementor-widget-container\">\n\t\t\t\t\t\t\t\t\t\t\t\t\t\t\t<img decoding=\"async\" width=\"300\" height=\"63\" src=\"https:\/\/digit-up.eu\/wp-content\/uploads\/2023\/01\/EN-Co-funded-by-the-EU_PANTONE-1-300x63.jpg\" class=\"attachment-medium size-medium wp-image-132\" alt=\"\" srcset=\"https:\/\/digit-up.eu\/wp-content\/uploads\/2023\/01\/EN-Co-funded-by-the-EU_PANTONE-1-300x63.jpg 300w, https:\/\/digit-up.eu\/wp-content\/uploads\/2023\/01\/EN-Co-funded-by-the-EU_PANTONE-1-1024x215.jpg 1024w, https:\/\/digit-up.eu\/wp-content\/uploads\/2023\/01\/EN-Co-funded-by-the-EU_PANTONE-1-768x161.jpg 768w, https:\/\/digit-up.eu\/wp-content\/uploads\/2023\/01\/EN-Co-funded-by-the-EU_PANTONE-1-1536x322.jpg 1536w, https:\/\/digit-up.eu\/wp-content\/uploads\/2023\/01\/EN-Co-funded-by-the-EU_PANTONE-1-2048x430.jpg 2048w, https:\/\/digit-up.eu\/wp-content\/uploads\/2023\/01\/EN-Co-funded-by-the-EU_PANTONE-1-720x151.jpg 720w\" sizes=\"(max-width: 300px) 100vw, 300px\" \/>\t\t\t\t\t\t\t\t\t\t\t\t\t\t\t<\/div>\n\t\t\t\t<\/div>\n\t\t\t\t<div class=\"elementor-element elementor-element-a4a2b72 elementor-widget elementor-widget-text-editor\" data-id=\"a4a2b72\" data-element_type=\"widget\" data-e-type=\"widget\" data-widget_type=\"text-editor.default\">\n\t\t\t\t<div class=\"elementor-widget-container\">\n\t\t\t\t\t\t\t\t\t<p>Finansiert av Den europeiske union. Synspunktene og meningene som kommer til uttrykk, er imidlertid kun forfatternes egne og gjenspeiler ikke n\u00f8dvendigvis synspunktene til EU eller European Education and Culture Executive Agency (EACEA). Verken EU eller EACEA kan holdes ansvarlig for dem. 2022-1-CZ01-KA220-VET- 000086461<\/p>\t\t\t\t\t\t\t\t<\/div>\n\t\t\t\t<\/div>\n\t\t\t\t\t<\/div>\n\t\t<\/div>\n\t\t\t\t<div class=\"elementor-column elementor-col-33 elementor-top-column elementor-element elementor-element-8cd3883\" data-id=\"8cd3883\" data-element_type=\"column\" data-e-type=\"column\">\n\t\t\t<div class=\"elementor-widget-wrap\">\n\t\t\t\t\t\t\t<\/div>\n\t\t<\/div>\n\t\t\t\t<div class=\"elementor-column elementor-col-33 elementor-top-column elementor-element elementor-element-11766fa\" data-id=\"11766fa\" data-element_type=\"column\" data-e-type=\"column\">\n\t\t\t<div class=\"elementor-widget-wrap elementor-element-populated\">\n\t\t\t\t\t\t<div class=\"elementor-element elementor-element-4c01dda elementor-widget elementor-widget-spacer\" data-id=\"4c01dda\" data-element_type=\"widget\" data-e-type=\"widget\" data-widget_type=\"spacer.default\">\n\t\t\t\t<div class=\"elementor-widget-container\">\n\t\t\t\t\t\t\t<div class=\"elementor-spacer\">\n\t\t\t<div class=\"elementor-spacer-inner\"><\/div>\n\t\t<\/div>\n\t\t\t\t\t\t<\/div>\n\t\t\t\t<\/div>\n\t\t\t\t<div class=\"elementor-element elementor-element-6575147 elementor-widget elementor-widget-image\" data-id=\"6575147\" data-element_type=\"widget\" data-e-type=\"widget\" data-widget_type=\"image.default\">\n\t\t\t\t<div class=\"elementor-widget-container\">\n\t\t\t\t\t\t\t\t\t\t\t\t\t\t\t<img decoding=\"async\" width=\"150\" height=\"150\" src=\"https:\/\/digit-up.eu\/wp-content\/uploads\/2023\/01\/LOGO-NO-BG-150x150.png\" class=\"attachment-thumbnail size-thumbnail wp-image-133\" alt=\"\" srcset=\"https:\/\/digit-up.eu\/wp-content\/uploads\/2023\/01\/LOGO-NO-BG-150x150.png 150w, https:\/\/digit-up.eu\/wp-content\/uploads\/2023\/01\/LOGO-NO-BG-300x300.png 300w, https:\/\/digit-up.eu\/wp-content\/uploads\/2023\/01\/LOGO-NO-BG-1024x1024.png 1024w, https:\/\/digit-up.eu\/wp-content\/uploads\/2023\/01\/LOGO-NO-BG-768x768.png 768w, https:\/\/digit-up.eu\/wp-content\/uploads\/2023\/01\/LOGO-NO-BG-720x720.png 720w, https:\/\/digit-up.eu\/wp-content\/uploads\/2023\/01\/LOGO-NO-BG-360x360.png 360w, https:\/\/digit-up.eu\/wp-content\/uploads\/2023\/01\/LOGO-NO-BG.png 1280w\" sizes=\"(max-width: 150px) 100vw, 150px\" \/>\t\t\t\t\t\t\t\t\t\t\t\t\t\t\t<\/div>\n\t\t\t\t<\/div>\n\t\t\t\t<div class=\"elementor-element elementor-element-c252dfd elementor-shape-circle e-grid-align-right elementor-grid-0 elementor-widget elementor-widget-social-icons\" data-id=\"c252dfd\" data-element_type=\"widget\" data-e-type=\"widget\" data-widget_type=\"social-icons.default\">\n\t\t\t\t<div class=\"elementor-widget-container\">\n\t\t\t\t\t\t\t<div class=\"elementor-social-icons-wrapper elementor-grid\" role=\"list\">\n\t\t\t\t\t\t\t<span class=\"elementor-grid-item\" role=\"listitem\">\n\t\t\t\t\t<a class=\"elementor-icon elementor-social-icon elementor-social-icon-facebook elementor-repeater-item-cd8515c\" href=\"https:\/\/www.facebook.com\/digitupproject\/\" target=\"_blank\">\n\t\t\t\t\t\t<span class=\"elementor-screen-only\">Facebook<\/span>\n\t\t\t\t\t\t<i aria-hidden=\"true\" class=\"fab fa-facebook\"><\/i>\t\t\t\t\t<\/a>\n\t\t\t\t<\/span>\n\t\t\t\t\t\t\t<span class=\"elementor-grid-item\" role=\"listitem\">\n\t\t\t\t\t<a class=\"elementor-icon elementor-social-icon elementor-social-icon-instagram elementor-repeater-item-f68a4e0\" href=\"https:\/\/www.instagram.com\/digitup_project\/\" target=\"_blank\">\n\t\t\t\t\t\t<span class=\"elementor-screen-only\">Instagram<\/span>\n\t\t\t\t\t\t<i aria-hidden=\"true\" class=\"fab fa-instagram\"><\/i>\t\t\t\t\t<\/a>\n\t\t\t\t<\/span>\n\t\t\t\t\t\t\t<span class=\"elementor-grid-item\" role=\"listitem\">\n\t\t\t\t\t<a class=\"elementor-icon elementor-social-icon elementor-social-icon-linkedin elementor-repeater-item-01b31e7\" href=\"https:\/\/www.linkedin.com\/company\/digit-up\/\" target=\"_blank\">\n\t\t\t\t\t\t<span class=\"elementor-screen-only\">Linkedin<\/span>\n\t\t\t\t\t\t<i aria-hidden=\"true\" class=\"fab fa-linkedin\"><\/i>\t\t\t\t\t<\/a>\n\t\t\t\t<\/span>\n\t\t\t\t\t<\/div>\n\t\t\t\t\t\t<\/div>\n\t\t\t\t<\/div>\n\t\t\t\t\t<\/div>\n\t\t<\/div>\n\t\t\t\t\t<\/div>\n\t\t<\/section>\n\t\t\t\t<section class=\"elementor-section elementor-top-section elementor-element elementor-element-8dbae05 elementor-section-boxed elementor-section-height-default elementor-section-height-default\" data-id=\"8dbae05\" data-element_type=\"section\" data-e-type=\"section\" data-settings=\"{&quot;_ha_eqh_enable&quot;:false}\">\n\t\t\t\t\t\t<div class=\"elementor-container elementor-column-gap-default\">\n\t\t\t\t\t<div class=\"elementor-column elementor-col-100 elementor-top-column elementor-element elementor-element-501a9fd\" data-id=\"501a9fd\" data-element_type=\"column\" data-e-type=\"column\">\n\t\t\t<div class=\"elementor-widget-wrap elementor-element-populated\">\n\t\t\t\t\t\t<div class=\"elementor-element elementor-element-79a3754 elementor-widget-divider--view-line elementor-widget elementor-widget-divider\" data-id=\"79a3754\" data-element_type=\"widget\" data-e-type=\"widget\" data-widget_type=\"divider.default\">\n\t\t\t\t<div class=\"elementor-widget-container\">\n\t\t\t\t\t\t\t<div class=\"elementor-divider\">\n\t\t\t<span class=\"elementor-divider-separator\">\n\t\t\t\t\t\t<\/span>\n\t\t<\/div>\n\t\t\t\t\t\t<\/div>\n\t\t\t\t<\/div>\n\t\t\t\t\t<\/div>\n\t\t<\/div>\n\t\t\t\t\t<\/div>\n\t\t<\/section>\n\t\t\t\t<section class=\"elementor-section elementor-top-section elementor-element elementor-element-6eebe3b elementor-section-boxed elementor-section-height-default elementor-section-height-default\" data-id=\"6eebe3b\" data-element_type=\"section\" data-e-type=\"section\" data-settings=\"{&quot;_ha_eqh_enable&quot;:false}\">\n\t\t\t\t\t\t<div class=\"elementor-container elementor-column-gap-default\">\n\t\t\t\t\t<div class=\"elementor-column elementor-col-33 elementor-top-column elementor-element elementor-element-de5c32f\" data-id=\"de5c32f\" data-element_type=\"column\" data-e-type=\"column\">\n\t\t\t<div class=\"elementor-widget-wrap elementor-element-populated\">\n\t\t\t\t\t\t<div class=\"elementor-element elementor-element-62104ba elementor-widget elementor-widget-text-editor\" data-id=\"62104ba\" data-element_type=\"widget\" data-e-type=\"widget\" data-widget_type=\"text-editor.default\">\n\t\t\t\t<div class=\"elementor-widget-container\">\n\t\t\t\t\t\t\t\t\t<p>Copyright \u00a9 2023 Digital Upgrade Skilling. All Rights Reserved<\/p>\t\t\t\t\t\t\t\t<\/div>\n\t\t\t\t<\/div>\n\t\t\t\t\t<\/div>\n\t\t<\/div>\n\t\t\t\t<div class=\"elementor-column elementor-col-33 elementor-top-column elementor-element elementor-element-57a14fd\" data-id=\"57a14fd\" data-element_type=\"column\" data-e-type=\"column\">\n\t\t\t<div class=\"elementor-widget-wrap elementor-element-populated\">\n\t\t\t\t\t\t<div class=\"elementor-element elementor-element-7730f28 elementor-widget elementor-widget-text-editor\" data-id=\"7730f28\" data-element_type=\"widget\" data-e-type=\"widget\" data-widget_type=\"text-editor.default\">\n\t\t\t\t<div class=\"elementor-widget-container\">\n\t\t\t\t\t\t\t\t\t<a style=\"color: black;\" href=\"https:\/\/digit-up.eu\/index.php\/terms-of-use\/\" target=\"_blank\" rel=\"noopener\">Terms of Use<\/a>\t\t\t\t\t\t\t\t<\/div>\n\t\t\t\t<\/div>\n\t\t\t\t\t<\/div>\n\t\t<\/div>\n\t\t\t\t<div class=\"elementor-column elementor-col-33 elementor-top-column elementor-element elementor-element-3311762\" data-id=\"3311762\" data-element_type=\"column\" data-e-type=\"column\">\n\t\t\t<div class=\"elementor-widget-wrap elementor-element-populated\">\n\t\t\t\t\t\t<div class=\"elementor-element elementor-element-36ef50e elementor-widget elementor-widget-text-editor\" data-id=\"36ef50e\" data-element_type=\"widget\" data-e-type=\"widget\" data-widget_type=\"text-editor.default\">\n\t\t\t\t<div class=\"elementor-widget-container\">\n\t\t\t\t\t\t\t\t\t<span style=\"color: #797979; text-align: left;\">Powered by\u00a0<\/span><a style=\"color: #797979; text-align: right;\" href=\"https:\/\/innovationhive.eu\/\" target=\"_blank\" rel=\"noopener\">Innovation Hive<\/a>\t\t\t\t\t\t\t\t<\/div>\n\t\t\t\t<\/div>\n\t\t\t\t\t<\/div>\n\t\t<\/div>\n\t\t\t\t\t<\/div>\n\t\t<\/section>\n\t\t\t\t<\/div>\n\t\t","protected":false},"excerpt":{"rendered":"<p>Digitaliseringens avgj\u00f8rende rolle for sm\u00e5 og mellomstore bedrifter: Slik kommer du i gang I dagens raskt utviklende forretningslandskap er digitalisering [&hellip;]<\/p>\n","protected":false},"author":1,"featured_media":0,"parent":0,"menu_order":0,"comment_status":"closed","ping_status":"closed","template":"page-templates\/template_page-builder.php","meta":{"_eb_attr":"","_monsterinsights_skip_tracking":false,"_monsterinsights_sitenote_active":false,"_monsterinsights_sitenote_note":"","_monsterinsights_sitenote_category":0,"footnotes":""},"class_list":["post-2165","page","type-page","status-publish","hentry"],"aioseo_notices":[],"_links":{"self":[{"href":"https:\/\/digit-up.eu\/index.php\/wp-json\/wp\/v2\/pages\/2165","targetHints":{"allow":["GET"]}}],"collection":[{"href":"https:\/\/digit-up.eu\/index.php\/wp-json\/wp\/v2\/pages"}],"about":[{"href":"https:\/\/digit-up.eu\/index.php\/wp-json\/wp\/v2\/types\/page"}],"author":[{"embeddable":true,"href":"https:\/\/digit-up.eu\/index.php\/wp-json\/wp\/v2\/users\/1"}],"replies":[{"embeddable":true,"href":"https:\/\/digit-up.eu\/index.php\/wp-json\/wp\/v2\/comments?post=2165"}],"version-history":[{"count":4,"href":"https:\/\/digit-up.eu\/index.php\/wp-json\/wp\/v2\/pages\/2165\/revisions"}],"predecessor-version":[{"id":2169,"href":"https:\/\/digit-up.eu\/index.php\/wp-json\/wp\/v2\/pages\/2165\/revisions\/2169"}],"wp:attachment":[{"href":"https:\/\/digit-up.eu\/index.php\/wp-json\/wp\/v2\/media?parent=2165"}],"curies":[{"name":"wp","href":"https:\/\/api.w.org\/{rel}","templated":true}]}}