{"id":2174,"date":"2024-08-22T09:12:55","date_gmt":"2024-08-22T09:12:55","guid":{"rendered":"https:\/\/digit-up.eu\/?page_id=2174"},"modified":"2024-08-22T09:13:55","modified_gmt":"2024-08-22T09:13:55","slug":"el-papel-crucial-de-la-digitalizacion-para-las-pyme-pasos-para-empezar","status":"publish","type":"page","link":"https:\/\/digit-up.eu\/index.php\/es\/el-papel-crucial-de-la-digitalizacion-para-las-pyme-pasos-para-empezar\/","title":{"rendered":"El papel crucial de la digitalizaci\u00f3n para las PYME: pasos para empezar"},"content":{"rendered":"\t\t<div data-elementor-type=\"wp-page\" data-elementor-id=\"2174\" class=\"elementor elementor-2174\" data-elementor-settings=\"{&quot;ha_cmc_init_switcher&quot;:&quot;no&quot;}\">\n\t\t\t\t\t\t<section class=\"elementor-section elementor-top-section elementor-element elementor-element-579bb9b elementor-section-boxed elementor-section-height-default elementor-section-height-default\" data-id=\"579bb9b\" data-element_type=\"section\" data-e-type=\"section\" data-settings=\"{&quot;background_background&quot;:&quot;classic&quot;,&quot;shape_divider_bottom&quot;:&quot;curve&quot;,&quot;shape_divider_bottom_negative&quot;:&quot;yes&quot;,&quot;_ha_eqh_enable&quot;:false}\">\n\t\t\t\t\t\t\t<div class=\"elementor-background-overlay\"><\/div>\n\t\t\t\t\t\t<div class=\"elementor-shape elementor-shape-bottom\" aria-hidden=\"true\" data-negative=\"true\">\n\t\t\t<svg xmlns=\"http:\/\/www.w3.org\/2000\/svg\" viewBox=\"0 0 1000 100\" preserveAspectRatio=\"none\">\n\t<path class=\"elementor-shape-fill\" d=\"M500,97C126.7,96.3,0.8,19.8,0,0v100l1000,0V1C1000,19.4,873.3,97.8,500,97z\"\/>\n<\/svg>\t\t<\/div>\n\t\t\t\t\t<div class=\"elementor-container elementor-column-gap-default\">\n\t\t\t\t\t<div class=\"elementor-column elementor-col-100 elementor-top-column elementor-element elementor-element-2abd048\" data-id=\"2abd048\" data-element_type=\"column\" data-e-type=\"column\">\n\t\t\t<div class=\"elementor-widget-wrap elementor-element-populated\">\n\t\t\t\t\t\t<div class=\"elementor-element elementor-element-058438f elementor-widget elementor-widget-spacer\" data-id=\"058438f\" data-element_type=\"widget\" data-e-type=\"widget\" data-widget_type=\"spacer.default\">\n\t\t\t\t<div class=\"elementor-widget-container\">\n\t\t\t\t\t\t\t<div class=\"elementor-spacer\">\n\t\t\t<div class=\"elementor-spacer-inner\"><\/div>\n\t\t<\/div>\n\t\t\t\t\t\t<\/div>\n\t\t\t\t<\/div>\n\t\t\t\t<div class=\"elementor-element elementor-element-9738d37 elementor-widget elementor-widget-heading\" data-id=\"9738d37\" data-element_type=\"widget\" data-e-type=\"widget\" data-widget_type=\"heading.default\">\n\t\t\t\t<div class=\"elementor-widget-container\">\n\t\t\t\t\t<h2 class=\"elementor-heading-title elementor-size-default\">El papel crucial de la digitalizaci\u00f3n para las PYME: pasos para empezar<\/h2>\t\t\t\t<\/div>\n\t\t\t\t<\/div>\n\t\t\t\t<div class=\"elementor-element elementor-element-64a6c5e elementor-widget-divider--view-line elementor-widget elementor-widget-divider\" data-id=\"64a6c5e\" data-element_type=\"widget\" data-e-type=\"widget\" data-widget_type=\"divider.default\">\n\t\t\t\t<div class=\"elementor-widget-container\">\n\t\t\t\t\t\t\t<div class=\"elementor-divider\">\n\t\t\t<span class=\"elementor-divider-separator\">\n\t\t\t\t\t\t<\/span>\n\t\t<\/div>\n\t\t\t\t\t\t<\/div>\n\t\t\t\t<\/div>\n\t\t\t\t<div class=\"elementor-element elementor-element-89b2faf elementor-widget elementor-widget-spacer\" data-id=\"89b2faf\" data-element_type=\"widget\" data-e-type=\"widget\" data-widget_type=\"spacer.default\">\n\t\t\t\t<div class=\"elementor-widget-container\">\n\t\t\t\t\t\t\t<div class=\"elementor-spacer\">\n\t\t\t<div class=\"elementor-spacer-inner\"><\/div>\n\t\t<\/div>\n\t\t\t\t\t\t<\/div>\n\t\t\t\t<\/div>\n\t\t\t\t\t<\/div>\n\t\t<\/div>\n\t\t\t\t\t<\/div>\n\t\t<\/section>\n\t\t\t\t<section class=\"elementor-section elementor-top-section elementor-element elementor-element-a5f4bdc elementor-section-boxed elementor-section-height-default elementor-section-height-default\" data-id=\"a5f4bdc\" data-element_type=\"section\" data-e-type=\"section\" data-settings=\"{&quot;_ha_eqh_enable&quot;:false}\">\n\t\t\t\t\t\t<div class=\"elementor-container elementor-column-gap-default\">\n\t\t\t\t\t<div class=\"elementor-column elementor-col-100 elementor-top-column elementor-element elementor-element-c572795\" data-id=\"c572795\" data-element_type=\"column\" data-e-type=\"column\">\n\t\t\t<div class=\"elementor-widget-wrap elementor-element-populated\">\n\t\t\t\t\t\t<div class=\"elementor-element elementor-element-388094b elementor-widget elementor-widget-spacer\" data-id=\"388094b\" data-element_type=\"widget\" data-e-type=\"widget\" data-widget_type=\"spacer.default\">\n\t\t\t\t<div class=\"elementor-widget-container\">\n\t\t\t\t\t\t\t<div class=\"elementor-spacer\">\n\t\t\t<div class=\"elementor-spacer-inner\"><\/div>\n\t\t<\/div>\n\t\t\t\t\t\t<\/div>\n\t\t\t\t<\/div>\n\t\t\t\t<div class=\"elementor-element elementor-element-dd4a1e4 elementor-widget elementor-widget-text-editor\" data-id=\"dd4a1e4\" data-element_type=\"widget\" data-e-type=\"widget\" data-widget_type=\"text-editor.default\">\n\t\t\t\t<div class=\"elementor-widget-container\">\n\t\t\t\t\t\t\t\t\t<p><span style=\"font-weight: 400;\">En el panorama empresarial en r\u00e1pida evoluci\u00f3n de hoy en d\u00eda, la digitalizaci\u00f3n ya no es un lujo, sino una necesidad para las peque\u00f1as y medianas empresas (PYME). La integraci\u00f3n de las tecnolog\u00edas digitales en todas las \u00e1reas de las operaciones comerciales puede impulsar mejoras significativas en la eficiencia, la participaci\u00f3n del cliente y la competitividad general. Este art\u00edculo explora por qu\u00e9 la digitalizaci\u00f3n es fundamental para las PYME y describe los pasos pr\u00e1cticos para iniciar el proceso de digitalizaci\u00f3n.<\/span><\/p><p><br \/><br \/><\/p><p><span style=\"font-weight: 400;\">La digitalizaci\u00f3n es esencial para las PYME:<\/span><\/p><ol><li><span style=\"font-weight: 400;\"> Mayor eficiencia y productividad: las herramientas digitales agilizan los procesos comerciales, reducen los errores manuales y ahorran tiempo. La automatizaci\u00f3n de las tareas rutinarias, como la facturaci\u00f3n y la gesti\u00f3n de inventario, permite a los empleados centrarse en actividades de mayor valor.<\/span><\/li><li><span style=\"font-weight: 400;\"> Mejora de la experiencia del cliente: la digitalizaci\u00f3n permite a las PYME proporcionar una experiencia de cliente perfecta y personalizada. Herramientas como los sistemas de gesti\u00f3n de relaciones con los clientes (CRM), las redes sociales y las plataformas de comercio electr\u00f3nico ayudan a las empresas a comprender y satisfacer las necesidades de los clientes de manera m\u00e1s eficaz.<\/span><\/li><li><span style=\"font-weight: 400;\"> Reducci\u00f3n de costes: la implementaci\u00f3n de soluciones digitales puede reducir significativamente los costes operativos. Por ejemplo, la computaci\u00f3n en la nube elimina la necesidad de costosos servidores locales, y el marketing digital a menudo es m\u00e1s rentable que los m\u00e9todos tradicionales.<\/span><\/li><li><span style=\"font-weight: 400;\"> Toma de decisiones basada en datos: las tecnolog\u00edas digitales proporcionan acceso a datos y an\u00e1lisis en tiempo real, lo que permite a las PYME tomar decisiones informadas. Los datos pueden identificar tendencias, optimizar las operaciones y predecir el comportamiento del cliente.<\/span><\/li><li><span style=\"font-weight: 400;\"> Ventaja competitiva: mantenerse por delante de la competencia requiere una innovaci\u00f3n continua. La digitalizaci\u00f3n ayuda a las PYME a adoptar nuevos modelos de negocio, mejorar los productos y servicios, y responder r\u00e1pidamente a los cambios del mercado.<\/span><\/li><\/ol><p><br \/><br \/><\/p><p><span style=\"font-weight: 400;\">Pasos para que las pymes comiencen su viaje de digitalizaci\u00f3n<\/span><\/p><ol><li><span style=\"font-weight: 400;\"> Evaluar la madurez digital actual: comience evaluando el estado actual de la adopci\u00f3n digital dentro del negocio. Identifique las herramientas y procesos digitales existentes y comprenda las brechas que deben abordarse. Esta evaluaci\u00f3n ayudar\u00e1 a priorizar las \u00e1reas para la inversi\u00f3n digital. Puede utilizar nuestra autoevaluaci\u00f3n gratuita de DIGIT UP accesible en la plataforma en l\u00ednea de DIGIT UP disponible en:<\/span><b><br \/><\/b><a href=\"https:\/\/campusgeinnovaikigai.com\/login\/index.php?c=_digitup\"><b>https:\/\/campusgeinnovaikigai.com\/login\/index.php?c=_digitup<\/b><\/a><b><\/b><\/li><\/ol><p>\u00a0<\/p><ol start=\"2\"><li><span style=\"font-weight: 400;\"> Desarrollar una estrategia digital: definir objetivos claros para la digitalizaci\u00f3n. Estos podr\u00edan incluir mejorar la experiencia del cliente, aumentar la eficiencia operativa o ampliar el alcance del mercado. Alinear la estrategia digital con los objetivos comerciales generales y asignar los recursos en consecuencia.<\/span><\/li><li><span style=\"font-weight: 400;\"> Invierta en herramientas y tecnolog\u00edas digitales: en funci\u00f3n de la estrategia digital, seleccione las herramientas y tecnolog\u00edas adecuadas. Los puntos de partida comunes incluyen:<\/span><\/li><\/ol><ul><li style=\"font-weight: 400;\" aria-level=\"1\"><span style=\"font-weight: 400;\">Sistemas de gesti\u00f3n de relaciones con los clientes (CRM): para gestionar las interacciones con los clientes y mejorar el servicio.<\/span><\/li><li style=\"font-weight: 400;\" aria-level=\"1\"><span style=\"font-weight: 400;\">Sistemas de planificaci\u00f3n de recursos empresariales (ERP): para integrar los procesos comerciales principales.<\/span><\/li><li style=\"font-weight: 400;\" aria-level=\"1\"><span style=\"font-weight: 400;\">Plataformas de comercio electr\u00f3nico: para ampliar los canales de venta.<\/span><\/li><li style=\"font-weight: 400;\" aria-level=\"1\"><span style=\"font-weight: 400;\">Herramientas de marketing digital: para mejorar la presencia en l\u00ednea y el compromiso con el cliente.<\/span><\/li><li style=\"font-weight: 400;\" aria-level=\"1\"><span style=\"font-weight: 400;\">Computaci\u00f3n en la nube: para una infraestructura de TI escalable y rentable.<\/span><\/li><\/ul><p>\u00a0<\/p><ol start=\"4\"><li><span style=\"font-weight: 400;\"> Capacitar a los empleados: aseg\u00farese de que los empleados est\u00e9n equipados con las habilidades digitales necesarias. Proporcionar sesiones de capacitaci\u00f3n y apoyo continuo para ayudar al personal a adaptarse a las nuevas tecnolog\u00edas y procesos. Una fuerza de trabajo con conocimientos digitales es crucial para el \u00e9xito de las iniciativas digitales. \u00a1El curso de formaci\u00f3n DIGIT UP es un gran lugar para empezar! Echa un vistazo a nuestro curso en la plataforma en l\u00ednea DIGIT UP.<\/span><\/li><li><span style=\"font-weight: 400;\"> Implementar medidas de ciberseguridad: la protecci\u00f3n de los activos digitales es vital. Invierta en s\u00f3lidas medidas de ciberseguridad, incluidos los cortafuegos, el cifrado y la capacitaci\u00f3n de los empleados sobre las mejores pr\u00e1cticas para la seguridad de los datos. Actualice regularmente los protocolos de seguridad para combatir las amenazas emergentes.<\/span><\/li><li><span style=\"font-weight: 400;\"> Aproveche el an\u00e1lisis de datos: utilice el an\u00e1lisis de datos para supervisar el rendimiento de las iniciativas digitales. Recopilar y analizar datos para obtener informaci\u00f3n sobre el comportamiento de los clientes, la eficiencia operativa y las tendencias del mercado. Utilice estos conocimientos para refinar las estrategias e impulsar el crecimiento del negocio.<\/span><\/li><li><span style=\"font-weight: 400;\"> Interact\u00fae con comunidades y redes digitales: con\u00e9ctese con otras empresas, expertos digitales y asociaciones de la industria. La participaci\u00f3n en las comunidades digitales puede proporcionar informaci\u00f3n valiosa, compartir las mejores pr\u00e1cticas y fomentar colaboraciones que mejoren los esfuerzos de transformaci\u00f3n digital.<\/span><\/li><\/ol><p><span style=\"font-weight: 400;\">La digitalizaci\u00f3n ofrece inmensas oportunidades para que las pymes mejoren sus operaciones, interact\u00faen con los clientes y sigan siendo competitivas en un mercado din\u00e1mico. Al evaluar cuidadosamente su madurez digital actual, desarrollar una estrategia digital clara, invertir en las herramientas adecuadas, capacitar a los empleados y mantener una ciberseguridad s\u00f3lida, las pymes pueden embarcarse en un viaje de digitalizaci\u00f3n exitoso. Adoptar la transformaci\u00f3n digital no solo impulsa el crecimiento, sino que tambi\u00e9n garantiza la sostenibilidad a largo plazo en el panorama empresarial en constante evoluci\u00f3n.<\/span><\/p>\t\t\t\t\t\t\t\t<\/div>\n\t\t\t\t<\/div>\n\t\t\t\t<div class=\"elementor-element elementor-element-fef95e3 elementor-widget elementor-widget-spacer\" data-id=\"fef95e3\" data-element_type=\"widget\" data-e-type=\"widget\" data-widget_type=\"spacer.default\">\n\t\t\t\t<div class=\"elementor-widget-container\">\n\t\t\t\t\t\t\t<div class=\"elementor-spacer\">\n\t\t\t<div class=\"elementor-spacer-inner\"><\/div>\n\t\t<\/div>\n\t\t\t\t\t\t<\/div>\n\t\t\t\t<\/div>\n\t\t\t\t\t<\/div>\n\t\t<\/div>\n\t\t\t\t\t<\/div>\n\t\t<\/section>\n\t\t\t\t<section class=\"elementor-section elementor-top-section elementor-element elementor-element-c8024f7 elementor-section-boxed elementor-section-height-default elementor-section-height-default\" data-id=\"c8024f7\" data-element_type=\"section\" data-e-type=\"section\" data-settings=\"{&quot;_ha_eqh_enable&quot;:false}\">\n\t\t\t\t\t\t<div class=\"elementor-container elementor-column-gap-default\">\n\t\t\t\t\t<div class=\"elementor-column elementor-col-33 elementor-top-column elementor-element elementor-element-3aad12f\" data-id=\"3aad12f\" data-element_type=\"column\" data-e-type=\"column\">\n\t\t\t<div class=\"elementor-widget-wrap elementor-element-populated\">\n\t\t\t\t\t\t<div class=\"elementor-element elementor-element-53bb254 elementor-widget elementor-widget-spacer\" data-id=\"53bb254\" data-element_type=\"widget\" data-e-type=\"widget\" data-widget_type=\"spacer.default\">\n\t\t\t\t<div class=\"elementor-widget-container\">\n\t\t\t\t\t\t\t<div class=\"elementor-spacer\">\n\t\t\t<div class=\"elementor-spacer-inner\"><\/div>\n\t\t<\/div>\n\t\t\t\t\t\t<\/div>\n\t\t\t\t<\/div>\n\t\t\t\t<div class=\"elementor-element elementor-element-d8fbedf elementor-widget elementor-widget-image\" data-id=\"d8fbedf\" data-element_type=\"widget\" data-e-type=\"widget\" data-widget_type=\"image.default\">\n\t\t\t\t<div class=\"elementor-widget-container\">\n\t\t\t\t\t\t\t\t\t\t\t\t\t\t\t<img decoding=\"async\" width=\"300\" height=\"63\" src=\"https:\/\/digit-up.eu\/wp-content\/uploads\/2023\/01\/EN-Co-funded-by-the-EU_PANTONE-1-300x63.jpg\" class=\"attachment-medium size-medium wp-image-132\" alt=\"\" srcset=\"https:\/\/digit-up.eu\/wp-content\/uploads\/2023\/01\/EN-Co-funded-by-the-EU_PANTONE-1-300x63.jpg 300w, https:\/\/digit-up.eu\/wp-content\/uploads\/2023\/01\/EN-Co-funded-by-the-EU_PANTONE-1-1024x215.jpg 1024w, https:\/\/digit-up.eu\/wp-content\/uploads\/2023\/01\/EN-Co-funded-by-the-EU_PANTONE-1-768x161.jpg 768w, https:\/\/digit-up.eu\/wp-content\/uploads\/2023\/01\/EN-Co-funded-by-the-EU_PANTONE-1-1536x322.jpg 1536w, https:\/\/digit-up.eu\/wp-content\/uploads\/2023\/01\/EN-Co-funded-by-the-EU_PANTONE-1-2048x430.jpg 2048w, https:\/\/digit-up.eu\/wp-content\/uploads\/2023\/01\/EN-Co-funded-by-the-EU_PANTONE-1-720x151.jpg 720w\" sizes=\"(max-width: 300px) 100vw, 300px\" \/>\t\t\t\t\t\t\t\t\t\t\t\t\t\t\t<\/div>\n\t\t\t\t<\/div>\n\t\t\t\t<div class=\"elementor-element elementor-element-d387e58 elementor-widget elementor-widget-text-editor\" data-id=\"d387e58\" data-element_type=\"widget\" data-e-type=\"widget\" data-widget_type=\"text-editor.default\">\n\t\t\t\t<div class=\"elementor-widget-container\">\n\t\t\t\t\t\t\t\t\t<p>Financiado por la Uni\u00f3n Europea. Las opiniones y puntos de vista expresados solo comprometen a su(s) autor(es) y no reflejan necesariamente los de la Uni\u00f3n Europea o los de la Agencia Ejecutiva Europea de Educaci\u00f3n y Cultura (EACEA). Ni la Uni\u00f3n Europea ni la EACEA pueden ser considerados responsables de ellos. 2022-1-CZ01-KA220-VET- 000086461<\/p>\t\t\t\t\t\t\t\t<\/div>\n\t\t\t\t<\/div>\n\t\t\t\t\t<\/div>\n\t\t<\/div>\n\t\t\t\t<div class=\"elementor-column elementor-col-33 elementor-top-column elementor-element elementor-element-8cd3883\" data-id=\"8cd3883\" data-element_type=\"column\" data-e-type=\"column\">\n\t\t\t<div class=\"elementor-widget-wrap\">\n\t\t\t\t\t\t\t<\/div>\n\t\t<\/div>\n\t\t\t\t<div class=\"elementor-column elementor-col-33 elementor-top-column elementor-element elementor-element-11766fa\" data-id=\"11766fa\" data-element_type=\"column\" data-e-type=\"column\">\n\t\t\t<div class=\"elementor-widget-wrap elementor-element-populated\">\n\t\t\t\t\t\t<div class=\"elementor-element elementor-element-4c01dda elementor-widget elementor-widget-spacer\" data-id=\"4c01dda\" data-element_type=\"widget\" data-e-type=\"widget\" data-widget_type=\"spacer.default\">\n\t\t\t\t<div class=\"elementor-widget-container\">\n\t\t\t\t\t\t\t<div class=\"elementor-spacer\">\n\t\t\t<div class=\"elementor-spacer-inner\"><\/div>\n\t\t<\/div>\n\t\t\t\t\t\t<\/div>\n\t\t\t\t<\/div>\n\t\t\t\t<div class=\"elementor-element elementor-element-6575147 elementor-widget elementor-widget-image\" data-id=\"6575147\" data-element_type=\"widget\" data-e-type=\"widget\" data-widget_type=\"image.default\">\n\t\t\t\t<div class=\"elementor-widget-container\">\n\t\t\t\t\t\t\t\t\t\t\t\t\t\t\t<img decoding=\"async\" width=\"150\" height=\"150\" src=\"https:\/\/digit-up.eu\/wp-content\/uploads\/2023\/01\/LOGO-NO-BG-150x150.png\" class=\"attachment-thumbnail size-thumbnail wp-image-133\" alt=\"\" srcset=\"https:\/\/digit-up.eu\/wp-content\/uploads\/2023\/01\/LOGO-NO-BG-150x150.png 150w, https:\/\/digit-up.eu\/wp-content\/uploads\/2023\/01\/LOGO-NO-BG-300x300.png 300w, https:\/\/digit-up.eu\/wp-content\/uploads\/2023\/01\/LOGO-NO-BG-1024x1024.png 1024w, https:\/\/digit-up.eu\/wp-content\/uploads\/2023\/01\/LOGO-NO-BG-768x768.png 768w, https:\/\/digit-up.eu\/wp-content\/uploads\/2023\/01\/LOGO-NO-BG-720x720.png 720w, https:\/\/digit-up.eu\/wp-content\/uploads\/2023\/01\/LOGO-NO-BG-360x360.png 360w, https:\/\/digit-up.eu\/wp-content\/uploads\/2023\/01\/LOGO-NO-BG.png 1280w\" sizes=\"(max-width: 150px) 100vw, 150px\" \/>\t\t\t\t\t\t\t\t\t\t\t\t\t\t\t<\/div>\n\t\t\t\t<\/div>\n\t\t\t\t<div class=\"elementor-element elementor-element-c252dfd elementor-shape-circle e-grid-align-right elementor-grid-0 elementor-widget elementor-widget-social-icons\" data-id=\"c252dfd\" data-element_type=\"widget\" data-e-type=\"widget\" data-widget_type=\"social-icons.default\">\n\t\t\t\t<div class=\"elementor-widget-container\">\n\t\t\t\t\t\t\t<div class=\"elementor-social-icons-wrapper elementor-grid\" role=\"list\">\n\t\t\t\t\t\t\t<span class=\"elementor-grid-item\" role=\"listitem\">\n\t\t\t\t\t<a class=\"elementor-icon elementor-social-icon elementor-social-icon-facebook elementor-repeater-item-cd8515c\" href=\"https:\/\/www.facebook.com\/digitupproject\/\" target=\"_blank\">\n\t\t\t\t\t\t<span class=\"elementor-screen-only\">Facebook<\/span>\n\t\t\t\t\t\t<i aria-hidden=\"true\" class=\"fab fa-facebook\"><\/i>\t\t\t\t\t<\/a>\n\t\t\t\t<\/span>\n\t\t\t\t\t\t\t<span class=\"elementor-grid-item\" role=\"listitem\">\n\t\t\t\t\t<a class=\"elementor-icon elementor-social-icon elementor-social-icon-instagram elementor-repeater-item-f68a4e0\" href=\"https:\/\/www.instagram.com\/digitup_project\/\" target=\"_blank\">\n\t\t\t\t\t\t<span class=\"elementor-screen-only\">Instagram<\/span>\n\t\t\t\t\t\t<i aria-hidden=\"true\" class=\"fab fa-instagram\"><\/i>\t\t\t\t\t<\/a>\n\t\t\t\t<\/span>\n\t\t\t\t\t\t\t<span class=\"elementor-grid-item\" role=\"listitem\">\n\t\t\t\t\t<a class=\"elementor-icon elementor-social-icon elementor-social-icon-linkedin elementor-repeater-item-01b31e7\" href=\"https:\/\/www.linkedin.com\/company\/digit-up\/\" target=\"_blank\">\n\t\t\t\t\t\t<span class=\"elementor-screen-only\">Linkedin<\/span>\n\t\t\t\t\t\t<i aria-hidden=\"true\" class=\"fab fa-linkedin\"><\/i>\t\t\t\t\t<\/a>\n\t\t\t\t<\/span>\n\t\t\t\t\t<\/div>\n\t\t\t\t\t\t<\/div>\n\t\t\t\t<\/div>\n\t\t\t\t\t<\/div>\n\t\t<\/div>\n\t\t\t\t\t<\/div>\n\t\t<\/section>\n\t\t\t\t<section class=\"elementor-section elementor-top-section elementor-element elementor-element-8dbae05 elementor-section-boxed elementor-section-height-default elementor-section-height-default\" data-id=\"8dbae05\" data-element_type=\"section\" data-e-type=\"section\" data-settings=\"{&quot;_ha_eqh_enable&quot;:false}\">\n\t\t\t\t\t\t<div class=\"elementor-container elementor-column-gap-default\">\n\t\t\t\t\t<div class=\"elementor-column elementor-col-100 elementor-top-column elementor-element elementor-element-501a9fd\" data-id=\"501a9fd\" data-element_type=\"column\" data-e-type=\"column\">\n\t\t\t<div class=\"elementor-widget-wrap elementor-element-populated\">\n\t\t\t\t\t\t<div class=\"elementor-element elementor-element-79a3754 elementor-widget-divider--view-line elementor-widget elementor-widget-divider\" data-id=\"79a3754\" data-element_type=\"widget\" data-e-type=\"widget\" data-widget_type=\"divider.default\">\n\t\t\t\t<div class=\"elementor-widget-container\">\n\t\t\t\t\t\t\t<div class=\"elementor-divider\">\n\t\t\t<span class=\"elementor-divider-separator\">\n\t\t\t\t\t\t<\/span>\n\t\t<\/div>\n\t\t\t\t\t\t<\/div>\n\t\t\t\t<\/div>\n\t\t\t\t\t<\/div>\n\t\t<\/div>\n\t\t\t\t\t<\/div>\n\t\t<\/section>\n\t\t\t\t<section class=\"elementor-section elementor-top-section elementor-element elementor-element-6eebe3b elementor-section-boxed elementor-section-height-default elementor-section-height-default\" data-id=\"6eebe3b\" data-element_type=\"section\" data-e-type=\"section\" data-settings=\"{&quot;_ha_eqh_enable&quot;:false}\">\n\t\t\t\t\t\t<div class=\"elementor-container elementor-column-gap-default\">\n\t\t\t\t\t<div class=\"elementor-column elementor-col-33 elementor-top-column elementor-element elementor-element-de5c32f\" data-id=\"de5c32f\" data-element_type=\"column\" data-e-type=\"column\">\n\t\t\t<div class=\"elementor-widget-wrap elementor-element-populated\">\n\t\t\t\t\t\t<div class=\"elementor-element elementor-element-62104ba elementor-widget elementor-widget-text-editor\" data-id=\"62104ba\" data-element_type=\"widget\" data-e-type=\"widget\" data-widget_type=\"text-editor.default\">\n\t\t\t\t<div class=\"elementor-widget-container\">\n\t\t\t\t\t\t\t\t\t<p>Copyright \u00a9 2023 Digital Upgrade Skilling. All Rights Reserved<\/p>\t\t\t\t\t\t\t\t<\/div>\n\t\t\t\t<\/div>\n\t\t\t\t\t<\/div>\n\t\t<\/div>\n\t\t\t\t<div class=\"elementor-column elementor-col-33 elementor-top-column elementor-element elementor-element-57a14fd\" data-id=\"57a14fd\" data-element_type=\"column\" data-e-type=\"column\">\n\t\t\t<div class=\"elementor-widget-wrap elementor-element-populated\">\n\t\t\t\t\t\t<div class=\"elementor-element elementor-element-7730f28 elementor-widget elementor-widget-text-editor\" data-id=\"7730f28\" data-element_type=\"widget\" data-e-type=\"widget\" data-widget_type=\"text-editor.default\">\n\t\t\t\t<div class=\"elementor-widget-container\">\n\t\t\t\t\t\t\t\t\t<a style=\"color: black;\" href=\"https:\/\/digit-up.eu\/index.php\/terms-of-use\/\" target=\"_blank\" rel=\"noopener\">Terms of Use<\/a>\t\t\t\t\t\t\t\t<\/div>\n\t\t\t\t<\/div>\n\t\t\t\t\t<\/div>\n\t\t<\/div>\n\t\t\t\t<div class=\"elementor-column elementor-col-33 elementor-top-column elementor-element elementor-element-3311762\" data-id=\"3311762\" data-element_type=\"column\" data-e-type=\"column\">\n\t\t\t<div class=\"elementor-widget-wrap elementor-element-populated\">\n\t\t\t\t\t\t<div class=\"elementor-element elementor-element-36ef50e elementor-widget elementor-widget-text-editor\" data-id=\"36ef50e\" data-element_type=\"widget\" data-e-type=\"widget\" data-widget_type=\"text-editor.default\">\n\t\t\t\t<div class=\"elementor-widget-container\">\n\t\t\t\t\t\t\t\t\t<span style=\"color: #797979; text-align: left;\">Powered by\u00a0<\/span><a style=\"color: #797979; text-align: right;\" href=\"https:\/\/innovationhive.eu\/\" target=\"_blank\" rel=\"noopener\">Innovation Hive<\/a>\t\t\t\t\t\t\t\t<\/div>\n\t\t\t\t<\/div>\n\t\t\t\t\t<\/div>\n\t\t<\/div>\n\t\t\t\t\t<\/div>\n\t\t<\/section>\n\t\t\t\t<\/div>\n\t\t","protected":false},"excerpt":{"rendered":"<p>El papel crucial de la digitalizaci\u00f3n para las PYME: pasos para empezar En el panorama empresarial en r\u00e1pida evoluci\u00f3n de [&hellip;]<\/p>\n","protected":false},"author":1,"featured_media":0,"parent":0,"menu_order":0,"comment_status":"closed","ping_status":"closed","template":"page-templates\/template_page-builder.php","meta":{"_eb_attr":"","_monsterinsights_skip_tracking":false,"_monsterinsights_sitenote_active":false,"_monsterinsights_sitenote_note":"","_monsterinsights_sitenote_category":0,"footnotes":""},"class_list":["post-2174","page","type-page","status-publish","hentry"],"aioseo_notices":[],"_links":{"self":[{"href":"https:\/\/digit-up.eu\/index.php\/wp-json\/wp\/v2\/pages\/2174","targetHints":{"allow":["GET"]}}],"collection":[{"href":"https:\/\/digit-up.eu\/index.php\/wp-json\/wp\/v2\/pages"}],"about":[{"href":"https:\/\/digit-up.eu\/index.php\/wp-json\/wp\/v2\/types\/page"}],"author":[{"embeddable":true,"href":"https:\/\/digit-up.eu\/index.php\/wp-json\/wp\/v2\/users\/1"}],"replies":[{"embeddable":true,"href":"https:\/\/digit-up.eu\/index.php\/wp-json\/wp\/v2\/comments?post=2174"}],"version-history":[{"count":4,"href":"https:\/\/digit-up.eu\/index.php\/wp-json\/wp\/v2\/pages\/2174\/revisions"}],"predecessor-version":[{"id":2178,"href":"https:\/\/digit-up.eu\/index.php\/wp-json\/wp\/v2\/pages\/2174\/revisions\/2178"}],"wp:attachment":[{"href":"https:\/\/digit-up.eu\/index.php\/wp-json\/wp\/v2\/media?parent=2174"}],"curies":[{"name":"wp","href":"https:\/\/api.w.org\/{rel}","templated":true}]}}