{"id":2320,"date":"2024-09-18T07:53:44","date_gmt":"2024-09-18T07:53:44","guid":{"rendered":"https:\/\/digit-up.eu\/?page_id=2320"},"modified":"2024-09-18T07:54:45","modified_gmt":"2024-09-18T07:54:45","slug":"vyzvy-a-osvedcene-postupy-pro-zacinajici-podniky-pri-digitalni-transformaci","status":"publish","type":"page","link":"https:\/\/digit-up.eu\/index.php\/cs\/vyzvy-a-osvedcene-postupy-pro-zacinajici-podniky-pri-digitalni-transformaci\/","title":{"rendered":"V\u00fdzvy a osv\u011bd\u010den\u00e9 postupy pro za\u010d\u00ednaj\u00edc\u00ed podniky p\u0159i digit\u00e1ln\u00ed transformaci"},"content":{"rendered":"\t\t<div data-elementor-type=\"wp-page\" data-elementor-id=\"2320\" class=\"elementor elementor-2320\" data-elementor-settings=\"{&quot;ha_cmc_init_switcher&quot;:&quot;no&quot;}\">\n\t\t\t\t\t\t<section class=\"elementor-section elementor-top-section elementor-element elementor-element-6daa556 elementor-section-boxed elementor-section-height-default elementor-section-height-default\" data-id=\"6daa556\" data-element_type=\"section\" data-e-type=\"section\" data-settings=\"{&quot;background_background&quot;:&quot;classic&quot;,&quot;shape_divider_bottom&quot;:&quot;curve&quot;,&quot;shape_divider_bottom_negative&quot;:&quot;yes&quot;,&quot;_ha_eqh_enable&quot;:false}\">\n\t\t\t\t\t\t\t<div class=\"elementor-background-overlay\"><\/div>\n\t\t\t\t\t\t<div class=\"elementor-shape elementor-shape-bottom\" aria-hidden=\"true\" data-negative=\"true\">\n\t\t\t<svg xmlns=\"http:\/\/www.w3.org\/2000\/svg\" viewBox=\"0 0 1000 100\" preserveAspectRatio=\"none\">\n\t<path class=\"elementor-shape-fill\" d=\"M500,97C126.7,96.3,0.8,19.8,0,0v100l1000,0V1C1000,19.4,873.3,97.8,500,97z\"\/>\n<\/svg>\t\t<\/div>\n\t\t\t\t\t<div class=\"elementor-container elementor-column-gap-default\">\n\t\t\t\t\t<div class=\"elementor-column elementor-col-100 elementor-top-column elementor-element elementor-element-29f6609\" data-id=\"29f6609\" data-element_type=\"column\" data-e-type=\"column\">\n\t\t\t<div class=\"elementor-widget-wrap elementor-element-populated\">\n\t\t\t\t\t\t<div class=\"elementor-element elementor-element-a35227c elementor-widget elementor-widget-spacer\" data-id=\"a35227c\" data-element_type=\"widget\" data-e-type=\"widget\" data-widget_type=\"spacer.default\">\n\t\t\t\t<div class=\"elementor-widget-container\">\n\t\t\t\t\t\t\t<div class=\"elementor-spacer\">\n\t\t\t<div class=\"elementor-spacer-inner\"><\/div>\n\t\t<\/div>\n\t\t\t\t\t\t<\/div>\n\t\t\t\t<\/div>\n\t\t\t\t<div class=\"elementor-element elementor-element-77cba9f elementor-widget elementor-widget-heading\" data-id=\"77cba9f\" data-element_type=\"widget\" data-e-type=\"widget\" data-widget_type=\"heading.default\">\n\t\t\t\t<div class=\"elementor-widget-container\">\n\t\t\t\t\t<h2 class=\"elementor-heading-title elementor-size-default\">V\u00fdzvy a osv\u011bd\u010den\u00e9 postupy pro za\u010d\u00ednaj\u00edc\u00ed podniky p\u0159i digit\u00e1ln\u00ed transformaci<\/h2>\t\t\t\t<\/div>\n\t\t\t\t<\/div>\n\t\t\t\t<div class=\"elementor-element elementor-element-233fd3e elementor-widget-divider--view-line elementor-widget elementor-widget-divider\" data-id=\"233fd3e\" data-element_type=\"widget\" data-e-type=\"widget\" data-widget_type=\"divider.default\">\n\t\t\t\t<div class=\"elementor-widget-container\">\n\t\t\t\t\t\t\t<div class=\"elementor-divider\">\n\t\t\t<span class=\"elementor-divider-separator\">\n\t\t\t\t\t\t<\/span>\n\t\t<\/div>\n\t\t\t\t\t\t<\/div>\n\t\t\t\t<\/div>\n\t\t\t\t<div class=\"elementor-element elementor-element-9c1f6f9 elementor-widget elementor-widget-spacer\" data-id=\"9c1f6f9\" data-element_type=\"widget\" data-e-type=\"widget\" data-widget_type=\"spacer.default\">\n\t\t\t\t<div class=\"elementor-widget-container\">\n\t\t\t\t\t\t\t<div class=\"elementor-spacer\">\n\t\t\t<div class=\"elementor-spacer-inner\"><\/div>\n\t\t<\/div>\n\t\t\t\t\t\t<\/div>\n\t\t\t\t<\/div>\n\t\t\t\t\t<\/div>\n\t\t<\/div>\n\t\t\t\t\t<\/div>\n\t\t<\/section>\n\t\t\t\t<section class=\"elementor-section elementor-top-section elementor-element elementor-element-3a517a0 elementor-section-boxed elementor-section-height-default elementor-section-height-default\" data-id=\"3a517a0\" data-element_type=\"section\" data-e-type=\"section\" data-settings=\"{&quot;_ha_eqh_enable&quot;:false}\">\n\t\t\t\t\t\t<div class=\"elementor-container elementor-column-gap-default\">\n\t\t\t\t\t<div class=\"elementor-column elementor-col-100 elementor-top-column elementor-element elementor-element-9c74ea0\" data-id=\"9c74ea0\" data-element_type=\"column\" data-e-type=\"column\">\n\t\t\t<div class=\"elementor-widget-wrap elementor-element-populated\">\n\t\t\t\t\t\t<div class=\"elementor-element elementor-element-7658c5a elementor-widget elementor-widget-spacer\" data-id=\"7658c5a\" data-element_type=\"widget\" data-e-type=\"widget\" data-widget_type=\"spacer.default\">\n\t\t\t\t<div class=\"elementor-widget-container\">\n\t\t\t\t\t\t\t<div class=\"elementor-spacer\">\n\t\t\t<div class=\"elementor-spacer-inner\"><\/div>\n\t\t<\/div>\n\t\t\t\t\t\t<\/div>\n\t\t\t\t<\/div>\n\t\t\t\t<div class=\"elementor-element elementor-element-c458445 elementor-widget elementor-widget-text-editor\" data-id=\"c458445\" data-element_type=\"widget\" data-e-type=\"widget\" data-widget_type=\"text-editor.default\">\n\t\t\t\t<div class=\"elementor-widget-container\">\n\t\t\t\t\t\t\t\t\t<p><span style=\"font-weight: 400;\">Startupy maj\u00ed na sv\u00e9 cest\u011b k digit\u00e1ln\u00ed transformaci \u0159adu p\u0159ek\u00e1\u017eek, jako jsou omezen\u00e9 zdroje, kter\u00e9 jim br\u00e1n\u00ed investovat do n\u00e1kladn\u00fdch projekt\u016f, proto je velmi d\u016fle\u017eit\u00e9 za\u0159adit n\u00e1stroje, kter\u00e9 p\u0159inesou nejvy\u0161\u0161\u00ed n\u00e1vratnost investic.\u00a0<\/span><\/p><p>\u00a0<\/p><p><span style=\"font-weight: 400;\">Dal\u0161\u00ed v\u00fdzvou je hled\u00e1n\u00ed kvalifikovan\u00fdch pracovn\u00edk\u016f v oborech, jako je datov\u00e1 v\u011bda, kybernetick\u00e1 bezpe\u010dnost a um\u011bl\u00e1 inteligence. To obvykle vy\u017eaduje extern\u00ed spolupr\u00e1ci nebo v\u00fddaje na \u0161kolen\u00ed.\u00a0<\/span><\/p><p>\u00a0<\/p><p><span style=\"font-weight: 400;\">Probl\u00e9my se \u0161k\u00e1lovatelnost\u00ed vypl\u00fdvaj\u00edc\u00ed z rychl\u00e9ho v\u00fdvoje vy\u017eaduj\u00ed silnou digit\u00e1ln\u00ed infrastrukturu, kter\u00e1 zvl\u00e1dne rostouc\u00ed popt\u00e1vku, ani\u017e by byla ohro\u017eena bezpe\u010dnost nebo v\u00fdkon.<\/span><\/p><p>\u00a0<\/p><p><span style=\"font-weight: 400;\">\u00a0Pro zaji\u0161t\u011bn\u00ed souhlasu zam\u011bstnanc\u016f a slad\u011bn\u00ed transforma\u010dn\u00edch iniciativ s obchodn\u00edmi c\u00edli je kl\u00ed\u010dov\u00e9 efektivn\u00ed \u0159\u00edzen\u00ed zm\u011bn.\u00a0<\/span><\/p><p>\u00a0<\/p><p><span style=\"font-weight: 400;\">V neposledn\u00ed \u0159ad\u011b je t\u0159eba neust\u00e1le inovovat a nab\u00edzet odli\u0161n\u00e9 hodnotov\u00e9 nab\u00eddky, aby bylo mo\u017en\u00e9 konkurovat na glob\u00e1ln\u00edm trhu s identickou technologi\u00ed.<\/span><\/p><p>\u00a0<\/p><p><span style=\"font-weight: 400;\">N\u011bkter\u00e9 z osv\u011bd\u010den\u00fdch postup\u016f pro za\u010d\u00ednaj\u00edc\u00ed firmy, kter\u00e9 se sna\u017e\u00ed o digit\u00e1ln\u00ed transformaci, zahrnuj\u00ed:<\/span><\/p><ol><li style=\"font-weight: 400;\" aria-level=\"1\"><b>Za\u010dn\u011bte v mal\u00e9m, roz\u0161i\u0159ujte se rychle<\/b><span style=\"font-weight: 400;\">: Za\u010dn\u011bte v mal\u00e9m s prototypov\u00fdmi projekty, kter\u00e9 jsou realizovateln\u00e9 a p\u0159in\u00e1\u0161ej\u00ed okam\u017eit\u00fd u\u017eitek. Vyu\u017eijte tyto projekty k z\u00edsk\u00e1n\u00ed znalost\u00ed, zlep\u0161en\u00ed a n\u00e1sledn\u00e9mu roz\u0161\u00ed\u0159en\u00ed efektivn\u00edch n\u00e1pad\u016f.<\/span><\/li><li style=\"font-weight: 400;\" aria-level=\"1\"><b>Zam\u011b\u0159en\u00ed na z\u00e1kaznickou orientaci<\/b><span style=\"font-weight: 400;\">: Z\u00e1kazn\u00edk by m\u011bl b\u00fdt v\u017edy v centru va\u0161ich iniciativ digit\u00e1ln\u00ed transformace. Ne\u017e za\u010dnete navrhovat digit\u00e1ln\u00ed \u0159e\u0161en\u00ed, kter\u00e1 zlep\u0161\u00ed jejich zku\u0161enosti, uv\u011bdomte si jejich preference, pot\u0159eby a probl\u00e9mov\u00e9 oblasti.<\/span><\/li><li style=\"font-weight: 400;\" aria-level=\"1\"><b>Vyu\u017eit\u00ed cloudov\u00fdch \u0159e\u0161en\u00ed<\/b><span style=\"font-weight: 400;\">: Vyu\u017eijte cloudov\u00e9 slu\u017eby, abyste z\u00edskali n\u00e1kladovou efektivitu, \u0161k\u00e1lovatelnost a flexibilitu. Cloudov\u00e9 platformy mohou podnikatel\u016fm poskytnout p\u0159\u00edstup k nejmodern\u011bj\u0161\u00edm technologi\u00edm, ani\u017e by vy\u017eadovaly zna\u010dn\u00e9 po\u010d\u00e1te\u010dn\u00ed finan\u010dn\u00ed n\u00e1klady.<\/span><\/li><li style=\"font-weight: 400;\" aria-level=\"1\"><b>Investujte do kybernetick\u00e9 bezpe\u010dnosti<\/b><span style=\"font-weight: 400;\">: Udr\u017eov\u00e1n\u00ed bezpe\u010dnosti dat z\u00e1kazn\u00edk\u016f a posilov\u00e1n\u00ed d\u016fv\u011bry by m\u011blo b\u00fdt hlavn\u00ed prioritou. Stanovte p\u0159\u00edsn\u00e9 bezpe\u010dnostn\u00ed postupy a sledujte nejnov\u011bj\u0161\u00ed v\u00fdvoj v oblasti kybernetick\u00fdch bezpe\u010dnostn\u00edch rizik a n\u00e1pravn\u00fdch opat\u0159en\u00ed.<\/span><\/li><li style=\"font-weight: 400;\" aria-level=\"1\"><b>Podporovat kulturu inovac\u00ed<\/b><span style=\"font-weight: 400;\">: Podporujte u\u010den\u00ed, flexibilitu a experimentov\u00e1n\u00ed. Vytvo\u0159te kulturu, kter\u00e1 podporuje zam\u011bstnance, aby podstupovali odm\u011b\u0159en\u00e1 rizika a p\u0159edkl\u00e1dali neot\u0159el\u00e9 n\u00e1vrhy.<\/span><\/li><li style=\"font-weight: 400;\" aria-level=\"1\"><b>Pr\u016fb\u011b\u017en\u00e9 vzd\u011bl\u00e1v\u00e1n\u00ed a rozvoj<\/b><span style=\"font-weight: 400;\">: Udr\u017eujte si p\u0159ehled o nejnov\u011bj\u0161\u00edm v\u00fdvoji v oblasti digit\u00e1ln\u00edch trend\u016f a technologi\u00ed. Investujte do program\u016f \u0161kolen\u00ed a rozvoje, abyste \u010dleny sv\u00e9ho t\u00fdmu udr\u017eeli na \u0161pi\u010dkov\u00e9 \u00farovni a zlep\u0161ili jejich schopnosti.<\/span><\/li><\/ol><p>\u00a0<\/p><h3><b>Z\u00e1v\u011br<\/b><\/h3><p><span style=\"font-weight: 400;\">Startupy maj\u00ed fantastick\u00fd potenci\u00e1l rozv\u00edjet se, expandovat a konkurovat na glob\u00e1ln\u00ed \u00farovni d\u00edky digit\u00e1ln\u00ed transformaci. Startupy mohou s vyu\u017eit\u00edm digit\u00e1ln\u00edch technologi\u00ed zv\u00fd\u0161it svou provozn\u00ed efektivitu, zlep\u0161it zku\u0161enosti spot\u0159ebitel\u016f a rozv\u00edjet nov\u00e9 obchodn\u00ed modely.\u00a0<\/span><\/p><p><span style=\"font-weight: 400;\">Aby dos\u00e1hly \u00fasp\u011b\u0161n\u00e9 cesty k digit\u00e1ln\u00ed transformaci, mus\u00ed se pe\u010dliv\u011b vypo\u0159\u00e1dat s p\u0159ek\u00e1\u017ekami, jako jsou omezen\u00ed zdroj\u016f, z\u00edsk\u00e1v\u00e1n\u00ed talent\u016f a kybernetick\u00e1 bezpe\u010dnost.\u00a0<\/span><\/p><p><span style=\"font-weight: 400;\">Prost\u0159ednictv\u00edm strategick\u00e9 implementace a z\u00e1kaznicky orientovan\u00e9ho my\u0161len\u00ed mohou startupy vyu\u017e\u00edt potenci\u00e1l digit\u00e1ln\u00ed transformace k dosa\u017een\u00ed dlouhodob\u00e9ho \u00fasp\u011bchu a udr\u017eiteln\u00e9ho r\u016fstu.<\/span><\/p>\t\t\t\t\t\t\t\t<\/div>\n\t\t\t\t<\/div>\n\t\t\t\t<div class=\"elementor-element elementor-element-0a33bb7 elementor-widget elementor-widget-spacer\" data-id=\"0a33bb7\" data-element_type=\"widget\" data-e-type=\"widget\" data-widget_type=\"spacer.default\">\n\t\t\t\t<div class=\"elementor-widget-container\">\n\t\t\t\t\t\t\t<div class=\"elementor-spacer\">\n\t\t\t<div class=\"elementor-spacer-inner\"><\/div>\n\t\t<\/div>\n\t\t\t\t\t\t<\/div>\n\t\t\t\t<\/div>\n\t\t\t\t\t<\/div>\n\t\t<\/div>\n\t\t\t\t\t<\/div>\n\t\t<\/section>\n\t\t\t\t<section class=\"elementor-section elementor-top-section elementor-element elementor-element-b9e5bc3 elementor-section-boxed elementor-section-height-default elementor-section-height-default\" data-id=\"b9e5bc3\" data-element_type=\"section\" data-e-type=\"section\" data-settings=\"{&quot;_ha_eqh_enable&quot;:false}\">\n\t\t\t\t\t\t<div class=\"elementor-container elementor-column-gap-default\">\n\t\t\t\t\t<div class=\"elementor-column elementor-col-33 elementor-top-column elementor-element elementor-element-7cec7cd\" data-id=\"7cec7cd\" data-element_type=\"column\" data-e-type=\"column\">\n\t\t\t<div class=\"elementor-widget-wrap elementor-element-populated\">\n\t\t\t\t\t\t<div class=\"elementor-element elementor-element-dcd7ae3 elementor-widget elementor-widget-spacer\" data-id=\"dcd7ae3\" data-element_type=\"widget\" data-e-type=\"widget\" data-widget_type=\"spacer.default\">\n\t\t\t\t<div class=\"elementor-widget-container\">\n\t\t\t\t\t\t\t<div class=\"elementor-spacer\">\n\t\t\t<div class=\"elementor-spacer-inner\"><\/div>\n\t\t<\/div>\n\t\t\t\t\t\t<\/div>\n\t\t\t\t<\/div>\n\t\t\t\t<div class=\"elementor-element elementor-element-9e52ad1 elementor-widget elementor-widget-image\" data-id=\"9e52ad1\" data-element_type=\"widget\" data-e-type=\"widget\" data-widget_type=\"image.default\">\n\t\t\t\t<div class=\"elementor-widget-container\">\n\t\t\t\t\t\t\t\t\t\t\t\t\t\t\t<img decoding=\"async\" width=\"300\" height=\"63\" src=\"https:\/\/digit-up.eu\/wp-content\/uploads\/2023\/01\/EN-Co-funded-by-the-EU_PANTONE-1-300x63.jpg\" class=\"attachment-medium size-medium wp-image-132\" alt=\"\" srcset=\"https:\/\/digit-up.eu\/wp-content\/uploads\/2023\/01\/EN-Co-funded-by-the-EU_PANTONE-1-300x63.jpg 300w, https:\/\/digit-up.eu\/wp-content\/uploads\/2023\/01\/EN-Co-funded-by-the-EU_PANTONE-1-1024x215.jpg 1024w, https:\/\/digit-up.eu\/wp-content\/uploads\/2023\/01\/EN-Co-funded-by-the-EU_PANTONE-1-768x161.jpg 768w, https:\/\/digit-up.eu\/wp-content\/uploads\/2023\/01\/EN-Co-funded-by-the-EU_PANTONE-1-1536x322.jpg 1536w, https:\/\/digit-up.eu\/wp-content\/uploads\/2023\/01\/EN-Co-funded-by-the-EU_PANTONE-1-2048x430.jpg 2048w, https:\/\/digit-up.eu\/wp-content\/uploads\/2023\/01\/EN-Co-funded-by-the-EU_PANTONE-1-720x151.jpg 720w\" sizes=\"(max-width: 300px) 100vw, 300px\" \/>\t\t\t\t\t\t\t\t\t\t\t\t\t\t\t<\/div>\n\t\t\t\t<\/div>\n\t\t\t\t<div class=\"elementor-element elementor-element-252afbc elementor-widget elementor-widget-text-editor\" data-id=\"252afbc\" data-element_type=\"widget\" data-e-type=\"widget\" data-widget_type=\"text-editor.default\">\n\t\t\t\t<div class=\"elementor-widget-container\">\n\t\t\t\t\t\t\t\t\t<p>Financov\u00e1no Evropskou uni\u00ed. Vyj\u00e1d\u0159en\u00e9 n\u00e1zory a stanoviska jsou v\u0161ak pouze n\u00e1zory a stanoviska autora (autor\u016f) a nemus\u00ed nutn\u011b odr\u00e1\u017eet n\u00e1zory a stanoviska Evropsk\u00e9 unie nebo Evropsk\u00e9 v\u00fdkonn\u00e9 agentury pro vzd\u011bl\u00e1v\u00e1n\u00ed a kulturu (EACEA). Evropsk\u00e1 unie ani agentura EACEA za n\u011b nenesou odpov\u011bdnost. 2022-1-CZ01-KA220-VET- 000086461<\/p>\t\t\t\t\t\t\t\t<\/div>\n\t\t\t\t<\/div>\n\t\t\t\t\t<\/div>\n\t\t<\/div>\n\t\t\t\t<div class=\"elementor-column elementor-col-33 elementor-top-column elementor-element elementor-element-eb45b67\" data-id=\"eb45b67\" data-element_type=\"column\" data-e-type=\"column\">\n\t\t\t<div class=\"elementor-widget-wrap\">\n\t\t\t\t\t\t\t<\/div>\n\t\t<\/div>\n\t\t\t\t<div class=\"elementor-column elementor-col-33 elementor-top-column elementor-element elementor-element-5a3c5df\" data-id=\"5a3c5df\" data-element_type=\"column\" data-e-type=\"column\">\n\t\t\t<div class=\"elementor-widget-wrap elementor-element-populated\">\n\t\t\t\t\t\t<div class=\"elementor-element elementor-element-8e10ba7 elementor-widget elementor-widget-spacer\" data-id=\"8e10ba7\" data-element_type=\"widget\" data-e-type=\"widget\" data-widget_type=\"spacer.default\">\n\t\t\t\t<div class=\"elementor-widget-container\">\n\t\t\t\t\t\t\t<div class=\"elementor-spacer\">\n\t\t\t<div class=\"elementor-spacer-inner\"><\/div>\n\t\t<\/div>\n\t\t\t\t\t\t<\/div>\n\t\t\t\t<\/div>\n\t\t\t\t<div class=\"elementor-element elementor-element-b9b31ad elementor-widget elementor-widget-image\" data-id=\"b9b31ad\" data-element_type=\"widget\" data-e-type=\"widget\" data-widget_type=\"image.default\">\n\t\t\t\t<div class=\"elementor-widget-container\">\n\t\t\t\t\t\t\t\t\t\t\t\t\t\t\t<img decoding=\"async\" width=\"150\" height=\"150\" src=\"https:\/\/digit-up.eu\/wp-content\/uploads\/2023\/01\/LOGO-NO-BG-150x150.png\" class=\"attachment-thumbnail size-thumbnail wp-image-133\" alt=\"\" srcset=\"https:\/\/digit-up.eu\/wp-content\/uploads\/2023\/01\/LOGO-NO-BG-150x150.png 150w, https:\/\/digit-up.eu\/wp-content\/uploads\/2023\/01\/LOGO-NO-BG-300x300.png 300w, https:\/\/digit-up.eu\/wp-content\/uploads\/2023\/01\/LOGO-NO-BG-1024x1024.png 1024w, https:\/\/digit-up.eu\/wp-content\/uploads\/2023\/01\/LOGO-NO-BG-768x768.png 768w, https:\/\/digit-up.eu\/wp-content\/uploads\/2023\/01\/LOGO-NO-BG-720x720.png 720w, https:\/\/digit-up.eu\/wp-content\/uploads\/2023\/01\/LOGO-NO-BG-360x360.png 360w, https:\/\/digit-up.eu\/wp-content\/uploads\/2023\/01\/LOGO-NO-BG.png 1280w\" sizes=\"(max-width: 150px) 100vw, 150px\" \/>\t\t\t\t\t\t\t\t\t\t\t\t\t\t\t<\/div>\n\t\t\t\t<\/div>\n\t\t\t\t<div class=\"elementor-element elementor-element-676250a elementor-shape-circle e-grid-align-right elementor-grid-0 elementor-widget elementor-widget-social-icons\" data-id=\"676250a\" data-element_type=\"widget\" data-e-type=\"widget\" data-widget_type=\"social-icons.default\">\n\t\t\t\t<div class=\"elementor-widget-container\">\n\t\t\t\t\t\t\t<div class=\"elementor-social-icons-wrapper elementor-grid\" role=\"list\">\n\t\t\t\t\t\t\t<span class=\"elementor-grid-item\" role=\"listitem\">\n\t\t\t\t\t<a class=\"elementor-icon elementor-social-icon elementor-social-icon-facebook elementor-repeater-item-cd8515c\" href=\"https:\/\/www.facebook.com\/digitupproject\/\" target=\"_blank\">\n\t\t\t\t\t\t<span class=\"elementor-screen-only\">Facebook<\/span>\n\t\t\t\t\t\t<i aria-hidden=\"true\" class=\"fab fa-facebook\"><\/i>\t\t\t\t\t<\/a>\n\t\t\t\t<\/span>\n\t\t\t\t\t\t\t<span class=\"elementor-grid-item\" role=\"listitem\">\n\t\t\t\t\t<a class=\"elementor-icon elementor-social-icon elementor-social-icon-instagram elementor-repeater-item-f68a4e0\" href=\"https:\/\/www.instagram.com\/digitup_project\/\" target=\"_blank\">\n\t\t\t\t\t\t<span class=\"elementor-screen-only\">Instagram<\/span>\n\t\t\t\t\t\t<i aria-hidden=\"true\" class=\"fab fa-instagram\"><\/i>\t\t\t\t\t<\/a>\n\t\t\t\t<\/span>\n\t\t\t\t\t\t\t<span class=\"elementor-grid-item\" role=\"listitem\">\n\t\t\t\t\t<a class=\"elementor-icon elementor-social-icon elementor-social-icon-linkedin elementor-repeater-item-01b31e7\" href=\"https:\/\/www.linkedin.com\/company\/digit-up\/\" target=\"_blank\">\n\t\t\t\t\t\t<span class=\"elementor-screen-only\">Linkedin<\/span>\n\t\t\t\t\t\t<i aria-hidden=\"true\" class=\"fab fa-linkedin\"><\/i>\t\t\t\t\t<\/a>\n\t\t\t\t<\/span>\n\t\t\t\t\t<\/div>\n\t\t\t\t\t\t<\/div>\n\t\t\t\t<\/div>\n\t\t\t\t\t<\/div>\n\t\t<\/div>\n\t\t\t\t\t<\/div>\n\t\t<\/section>\n\t\t\t\t<section class=\"elementor-section elementor-top-section elementor-element elementor-element-f159c48 elementor-section-boxed elementor-section-height-default elementor-section-height-default\" data-id=\"f159c48\" data-element_type=\"section\" data-e-type=\"section\" data-settings=\"{&quot;_ha_eqh_enable&quot;:false}\">\n\t\t\t\t\t\t<div class=\"elementor-container elementor-column-gap-default\">\n\t\t\t\t\t<div class=\"elementor-column elementor-col-100 elementor-top-column elementor-element elementor-element-66e1911\" data-id=\"66e1911\" data-element_type=\"column\" data-e-type=\"column\">\n\t\t\t<div class=\"elementor-widget-wrap elementor-element-populated\">\n\t\t\t\t\t\t<div class=\"elementor-element elementor-element-704835c elementor-widget-divider--view-line elementor-widget elementor-widget-divider\" data-id=\"704835c\" data-element_type=\"widget\" data-e-type=\"widget\" data-widget_type=\"divider.default\">\n\t\t\t\t<div class=\"elementor-widget-container\">\n\t\t\t\t\t\t\t<div class=\"elementor-divider\">\n\t\t\t<span class=\"elementor-divider-separator\">\n\t\t\t\t\t\t<\/span>\n\t\t<\/div>\n\t\t\t\t\t\t<\/div>\n\t\t\t\t<\/div>\n\t\t\t\t\t<\/div>\n\t\t<\/div>\n\t\t\t\t\t<\/div>\n\t\t<\/section>\n\t\t\t\t<section class=\"elementor-section elementor-top-section elementor-element elementor-element-eca91c6 elementor-section-boxed elementor-section-height-default elementor-section-height-default\" data-id=\"eca91c6\" data-element_type=\"section\" data-e-type=\"section\" data-settings=\"{&quot;_ha_eqh_enable&quot;:false}\">\n\t\t\t\t\t\t<div class=\"elementor-container elementor-column-gap-default\">\n\t\t\t\t\t<div class=\"elementor-column elementor-col-33 elementor-top-column elementor-element elementor-element-4804981\" data-id=\"4804981\" data-element_type=\"column\" data-e-type=\"column\">\n\t\t\t<div class=\"elementor-widget-wrap elementor-element-populated\">\n\t\t\t\t\t\t<div class=\"elementor-element elementor-element-6d5f6b9 elementor-widget elementor-widget-text-editor\" data-id=\"6d5f6b9\" data-element_type=\"widget\" data-e-type=\"widget\" data-widget_type=\"text-editor.default\">\n\t\t\t\t<div class=\"elementor-widget-container\">\n\t\t\t\t\t\t\t\t\t<p>Copyright \u00a9 2023 Digital Upgrade Skilling. All Rights Reserved<\/p>\t\t\t\t\t\t\t\t<\/div>\n\t\t\t\t<\/div>\n\t\t\t\t\t<\/div>\n\t\t<\/div>\n\t\t\t\t<div class=\"elementor-column elementor-col-33 elementor-top-column elementor-element elementor-element-e3b31f8\" data-id=\"e3b31f8\" data-element_type=\"column\" data-e-type=\"column\">\n\t\t\t<div class=\"elementor-widget-wrap elementor-element-populated\">\n\t\t\t\t\t\t<div class=\"elementor-element elementor-element-4af3078 elementor-widget elementor-widget-text-editor\" data-id=\"4af3078\" data-element_type=\"widget\" data-e-type=\"widget\" data-widget_type=\"text-editor.default\">\n\t\t\t\t<div class=\"elementor-widget-container\">\n\t\t\t\t\t\t\t\t\t<a style=\"color: black;\" href=\"https:\/\/digit-up.eu\/index.php\/terms-of-use\/\" target=\"_blank\" rel=\"noopener\">Terms of Use<\/a>\t\t\t\t\t\t\t\t<\/div>\n\t\t\t\t<\/div>\n\t\t\t\t\t<\/div>\n\t\t<\/div>\n\t\t\t\t<div class=\"elementor-column elementor-col-33 elementor-top-column elementor-element elementor-element-57f38bf\" data-id=\"57f38bf\" data-element_type=\"column\" data-e-type=\"column\">\n\t\t\t<div class=\"elementor-widget-wrap elementor-element-populated\">\n\t\t\t\t\t\t<div class=\"elementor-element elementor-element-075cf83 elementor-widget elementor-widget-text-editor\" data-id=\"075cf83\" data-element_type=\"widget\" data-e-type=\"widget\" data-widget_type=\"text-editor.default\">\n\t\t\t\t<div class=\"elementor-widget-container\">\n\t\t\t\t\t\t\t\t\t<span style=\"color: #797979; text-align: left;\">Powered by\u00a0<\/span><a style=\"color: #797979; text-align: right;\" href=\"https:\/\/innovationhive.eu\/\" target=\"_blank\" rel=\"noopener\">Innovation Hive<\/a>\t\t\t\t\t\t\t\t<\/div>\n\t\t\t\t<\/div>\n\t\t\t\t\t<\/div>\n\t\t<\/div>\n\t\t\t\t\t<\/div>\n\t\t<\/section>\n\t\t\t\t<\/div>\n\t\t","protected":false},"excerpt":{"rendered":"<p>V\u00fdzvy a osv\u011bd\u010den\u00e9 postupy pro za\u010d\u00ednaj\u00edc\u00ed podniky p\u0159i digit\u00e1ln\u00ed transformaci Startupy maj\u00ed na sv\u00e9 cest\u011b k digit\u00e1ln\u00ed transformaci \u0159adu p\u0159ek\u00e1\u017eek, [&hellip;]<\/p>\n","protected":false},"author":1,"featured_media":0,"parent":0,"menu_order":0,"comment_status":"closed","ping_status":"closed","template":"page-templates\/template_page-builder.php","meta":{"_eb_attr":"","_monsterinsights_skip_tracking":false,"_monsterinsights_sitenote_active":false,"_monsterinsights_sitenote_note":"","_monsterinsights_sitenote_category":0,"footnotes":""},"class_list":["post-2320","page","type-page","status-publish","hentry"],"aioseo_notices":[],"_links":{"self":[{"href":"https:\/\/digit-up.eu\/index.php\/wp-json\/wp\/v2\/pages\/2320","targetHints":{"allow":["GET"]}}],"collection":[{"href":"https:\/\/digit-up.eu\/index.php\/wp-json\/wp\/v2\/pages"}],"about":[{"href":"https:\/\/digit-up.eu\/index.php\/wp-json\/wp\/v2\/types\/page"}],"author":[{"embeddable":true,"href":"https:\/\/digit-up.eu\/index.php\/wp-json\/wp\/v2\/users\/1"}],"replies":[{"embeddable":true,"href":"https:\/\/digit-up.eu\/index.php\/wp-json\/wp\/v2\/comments?post=2320"}],"version-history":[{"count":4,"href":"https:\/\/digit-up.eu\/index.php\/wp-json\/wp\/v2\/pages\/2320\/revisions"}],"predecessor-version":[{"id":2324,"href":"https:\/\/digit-up.eu\/index.php\/wp-json\/wp\/v2\/pages\/2320\/revisions\/2324"}],"wp:attachment":[{"href":"https:\/\/digit-up.eu\/index.php\/wp-json\/wp\/v2\/media?parent=2320"}],"curies":[{"name":"wp","href":"https:\/\/api.w.org\/{rel}","templated":true}]}}