{"id":691,"date":"2023-01-18T10:20:51","date_gmt":"2023-01-18T10:20:51","guid":{"rendered":"https:\/\/digit-up.eu\/?page_id=691"},"modified":"2024-01-18T12:01:23","modified_gmt":"2024-01-18T12:01:23","slug":"il-progetto","status":"publish","type":"page","link":"https:\/\/digit-up.eu\/index.php\/it\/il-progetto\/","title":{"rendered":"Il Progetto"},"content":{"rendered":"\t\t<div data-elementor-type=\"wp-page\" data-elementor-id=\"691\" class=\"elementor elementor-691\" data-elementor-settings=\"{&quot;ha_cmc_init_switcher&quot;:&quot;no&quot;}\">\n\t\t\t\t\t\t<section class=\"elementor-section elementor-top-section elementor-element elementor-element-f7f2f84 elementor-section-boxed elementor-section-height-default elementor-section-height-default\" data-id=\"f7f2f84\" data-element_type=\"section\" data-e-type=\"section\" data-settings=\"{&quot;background_background&quot;:&quot;video&quot;,&quot;background_video_link&quot;:&quot;https:\\\/\\\/digit-up.eu\\\/wp-content\\\/uploads\\\/2023\\\/01\\\/production-ID_5190556.mp4&quot;,&quot;_ha_eqh_enable&quot;:false}\">\n\t\t\t\t\t\t\t\t<div class=\"elementor-background-video-container elementor-hidden-mobile\">\n\t\t\t\t\t\t\t\t\t\t\t\t\t<video class=\"elementor-background-video-hosted\" role=\"presentation\" autoplay muted playsinline loop><\/video>\n\t\t\t\t\t\t\t\t\t\t\t<\/div>\n\t\t\t\t\t\t\t\t\t<div class=\"elementor-background-overlay\"><\/div>\n\t\t\t\t\t\t\t<div class=\"elementor-container elementor-column-gap-default\">\n\t\t\t\t\t<div class=\"elementor-column elementor-col-100 elementor-top-column elementor-element elementor-element-89f38e5\" data-id=\"89f38e5\" data-element_type=\"column\" data-e-type=\"column\">\n\t\t\t<div class=\"elementor-widget-wrap elementor-element-populated\">\n\t\t\t\t\t\t<div class=\"elementor-element elementor-element-05272c8 elementor-widget elementor-widget-spacer\" data-id=\"05272c8\" data-element_type=\"widget\" data-e-type=\"widget\" data-widget_type=\"spacer.default\">\n\t\t\t\t<div class=\"elementor-widget-container\">\n\t\t\t\t\t\t\t<div class=\"elementor-spacer\">\n\t\t\t<div class=\"elementor-spacer-inner\"><\/div>\n\t\t<\/div>\n\t\t\t\t\t\t<\/div>\n\t\t\t\t<\/div>\n\t\t\t\t<div class=\"elementor-element elementor-element-79610cc elementor-widget elementor-widget-heading\" data-id=\"79610cc\" data-element_type=\"widget\" data-e-type=\"widget\" data-widget_type=\"heading.default\">\n\t\t\t\t<div class=\"elementor-widget-container\">\n\t\t\t\t\t<h2 class=\"elementor-heading-title elementor-size-default\">Il Progetto<\/h2>\t\t\t\t<\/div>\n\t\t\t\t<\/div>\n\t\t\t\t<div class=\"elementor-element elementor-element-c7fb52b elementor-widget-divider--view-line elementor-widget elementor-widget-divider\" data-id=\"c7fb52b\" data-element_type=\"widget\" data-e-type=\"widget\" data-widget_type=\"divider.default\">\n\t\t\t\t<div class=\"elementor-widget-container\">\n\t\t\t\t\t\t\t<div class=\"elementor-divider\">\n\t\t\t<span class=\"elementor-divider-separator\">\n\t\t\t\t\t\t<\/span>\n\t\t<\/div>\n\t\t\t\t\t\t<\/div>\n\t\t\t\t<\/div>\n\t\t\t\t<div class=\"elementor-element elementor-element-b6fe012 elementor-widget elementor-widget-heading\" data-id=\"b6fe012\" data-element_type=\"widget\" data-e-type=\"widget\" data-widget_type=\"heading.default\">\n\t\t\t\t<div class=\"elementor-widget-container\">\n\t\t\t\t\t<h2 class=\"elementor-heading-title elementor-size-default\">Descrizione del progetto<\/h2>\t\t\t\t<\/div>\n\t\t\t\t<\/div>\n\t\t\t\t<section class=\"elementor-section elementor-inner-section elementor-element elementor-element-4ae6920 elementor-section-boxed elementor-section-height-default elementor-section-height-default\" data-id=\"4ae6920\" data-element_type=\"section\" data-e-type=\"section\" data-settings=\"{&quot;_ha_eqh_enable&quot;:false}\">\n\t\t\t\t\t\t<div class=\"elementor-container elementor-column-gap-default\">\n\t\t\t\t\t<div class=\"elementor-column elementor-col-50 elementor-inner-column elementor-element elementor-element-6647126\" data-id=\"6647126\" data-element_type=\"column\" data-e-type=\"column\">\n\t\t\t<div class=\"elementor-widget-wrap elementor-element-populated\">\n\t\t\t\t\t\t<div class=\"elementor-element elementor-element-09b5e50 elementor-widget elementor-widget-text-editor\" data-id=\"09b5e50\" data-element_type=\"widget\" data-e-type=\"widget\" data-widget_type=\"text-editor.default\">\n\t\t\t\t<div class=\"elementor-widget-container\">\n\t\t\t\t\t\t\t\t\t<p>La digitalizzazione \u00e8 tra le varie sfide che le Piccole e Medie Imprese (PMI) europee si trovano oggi a fronteggiare. Un elevato numero di PMI riferiscono di non possedere competenze digitali di base; inoltre, si rileva una correlazione positiva tra livelli di di competenze digitali e di crescita del fatturato.\u00a0<\/p><p>Le PMI hanno ad esempio difficolt\u00e0 a sviluppare la loro presenza on line. hanno un gap di consapevolezza circa i benefici e le opportunit\u00e0 disponibili grazie alle risorse digitali, non hanno familiarit\u00e0 con le piattaforme digitali, non hanno una solida conoscenza atta a comprendere e valutare la trasformazione digitale, la formazione digitale, l&#8217;uso di piattaforme e strumenti digitali e, di conseguenza, non riescono a cogliere le opportunit\u00e0 offerte alla cd. &#8220;Industria 4.0&#8221;.<\/p>\t\t\t\t\t\t\t\t<\/div>\n\t\t\t\t<\/div>\n\t\t\t\t\t<\/div>\n\t\t<\/div>\n\t\t\t\t<div class=\"elementor-column elementor-col-50 elementor-inner-column elementor-element elementor-element-90f0b71\" data-id=\"90f0b71\" data-element_type=\"column\" data-e-type=\"column\">\n\t\t\t<div class=\"elementor-widget-wrap elementor-element-populated\">\n\t\t\t\t\t\t<div class=\"elementor-element elementor-element-84d0735 elementor-widget elementor-widget-ha-image-hover-effect happy-addon ha-image-hover-effect\" data-id=\"84d0735\" data-element_type=\"widget\" data-e-type=\"widget\" data-widget_type=\"ha-image-hover-effect.default\">\n\t\t\t\t<div class=\"elementor-widget-container\">\n\t\t\t\t\t\t\t<div class=\"ha-ihe-wrapper grid\">\n\t\t\t<figure class=\"ha-ihe-fig ha-effect-layla\">\n\t\t\t\t<img decoding=\"async\" class=\"ha-ihe-img\" src=\"https:\/\/digit-up.eu\/wp-content\/uploads\/2023\/01\/charles-forerunner-3fPXt37X6UQ-unsplash-scaled.jpg\" alt=\"Image hover effect image\" \/>\n\t\t\t\t<figcaption class=\"ha-ihe-caption\">\n\t\t\t\t\t\t\t\t\t\t\t<h2 class=\"ha-ihe-title\"><\/h2>\t\t\t\t\t\t\t\t\t\t\t\t\t<p class=\"ha-ihe-desc\"><\/p>\n\t\t\t\t\t\t\t\t\t\t\t\t\t\t\t\t\t\t\t\t\t<\/figcaption>\n\t\t\t<\/figure>\n\t\t<\/div>\n\t\t\t\t<\/div>\n\t\t\t\t<\/div>\n\t\t\t\t\t<\/div>\n\t\t<\/div>\n\t\t\t\t\t<\/div>\n\t\t<\/section>\n\t\t\t\t<div class=\"elementor-element elementor-element-cf8a351 elementor-widget elementor-widget-text-editor\" data-id=\"cf8a351\" data-element_type=\"widget\" data-e-type=\"widget\" data-widget_type=\"text-editor.default\">\n\t\t\t\t<div class=\"elementor-widget-container\">\n\t\t\t\t\t\t\t\t\t<p>Il Progetto DigitUp ha lo scopo di sviluppare un innovativo corso di formazione, dei serious game e degli strumenti di valutazione on line che renderanno possibile agli educatori e insegnanti delle Scuole professionali (cd. VET &#8211; Vocational Educational and Training) di interagire, attraverso una formazione dedicata, con i manager e gli imprenditori autonomi, aiutandoli a diventare i manager del futuro, armati di incisive competenze digitali che abilitino una trasformazione digitale attuata nel quadro dei pradigmi &#8220;Industria 4.0&#8221; e delle &#8220;BIC technologies&#8221;.\u00a0<\/p><p>Attraverso il progetto DigitUp, i partecipanti avranno accesso ed utilizzeranno metodologie di insegnamento ed apprendimento innovative. Attraverso il supporto di misure che rafforzino gli ecosistemi e che accrescano strutturalmente l&#8217;offerta delle competenze necessarie, cos\u00ec come la facilitazione dello sviluppo organizzativo e del raggiungimento di pi\u00f9 elevate performance, le PMI europee potranno pi\u00f9 facilmente adottare pratiche basate su tecnologie disruptive.\u00a0<\/p><p>In termini di supporto al Vocational Education and Training, il progetto DigitUp persegue il rafforzamento, tra le altre, di capacit\u00e0 tecnologiche e digitali, rivolte al bisogno di adottare anche nuova conoscenza sulla trasformazione digitale, inclusi metodi formativi e pedagogici, costruendo anche una rete di educatori VET qualificati.<\/p>\t\t\t\t\t\t\t\t<\/div>\n\t\t\t\t<\/div>\n\t\t\t\t<div class=\"elementor-element elementor-element-72515f8 elementor-widget elementor-widget-spacer\" data-id=\"72515f8\" data-element_type=\"widget\" data-e-type=\"widget\" data-widget_type=\"spacer.default\">\n\t\t\t\t<div class=\"elementor-widget-container\">\n\t\t\t\t\t\t\t<div class=\"elementor-spacer\">\n\t\t\t<div class=\"elementor-spacer-inner\"><\/div>\n\t\t<\/div>\n\t\t\t\t\t\t<\/div>\n\t\t\t\t<\/div>\n\t\t\t\t<div class=\"elementor-element elementor-element-48fc179 elementor-widget elementor-widget-heading\" data-id=\"48fc179\" data-element_type=\"widget\" data-e-type=\"widget\" data-widget_type=\"heading.default\">\n\t\t\t\t<div class=\"elementor-widget-container\">\n\t\t\t\t\t<h2 class=\"elementor-heading-title elementor-size-default\">Impatto<\/h2>\t\t\t\t<\/div>\n\t\t\t\t<\/div>\n\t\t\t\t<div class=\"elementor-element elementor-element-5d42af0 elementor-widget elementor-widget-text-editor\" data-id=\"5d42af0\" data-element_type=\"widget\" data-e-type=\"widget\" data-widget_type=\"text-editor.default\">\n\t\t\t\t<div class=\"elementor-widget-container\">\n\t\t\t\t\t\t\t\t\t<p>Si prevede che il progetto DigitUp produca un significativo impatto sui partecipanti, sui partner, i gruppi di target, cos\u00ec come gli stakeholder regionali e nazionali. Si prevede che ai target group del progetto (ad esempio, i manager delle PMI, gli imprenditori autonomi) sia consentito di dotarsi di tutte le necessarie competenze digitali, partecipando ad una serie di attivit\u00e0 pilota.\u00a0<\/p><p>Le attivit\u00e0 del progetto produrranno effetti positivi di lungo periodo sui target group e li prepareranno mediante strumenti atti ad identificare i tipi di competenze digitali che sono altamente domandate dalle PMI e dagli imprenditori autonomi.<\/p><p>Gli impatti del progeto DigitUp a livello locale, regionale e nazionale sono:<\/p><p><img decoding=\"async\" class=\"emoji\" role=\"img\" draggable=\"false\" src=\"https:\/\/s.w.org\/images\/core\/emoji\/14.0.0\/svg\/25aa.svg\" alt=\"\u25aa\ufe0f\" \/> assicurare l&#8217;accesso e l&#8217;uso di formazione e pratiche di apprendimento innovative<br \/><img decoding=\"async\" class=\"emoji\" role=\"img\" draggable=\"false\" src=\"https:\/\/s.w.org\/images\/core\/emoji\/14.0.0\/svg\/25aa.svg\" alt=\"\u25aa\ufe0f\" \/> incrementare e rafforzare il dibattito pubblico sulle competenze digitali e la conoscenza relativa alle tecnologie &#8220;cutting edge&#8221; per le PMI, le microimprese e gli imprenditori autonomi<br \/><img decoding=\"async\" class=\"emoji\" role=\"img\" draggable=\"false\" src=\"https:\/\/s.w.org\/images\/core\/emoji\/14.0.0\/svg\/25aa.svg\" alt=\"\u25aa\ufe0f\" \/> supportare ed incoraggiare un ambiente imprenditoriale che accentui l&#8217;importanza delle competenze digitali<br \/><img decoding=\"async\" class=\"emoji\" role=\"img\" draggable=\"false\" src=\"https:\/\/s.w.org\/images\/core\/emoji\/14.0.0\/svg\/25aa.svg\" alt=\"\u25aa\ufe0f\" \/> incoraggiare le PMI ad affrontare la cd. \u201cIndustria 4.0\u201d attraverso strumenti di valutazione e i serious game messi a disposizione dal progetto DigitUp<br \/><img decoding=\"async\" class=\"emoji\" role=\"img\" draggable=\"false\" src=\"https:\/\/s.w.org\/images\/core\/emoji\/14.0.0\/svg\/25aa.svg\" alt=\"\u25aa\ufe0f\" \/> far crescere la consapevolezza ed offrire una conoscenza aggiornata ai formatori VET, rilevante per le tecnologie BIC e le roadmap ed indicatori relativi alle skill digitali.<\/p>\t\t\t\t\t\t\t\t<\/div>\n\t\t\t\t<\/div>\n\t\t\t\t<div class=\"elementor-element elementor-element-4d6f54a elementor-widget elementor-widget-spacer\" data-id=\"4d6f54a\" data-element_type=\"widget\" data-e-type=\"widget\" data-widget_type=\"spacer.default\">\n\t\t\t\t<div class=\"elementor-widget-container\">\n\t\t\t\t\t\t\t<div class=\"elementor-spacer\">\n\t\t\t<div class=\"elementor-spacer-inner\"><\/div>\n\t\t<\/div>\n\t\t\t\t\t\t<\/div>\n\t\t\t\t<\/div>\n\t\t\t\t\t<\/div>\n\t\t<\/div>\n\t\t\t\t\t<\/div>\n\t\t<\/section>\n\t\t\t\t<section class=\"elementor-section elementor-top-section elementor-element elementor-element-413f61d elementor-section-boxed elementor-section-height-default elementor-section-height-default\" data-id=\"413f61d\" data-element_type=\"section\" data-e-type=\"section\" data-settings=\"{&quot;_ha_eqh_enable&quot;:false}\">\n\t\t\t\t\t\t<div class=\"elementor-container elementor-column-gap-default\">\n\t\t\t\t\t<div class=\"elementor-column elementor-col-33 elementor-top-column elementor-element elementor-element-44057a9\" data-id=\"44057a9\" data-element_type=\"column\" data-e-type=\"column\">\n\t\t\t<div class=\"elementor-widget-wrap elementor-element-populated\">\n\t\t\t\t\t\t<div class=\"elementor-element elementor-element-5b6021f elementor-widget elementor-widget-spacer\" data-id=\"5b6021f\" data-element_type=\"widget\" data-e-type=\"widget\" data-widget_type=\"spacer.default\">\n\t\t\t\t<div class=\"elementor-widget-container\">\n\t\t\t\t\t\t\t<div class=\"elementor-spacer\">\n\t\t\t<div class=\"elementor-spacer-inner\"><\/div>\n\t\t<\/div>\n\t\t\t\t\t\t<\/div>\n\t\t\t\t<\/div>\n\t\t\t\t<div class=\"elementor-element elementor-element-4694fbc elementor-widget elementor-widget-image\" data-id=\"4694fbc\" data-element_type=\"widget\" data-e-type=\"widget\" data-widget_type=\"image.default\">\n\t\t\t\t<div class=\"elementor-widget-container\">\n\t\t\t\t\t\t\t\t\t\t\t\t\t\t\t<img decoding=\"async\" width=\"300\" height=\"63\" src=\"https:\/\/digit-up.eu\/wp-content\/uploads\/2023\/01\/EN-Co-funded-by-the-EU_PANTONE-1-300x63.jpg\" class=\"attachment-medium size-medium wp-image-132\" alt=\"\" srcset=\"https:\/\/digit-up.eu\/wp-content\/uploads\/2023\/01\/EN-Co-funded-by-the-EU_PANTONE-1-300x63.jpg 300w, https:\/\/digit-up.eu\/wp-content\/uploads\/2023\/01\/EN-Co-funded-by-the-EU_PANTONE-1-1024x215.jpg 1024w, https:\/\/digit-up.eu\/wp-content\/uploads\/2023\/01\/EN-Co-funded-by-the-EU_PANTONE-1-768x161.jpg 768w, https:\/\/digit-up.eu\/wp-content\/uploads\/2023\/01\/EN-Co-funded-by-the-EU_PANTONE-1-1536x322.jpg 1536w, https:\/\/digit-up.eu\/wp-content\/uploads\/2023\/01\/EN-Co-funded-by-the-EU_PANTONE-1-2048x430.jpg 2048w, https:\/\/digit-up.eu\/wp-content\/uploads\/2023\/01\/EN-Co-funded-by-the-EU_PANTONE-1-720x151.jpg 720w\" sizes=\"(max-width: 300px) 100vw, 300px\" \/>\t\t\t\t\t\t\t\t\t\t\t\t\t\t\t<\/div>\n\t\t\t\t<\/div>\n\t\t\t\t<div class=\"elementor-element elementor-element-1ef9737 elementor-widget elementor-widget-text-editor\" data-id=\"1ef9737\" data-element_type=\"widget\" data-e-type=\"widget\" data-widget_type=\"text-editor.default\">\n\t\t\t\t<div class=\"elementor-widget-container\">\n\t\t\t\t\t\t\t\t\t<p>Finanziato dall&#8217;Unione europea. Le opinioni espresse appartengono, tuttavia, al solo o ai soli autori e non riflettono necessariamente le opinioni dell&#8217;Unione europea o dell\u2019Agenzia esecutiva europea per l\u2019istruzione e la cultura (EACEA). N\u00e9 l&#8217;Unione europea n\u00e9 l&#8217;EACEA possono esserne ritenute responsabili. 2022-1-CZ01-KA220-VET- 000086461<\/p>\t\t\t\t\t\t\t\t<\/div>\n\t\t\t\t<\/div>\n\t\t\t\t\t<\/div>\n\t\t<\/div>\n\t\t\t\t<div class=\"elementor-column elementor-col-33 elementor-top-column elementor-element elementor-element-28e1749\" data-id=\"28e1749\" data-element_type=\"column\" data-e-type=\"column\">\n\t\t\t<div class=\"elementor-widget-wrap\">\n\t\t\t\t\t\t\t<\/div>\n\t\t<\/div>\n\t\t\t\t<div class=\"elementor-column elementor-col-33 elementor-top-column elementor-element elementor-element-79e102c\" data-id=\"79e102c\" data-element_type=\"column\" data-e-type=\"column\">\n\t\t\t<div class=\"elementor-widget-wrap elementor-element-populated\">\n\t\t\t\t\t\t<div class=\"elementor-element elementor-element-f330b4d elementor-widget elementor-widget-spacer\" data-id=\"f330b4d\" data-element_type=\"widget\" data-e-type=\"widget\" data-widget_type=\"spacer.default\">\n\t\t\t\t<div class=\"elementor-widget-container\">\n\t\t\t\t\t\t\t<div class=\"elementor-spacer\">\n\t\t\t<div class=\"elementor-spacer-inner\"><\/div>\n\t\t<\/div>\n\t\t\t\t\t\t<\/div>\n\t\t\t\t<\/div>\n\t\t\t\t<div class=\"elementor-element elementor-element-28a0a56 elementor-widget elementor-widget-image\" data-id=\"28a0a56\" data-element_type=\"widget\" data-e-type=\"widget\" data-widget_type=\"image.default\">\n\t\t\t\t<div class=\"elementor-widget-container\">\n\t\t\t\t\t\t\t\t\t\t\t\t\t\t\t<img decoding=\"async\" width=\"150\" height=\"150\" src=\"https:\/\/digit-up.eu\/wp-content\/uploads\/2023\/01\/LOGO-NO-BG-150x150.png\" class=\"attachment-thumbnail size-thumbnail wp-image-133\" alt=\"\" srcset=\"https:\/\/digit-up.eu\/wp-content\/uploads\/2023\/01\/LOGO-NO-BG-150x150.png 150w, https:\/\/digit-up.eu\/wp-content\/uploads\/2023\/01\/LOGO-NO-BG-300x300.png 300w, https:\/\/digit-up.eu\/wp-content\/uploads\/2023\/01\/LOGO-NO-BG-1024x1024.png 1024w, https:\/\/digit-up.eu\/wp-content\/uploads\/2023\/01\/LOGO-NO-BG-768x768.png 768w, https:\/\/digit-up.eu\/wp-content\/uploads\/2023\/01\/LOGO-NO-BG-720x720.png 720w, https:\/\/digit-up.eu\/wp-content\/uploads\/2023\/01\/LOGO-NO-BG-360x360.png 360w, https:\/\/digit-up.eu\/wp-content\/uploads\/2023\/01\/LOGO-NO-BG.png 1280w\" sizes=\"(max-width: 150px) 100vw, 150px\" \/>\t\t\t\t\t\t\t\t\t\t\t\t\t\t\t<\/div>\n\t\t\t\t<\/div>\n\t\t\t\t<div class=\"elementor-element elementor-element-6252d7b elementor-shape-circle e-grid-align-right elementor-grid-0 elementor-widget elementor-widget-social-icons\" data-id=\"6252d7b\" data-element_type=\"widget\" data-e-type=\"widget\" data-widget_type=\"social-icons.default\">\n\t\t\t\t<div class=\"elementor-widget-container\">\n\t\t\t\t\t\t\t<div class=\"elementor-social-icons-wrapper elementor-grid\" role=\"list\">\n\t\t\t\t\t\t\t<span class=\"elementor-grid-item\" role=\"listitem\">\n\t\t\t\t\t<a class=\"elementor-icon elementor-social-icon elementor-social-icon-facebook elementor-repeater-item-cd8515c\" href=\"https:\/\/www.facebook.com\/digitupproject\/\" target=\"_blank\">\n\t\t\t\t\t\t<span class=\"elementor-screen-only\">Facebook<\/span>\n\t\t\t\t\t\t<i aria-hidden=\"true\" class=\"fab fa-facebook\"><\/i>\t\t\t\t\t<\/a>\n\t\t\t\t<\/span>\n\t\t\t\t\t\t\t<span class=\"elementor-grid-item\" role=\"listitem\">\n\t\t\t\t\t<a class=\"elementor-icon elementor-social-icon elementor-social-icon-instagram elementor-repeater-item-f68a4e0\" href=\"https:\/\/www.instagram.com\/digitup_project\/\" target=\"_blank\">\n\t\t\t\t\t\t<span class=\"elementor-screen-only\">Instagram<\/span>\n\t\t\t\t\t\t<i aria-hidden=\"true\" class=\"fab fa-instagram\"><\/i>\t\t\t\t\t<\/a>\n\t\t\t\t<\/span>\n\t\t\t\t\t\t\t<span class=\"elementor-grid-item\" role=\"listitem\">\n\t\t\t\t\t<a class=\"elementor-icon elementor-social-icon elementor-social-icon-linkedin elementor-repeater-item-01b31e7\" href=\"https:\/\/www.linkedin.com\/company\/digit-up\/\" target=\"_blank\">\n\t\t\t\t\t\t<span class=\"elementor-screen-only\">Linkedin<\/span>\n\t\t\t\t\t\t<i aria-hidden=\"true\" class=\"fab fa-linkedin\"><\/i>\t\t\t\t\t<\/a>\n\t\t\t\t<\/span>\n\t\t\t\t\t<\/div>\n\t\t\t\t\t\t<\/div>\n\t\t\t\t<\/div>\n\t\t\t\t\t<\/div>\n\t\t<\/div>\n\t\t\t\t\t<\/div>\n\t\t<\/section>\n\t\t\t\t<section class=\"elementor-section elementor-top-section elementor-element elementor-element-b50105c elementor-section-boxed elementor-section-height-default elementor-section-height-default\" data-id=\"b50105c\" data-element_type=\"section\" data-e-type=\"section\" data-settings=\"{&quot;_ha_eqh_enable&quot;:false}\">\n\t\t\t\t\t\t<div class=\"elementor-container elementor-column-gap-default\">\n\t\t\t\t\t<div class=\"elementor-column elementor-col-100 elementor-top-column elementor-element elementor-element-64e0e96\" data-id=\"64e0e96\" data-element_type=\"column\" data-e-type=\"column\">\n\t\t\t<div class=\"elementor-widget-wrap elementor-element-populated\">\n\t\t\t\t\t\t<div class=\"elementor-element elementor-element-96840db elementor-widget-divider--view-line elementor-widget elementor-widget-divider\" data-id=\"96840db\" data-element_type=\"widget\" data-e-type=\"widget\" data-widget_type=\"divider.default\">\n\t\t\t\t<div class=\"elementor-widget-container\">\n\t\t\t\t\t\t\t<div class=\"elementor-divider\">\n\t\t\t<span class=\"elementor-divider-separator\">\n\t\t\t\t\t\t<\/span>\n\t\t<\/div>\n\t\t\t\t\t\t<\/div>\n\t\t\t\t<\/div>\n\t\t\t\t\t<\/div>\n\t\t<\/div>\n\t\t\t\t\t<\/div>\n\t\t<\/section>\n\t\t\t\t<section class=\"elementor-section elementor-top-section elementor-element elementor-element-626ddf0 elementor-section-boxed elementor-section-height-default elementor-section-height-default\" data-id=\"626ddf0\" data-element_type=\"section\" data-e-type=\"section\" data-settings=\"{&quot;_ha_eqh_enable&quot;:false}\">\n\t\t\t\t\t\t<div class=\"elementor-container elementor-column-gap-default\">\n\t\t\t\t\t<div class=\"elementor-column elementor-col-33 elementor-top-column elementor-element elementor-element-ac33f4b\" data-id=\"ac33f4b\" data-element_type=\"column\" data-e-type=\"column\">\n\t\t\t<div class=\"elementor-widget-wrap elementor-element-populated\">\n\t\t\t\t\t\t<div class=\"elementor-element elementor-element-dd57096 elementor-widget elementor-widget-text-editor\" data-id=\"dd57096\" data-element_type=\"widget\" data-e-type=\"widget\" data-widget_type=\"text-editor.default\">\n\t\t\t\t<div class=\"elementor-widget-container\">\n\t\t\t\t\t\t\t\t\t<p>Copyright \u00a9 2023 Digital Upgrade Skilling. All Rights Reserved<\/p>\t\t\t\t\t\t\t\t<\/div>\n\t\t\t\t<\/div>\n\t\t\t\t\t<\/div>\n\t\t<\/div>\n\t\t\t\t<div class=\"elementor-column elementor-col-33 elementor-top-column elementor-element elementor-element-701d04f\" data-id=\"701d04f\" data-element_type=\"column\" data-e-type=\"column\">\n\t\t\t<div class=\"elementor-widget-wrap elementor-element-populated\">\n\t\t\t\t\t\t<div class=\"elementor-element elementor-element-be5d6a6 elementor-widget elementor-widget-text-editor\" data-id=\"be5d6a6\" data-element_type=\"widget\" data-e-type=\"widget\" data-widget_type=\"text-editor.default\">\n\t\t\t\t<div class=\"elementor-widget-container\">\n\t\t\t\t\t\t\t\t\t<a style=\"color: black;\" href=\"https:\/\/digit-up.eu\/index.php\/terms-of-use\/\" target=\"_blank\" rel=\"noopener\">Terms of Use<\/a>\t\t\t\t\t\t\t\t<\/div>\n\t\t\t\t<\/div>\n\t\t\t\t\t<\/div>\n\t\t<\/div>\n\t\t\t\t<div class=\"elementor-column elementor-col-33 elementor-top-column elementor-element elementor-element-ecf3107\" data-id=\"ecf3107\" data-element_type=\"column\" data-e-type=\"column\">\n\t\t\t<div class=\"elementor-widget-wrap elementor-element-populated\">\n\t\t\t\t\t\t<div class=\"elementor-element elementor-element-18e3f4f elementor-widget elementor-widget-text-editor\" data-id=\"18e3f4f\" data-element_type=\"widget\" data-e-type=\"widget\" data-widget_type=\"text-editor.default\">\n\t\t\t\t<div class=\"elementor-widget-container\">\n\t\t\t\t\t\t\t\t\t<span style=\"color: #797979; text-align: left;\">Powered by\u00a0<\/span><a style=\"color: #797979; text-align: right;\" href=\"https:\/\/innovationhive.eu\/\" target=\"_blank\" rel=\"noopener\">Innovation Hive<\/a>\t\t\t\t\t\t\t\t<\/div>\n\t\t\t\t<\/div>\n\t\t\t\t\t<\/div>\n\t\t<\/div>\n\t\t\t\t\t<\/div>\n\t\t<\/section>\n\t\t\t\t<\/div>\n\t\t","protected":false},"excerpt":{"rendered":"<p>Il Progetto Descrizione del progetto La digitalizzazione \u00e8 tra le varie sfide che le Piccole e Medie Imprese (PMI) europee [&hellip;]<\/p>\n","protected":false},"author":1,"featured_media":0,"parent":0,"menu_order":0,"comment_status":"closed","ping_status":"closed","template":"page-templates\/template_page-builder.php","meta":{"_eb_attr":"","_monsterinsights_skip_tracking":false,"_monsterinsights_sitenote_active":false,"_monsterinsights_sitenote_note":"","_monsterinsights_sitenote_category":0,"footnotes":""},"class_list":["post-691","page","type-page","status-publish","hentry"],"aioseo_notices":[],"_links":{"self":[{"href":"https:\/\/digit-up.eu\/index.php\/wp-json\/wp\/v2\/pages\/691","targetHints":{"allow":["GET"]}}],"collection":[{"href":"https:\/\/digit-up.eu\/index.php\/wp-json\/wp\/v2\/pages"}],"about":[{"href":"https:\/\/digit-up.eu\/index.php\/wp-json\/wp\/v2\/types\/page"}],"author":[{"embeddable":true,"href":"https:\/\/digit-up.eu\/index.php\/wp-json\/wp\/v2\/users\/1"}],"replies":[{"embeddable":true,"href":"https:\/\/digit-up.eu\/index.php\/wp-json\/wp\/v2\/comments?post=691"}],"version-history":[{"count":7,"href":"https:\/\/digit-up.eu\/index.php\/wp-json\/wp\/v2\/pages\/691\/revisions"}],"predecessor-version":[{"id":1775,"href":"https:\/\/digit-up.eu\/index.php\/wp-json\/wp\/v2\/pages\/691\/revisions\/1775"}],"wp:attachment":[{"href":"https:\/\/digit-up.eu\/index.php\/wp-json\/wp\/v2\/media?parent=691"}],"curies":[{"name":"wp","href":"https:\/\/api.w.org\/{rel}","templated":true}]}}