{"id":996,"date":"2023-01-18T13:22:20","date_gmt":"2023-01-18T13:22:20","guid":{"rendered":"https:\/\/digit-up.eu\/?page_id=996"},"modified":"2024-01-18T12:25:33","modified_gmt":"2024-01-18T12:25:33","slug":"projekt","status":"publish","type":"page","link":"https:\/\/digit-up.eu\/index.php\/cs\/projekt\/","title":{"rendered":"PROJEKT"},"content":{"rendered":"\t\t<div data-elementor-type=\"wp-page\" data-elementor-id=\"996\" class=\"elementor elementor-996\" data-elementor-settings=\"{&quot;ha_cmc_init_switcher&quot;:&quot;no&quot;}\">\n\t\t\t\t\t\t<section class=\"elementor-section elementor-top-section elementor-element elementor-element-f7f2f84 elementor-section-boxed elementor-section-height-default elementor-section-height-default\" data-id=\"f7f2f84\" data-element_type=\"section\" data-e-type=\"section\" data-settings=\"{&quot;background_background&quot;:&quot;video&quot;,&quot;background_video_link&quot;:&quot;https:\\\/\\\/digit-up.eu\\\/wp-content\\\/uploads\\\/2023\\\/01\\\/production-ID_5190556.mp4&quot;,&quot;_ha_eqh_enable&quot;:false}\">\n\t\t\t\t\t\t\t\t<div class=\"elementor-background-video-container elementor-hidden-mobile\">\n\t\t\t\t\t\t\t\t\t\t\t\t\t<video class=\"elementor-background-video-hosted\" role=\"presentation\" autoplay muted playsinline loop><\/video>\n\t\t\t\t\t\t\t\t\t\t\t<\/div>\n\t\t\t\t\t\t\t\t\t<div class=\"elementor-background-overlay\"><\/div>\n\t\t\t\t\t\t\t<div class=\"elementor-container elementor-column-gap-default\">\n\t\t\t\t\t<div class=\"elementor-column elementor-col-100 elementor-top-column elementor-element elementor-element-89f38e5\" data-id=\"89f38e5\" data-element_type=\"column\" data-e-type=\"column\">\n\t\t\t<div class=\"elementor-widget-wrap elementor-element-populated\">\n\t\t\t\t\t\t<div class=\"elementor-element elementor-element-05272c8 elementor-widget elementor-widget-spacer\" data-id=\"05272c8\" data-element_type=\"widget\" data-e-type=\"widget\" data-widget_type=\"spacer.default\">\n\t\t\t\t<div class=\"elementor-widget-container\">\n\t\t\t\t\t\t\t<div class=\"elementor-spacer\">\n\t\t\t<div class=\"elementor-spacer-inner\"><\/div>\n\t\t<\/div>\n\t\t\t\t\t\t<\/div>\n\t\t\t\t<\/div>\n\t\t\t\t<div class=\"elementor-element elementor-element-79610cc elementor-widget elementor-widget-heading\" data-id=\"79610cc\" data-element_type=\"widget\" data-e-type=\"widget\" data-widget_type=\"heading.default\">\n\t\t\t\t<div class=\"elementor-widget-container\">\n\t\t\t\t\t<h2 class=\"elementor-heading-title elementor-size-default\">Projekt<\/h2>\t\t\t\t<\/div>\n\t\t\t\t<\/div>\n\t\t\t\t<div class=\"elementor-element elementor-element-c7fb52b elementor-widget-divider--view-line elementor-widget elementor-widget-divider\" data-id=\"c7fb52b\" data-element_type=\"widget\" data-e-type=\"widget\" data-widget_type=\"divider.default\">\n\t\t\t\t<div class=\"elementor-widget-container\">\n\t\t\t\t\t\t\t<div class=\"elementor-divider\">\n\t\t\t<span class=\"elementor-divider-separator\">\n\t\t\t\t\t\t<\/span>\n\t\t<\/div>\n\t\t\t\t\t\t<\/div>\n\t\t\t\t<\/div>\n\t\t\t\t<div class=\"elementor-element elementor-element-b6fe012 elementor-widget elementor-widget-heading\" data-id=\"b6fe012\" data-element_type=\"widget\" data-e-type=\"widget\" data-widget_type=\"heading.default\">\n\t\t\t\t<div class=\"elementor-widget-container\">\n\t\t\t\t\t<h2 class=\"elementor-heading-title elementor-size-default\">Popis projektu<\/h2>\t\t\t\t<\/div>\n\t\t\t\t<\/div>\n\t\t\t\t<section class=\"elementor-section elementor-inner-section elementor-element elementor-element-4ae6920 elementor-section-boxed elementor-section-height-default elementor-section-height-default\" data-id=\"4ae6920\" data-element_type=\"section\" data-e-type=\"section\" data-settings=\"{&quot;_ha_eqh_enable&quot;:false}\">\n\t\t\t\t\t\t<div class=\"elementor-container elementor-column-gap-default\">\n\t\t\t\t\t<div class=\"elementor-column elementor-col-50 elementor-inner-column elementor-element elementor-element-6647126\" data-id=\"6647126\" data-element_type=\"column\" data-e-type=\"column\">\n\t\t\t<div class=\"elementor-widget-wrap elementor-element-populated\">\n\t\t\t\t\t\t<div class=\"elementor-element elementor-element-09b5e50 elementor-widget elementor-widget-text-editor\" data-id=\"09b5e50\" data-element_type=\"widget\" data-e-type=\"widget\" data-widget_type=\"text-editor.default\">\n\t\t\t\t<div class=\"elementor-widget-container\">\n\t\t\t\t\t\t\t\t\t<p>Digitalizace pat\u0159\u00ed k \u0159ad\u011b v\u00fdzev, kter\u00fdm evropsk\u00e9 mal\u00e9 a st\u0159edn\u00ed podniky (MSP) v dne\u0161n\u00ed dob\u011b \u010del\u00ed. Velk\u00fd po\u010det mal\u00fdch a st\u0159edn\u00edch podnik\u016f uv\u00e1d\u00ed, \u017ee nemaj\u00ed z\u00e1kladn\u00ed digit\u00e1ln\u00ed dovednosti, kter\u00e9 jsou p\u0159\u00edmo nav\u00e1z\u00e1ny na zvy\u0161ov\u00e1n\u00ed obratu.\u00a0<\/p><p>Mal\u00e9 a st\u0159edn\u00ed podniky se pot\u00fdkaj\u00ed s \u0159adou obt\u00ed\u017e\u00ed sm\u011brem k rozvoji p\u0159\u00edtomnosti v online prostoru, maj\u00ed nedostate\u010dn\u00e9 pov\u011bdom\u00ed o v\u00fdhod\u00e1ch a dostupn\u00fdch p\u0159\u00edle\u017eitostech souvisej\u00edc\u00edch s digit\u00e1ln\u00edmi zdroji, nejsou obezn\u00e1meny s implementac\u00ed digit\u00e1ln\u00edch platforem, chyb\u00ed jim kl\u00ed\u010dov\u00e9 znalosti k pochopen\u00ed a posouzen\u00ed digit\u00e1ln\u00ed transformace, digit\u00e1ln\u00ed formace a online n\u00e1stroje a platformy, a proto se nepod\u00edlej\u00ed na Pr\u016fmyslu 4.0.<\/p>\t\t\t\t\t\t\t\t<\/div>\n\t\t\t\t<\/div>\n\t\t\t\t\t<\/div>\n\t\t<\/div>\n\t\t\t\t<div class=\"elementor-column elementor-col-50 elementor-inner-column elementor-element elementor-element-90f0b71\" data-id=\"90f0b71\" data-element_type=\"column\" data-e-type=\"column\">\n\t\t\t<div class=\"elementor-widget-wrap elementor-element-populated\">\n\t\t\t\t\t\t<div class=\"elementor-element elementor-element-84d0735 elementor-widget elementor-widget-ha-image-hover-effect happy-addon ha-image-hover-effect\" data-id=\"84d0735\" data-element_type=\"widget\" data-e-type=\"widget\" data-widget_type=\"ha-image-hover-effect.default\">\n\t\t\t\t<div class=\"elementor-widget-container\">\n\t\t\t\t\t\t\t<div class=\"ha-ihe-wrapper grid\">\n\t\t\t<figure class=\"ha-ihe-fig ha-effect-layla\">\n\t\t\t\t<img decoding=\"async\" class=\"ha-ihe-img\" src=\"https:\/\/digit-up.eu\/wp-content\/uploads\/2023\/01\/charles-forerunner-3fPXt37X6UQ-unsplash-scaled.jpg\" alt=\"Image hover effect image\" \/>\n\t\t\t\t<figcaption class=\"ha-ihe-caption\">\n\t\t\t\t\t\t\t\t\t\t\t<h2 class=\"ha-ihe-title\"><\/h2>\t\t\t\t\t\t\t\t\t\t\t\t\t<p class=\"ha-ihe-desc\"><\/p>\n\t\t\t\t\t\t\t\t\t\t\t\t\t\t\t\t\t\t\t\t\t<\/figcaption>\n\t\t\t<\/figure>\n\t\t<\/div>\n\t\t\t\t<\/div>\n\t\t\t\t<\/div>\n\t\t\t\t\t<\/div>\n\t\t<\/div>\n\t\t\t\t\t<\/div>\n\t\t<\/section>\n\t\t\t\t<div class=\"elementor-element elementor-element-cf8a351 elementor-widget elementor-widget-text-editor\" data-id=\"cf8a351\" data-element_type=\"widget\" data-e-type=\"widget\" data-widget_type=\"text-editor.default\">\n\t\t\t\t<div class=\"elementor-widget-container\">\n\t\t\t\t\t\t\t\t\t<p>C\u00edlem projektu DIGITUP je vytvo\u0159it inovativn\u00ed vzd\u011bl\u00e1vac\u00ed kurz, v\u00e1\u017enou hru a hodnot\u00edc\u00ed n\u00e1stroje, kter\u00e9 umo\u017en\u00ed pedagog\u016fm a u\u010ditel\u016fm odborn\u00e9ho vzd\u011bl\u00e1v\u00e1n\u00ed a p\u0159\u00edpravy prakticky \u0161kolit a transformovat mana\u017eery mal\u00fdch a st\u0159edn\u00edch podnik\u016f a samostatn\u011b podnikaj\u00edc\u00edch osoby na budouc\u00ed mana\u017eery vybaven\u00e9 \u0161pi\u010dkov\u00fdmi digit\u00e1ln\u00edmi dovednostmi, kter\u00e9 jim umo\u017en\u00ed dos\u00e1hnout digit\u00e1ln\u00ed transformace s vyu\u017eit\u00edm r\u00e1mc\u016f Pr\u016fmyslu 4.0 a technologi\u00ed BIC.\u00a0<\/p><p>Prost\u0159ednictv\u00edm projektu DigitUp budou m\u00edt \u00fa\u010dastn\u00edci p\u0159\u00edstup k inovativn\u00edm v\u00fdukov\u00fdm a vzd\u011bl\u00e1vac\u00edm postup\u016fm a budou je moci vyu\u017e\u00edvat. Podporou opat\u0159en\u00ed, kter\u00e1 posiluj\u00ed ekosyst\u00e9my a struktur\u00e1ln\u011b zvy\u0161uj\u00ed nab\u00eddku pot\u0159ebn\u00fdch dovednost\u00ed, jako\u017e i usnad\u0148uj\u00ed organiza\u010dn\u00ed rozvoj a vysokou v\u00fdkonnost, mohou evropsk\u00e9 mal\u00e9 a st\u0159edn\u00ed podniky ve v\u011bt\u0161\u00edm po\u010dtu zav\u00e1d\u011bt p\u0159evratn\u00e9 technologick\u00e9 postupy.\u00a0<\/p><p>Pokud jde o podporu odborn\u00e9ho vzd\u011bl\u00e1v\u00e1n\u00ed a p\u0159\u00edpravy Projekt DIGITUP usiluje o pos\u00edlen\u00ed kapacit pedagog\u016f odborn\u00e9ho vzd\u011bl\u00e1v\u00e1n\u00ed a p\u0159\u00edpravy v oblasti implementace technologick\u00fdch, digit\u00e1ln\u00edch a dal\u0161\u00edch dovednost\u00ed, kter\u00e9 jim umo\u017e\u0148uj\u00ed osvojit si nov\u00e9 znalosti pot\u0159ebn\u00e9 pro digit\u00e1ln\u00ed transformaci, v\u010detn\u011b inovativn\u00edch pedagogick\u00fdch a vzd\u011bl\u00e1vac\u00edch metod. DIGITUP nav\u00edc buduje s\u00ed\u0165 kvalifikovan\u00fdch pedagog\u016f odborn\u00e9ho vzd\u011bl\u00e1v\u00e1n\u00ed a p\u0159\u00edpravy.<\/p>\t\t\t\t\t\t\t\t<\/div>\n\t\t\t\t<\/div>\n\t\t\t\t<div class=\"elementor-element elementor-element-72515f8 elementor-widget elementor-widget-spacer\" data-id=\"72515f8\" data-element_type=\"widget\" data-e-type=\"widget\" data-widget_type=\"spacer.default\">\n\t\t\t\t<div class=\"elementor-widget-container\">\n\t\t\t\t\t\t\t<div class=\"elementor-spacer\">\n\t\t\t<div class=\"elementor-spacer-inner\"><\/div>\n\t\t<\/div>\n\t\t\t\t\t\t<\/div>\n\t\t\t\t<\/div>\n\t\t\t\t<div class=\"elementor-element elementor-element-48fc179 elementor-widget elementor-widget-heading\" data-id=\"48fc179\" data-element_type=\"widget\" data-e-type=\"widget\" data-widget_type=\"heading.default\">\n\t\t\t\t<div class=\"elementor-widget-container\">\n\t\t\t\t\t<h2 class=\"elementor-heading-title elementor-size-default\">Dopad<\/h2>\t\t\t\t<\/div>\n\t\t\t\t<\/div>\n\t\t\t\t<div class=\"elementor-element elementor-element-5d42af0 elementor-widget elementor-widget-text-editor\" data-id=\"5d42af0\" data-element_type=\"widget\" data-e-type=\"widget\" data-widget_type=\"text-editor.default\">\n\t\t\t\t<div class=\"elementor-widget-container\">\n\t\t\t\t\t\t\t\t\t<p>O\u010dek\u00e1v\u00e1 se, \u017ee projekt DIGITUP bude m\u00edt v\u00fdznamn\u00fd dopad na \u00fa\u010dastn\u00edky projektu, partnery, c\u00edlov\u00e9 skupiny, region\u00e1ln\u00ed a celon\u00e1rodn\u00ed partnery a na zem\u011b, v nich\u017e se projekt realizuje. O\u010dek\u00e1v\u00e1 se, \u017ee c\u00edlov\u00e1 skupina projektu (tedy mana\u017ee\u0159i mal\u00fdch a st\u0159edn\u00edch podnik\u016f, samostatn\u00ed podnikatel\u00e9 a vedouc\u00ed pracovn\u00edci mal\u00fdch podnik\u016f) bude vybavena v\u0161emi pot\u0159ebn\u00fdmi digit\u00e1ln\u00edmi dovednostmi a modern\u00edmi schopnostmi a z\u00fa\u010dastn\u00ed se \u0159ady pilotn\u00edch aktivit.\u00a0<\/p><p>Aktivity projektu povedou k pozitivn\u00edmu dlouhodob\u00e9mu dopadu na c\u00edlov\u00e9 skupiny v tom smyslu, \u017ee jim zp\u0159\u00edstupn\u00ed nezbytn\u00e9 prost\u0159edky k identifikaci typ\u016f digit\u00e1ln\u00edch dovednost\u00ed, kter\u00e9 jsou ze strany mal\u00fdch a st\u0159edn\u00edch podnik\u016f a samostatn\u00fdch podnikatel\u016f velmi \u017e\u00e1dan\u00e9.<\/p>\t\t\t\t\t\t\t\t<\/div>\n\t\t\t\t<\/div>\n\t\t\t\t<div class=\"elementor-element elementor-element-4d6f54a elementor-widget elementor-widget-spacer\" data-id=\"4d6f54a\" data-element_type=\"widget\" data-e-type=\"widget\" data-widget_type=\"spacer.default\">\n\t\t\t\t<div class=\"elementor-widget-container\">\n\t\t\t\t\t\t\t<div class=\"elementor-spacer\">\n\t\t\t<div class=\"elementor-spacer-inner\"><\/div>\n\t\t<\/div>\n\t\t\t\t\t\t<\/div>\n\t\t\t\t<\/div>\n\t\t\t\t\t<\/div>\n\t\t<\/div>\n\t\t\t\t\t<\/div>\n\t\t<\/section>\n\t\t\t\t<section class=\"elementor-section elementor-top-section elementor-element elementor-element-413f61d elementor-section-boxed elementor-section-height-default elementor-section-height-default\" data-id=\"413f61d\" data-element_type=\"section\" data-e-type=\"section\" data-settings=\"{&quot;_ha_eqh_enable&quot;:false}\">\n\t\t\t\t\t\t<div class=\"elementor-container elementor-column-gap-default\">\n\t\t\t\t\t<div class=\"elementor-column elementor-col-33 elementor-top-column elementor-element elementor-element-44057a9\" data-id=\"44057a9\" data-element_type=\"column\" data-e-type=\"column\">\n\t\t\t<div class=\"elementor-widget-wrap elementor-element-populated\">\n\t\t\t\t\t\t<div class=\"elementor-element elementor-element-5b6021f elementor-widget elementor-widget-spacer\" data-id=\"5b6021f\" data-element_type=\"widget\" data-e-type=\"widget\" data-widget_type=\"spacer.default\">\n\t\t\t\t<div class=\"elementor-widget-container\">\n\t\t\t\t\t\t\t<div class=\"elementor-spacer\">\n\t\t\t<div class=\"elementor-spacer-inner\"><\/div>\n\t\t<\/div>\n\t\t\t\t\t\t<\/div>\n\t\t\t\t<\/div>\n\t\t\t\t<div class=\"elementor-element elementor-element-4694fbc elementor-widget elementor-widget-image\" data-id=\"4694fbc\" data-element_type=\"widget\" data-e-type=\"widget\" data-widget_type=\"image.default\">\n\t\t\t\t<div class=\"elementor-widget-container\">\n\t\t\t\t\t\t\t\t\t\t\t\t\t\t\t<img decoding=\"async\" width=\"300\" height=\"63\" src=\"https:\/\/digit-up.eu\/wp-content\/uploads\/2023\/01\/EN-Co-funded-by-the-EU_PANTONE-1-300x63.jpg\" class=\"attachment-medium size-medium wp-image-132\" alt=\"\" srcset=\"https:\/\/digit-up.eu\/wp-content\/uploads\/2023\/01\/EN-Co-funded-by-the-EU_PANTONE-1-300x63.jpg 300w, https:\/\/digit-up.eu\/wp-content\/uploads\/2023\/01\/EN-Co-funded-by-the-EU_PANTONE-1-1024x215.jpg 1024w, https:\/\/digit-up.eu\/wp-content\/uploads\/2023\/01\/EN-Co-funded-by-the-EU_PANTONE-1-768x161.jpg 768w, https:\/\/digit-up.eu\/wp-content\/uploads\/2023\/01\/EN-Co-funded-by-the-EU_PANTONE-1-1536x322.jpg 1536w, https:\/\/digit-up.eu\/wp-content\/uploads\/2023\/01\/EN-Co-funded-by-the-EU_PANTONE-1-2048x430.jpg 2048w, https:\/\/digit-up.eu\/wp-content\/uploads\/2023\/01\/EN-Co-funded-by-the-EU_PANTONE-1-720x151.jpg 720w\" sizes=\"(max-width: 300px) 100vw, 300px\" \/>\t\t\t\t\t\t\t\t\t\t\t\t\t\t\t<\/div>\n\t\t\t\t<\/div>\n\t\t\t\t<div class=\"elementor-element elementor-element-18fde46 elementor-widget elementor-widget-text-editor\" data-id=\"18fde46\" data-element_type=\"widget\" data-e-type=\"widget\" data-widget_type=\"text-editor.default\">\n\t\t\t\t<div class=\"elementor-widget-container\">\n\t\t\t\t\t\t\t\t\t<p>Financov\u00e1no Evropskou uni\u00ed. Vyj\u00e1d\u0159en\u00e9 n\u00e1zory a stanoviska jsou v\u0161ak pouze n\u00e1zory a stanoviska autora (autor\u016f) a nemus\u00ed nutn\u011b odr\u00e1\u017eet n\u00e1zory a stanoviska Evropsk\u00e9 unie nebo Evropsk\u00e9 v\u00fdkonn\u00e9 agentury pro vzd\u011bl\u00e1v\u00e1n\u00ed a kulturu (EACEA). Evropsk\u00e1 unie ani agentura EACEA za n\u011b nenesou odpov\u011bdnost. 2022-1-CZ01-KA220-VET- 000086461<\/p>\t\t\t\t\t\t\t\t<\/div>\n\t\t\t\t<\/div>\n\t\t\t\t\t<\/div>\n\t\t<\/div>\n\t\t\t\t<div class=\"elementor-column elementor-col-33 elementor-top-column elementor-element elementor-element-28e1749\" data-id=\"28e1749\" data-element_type=\"column\" data-e-type=\"column\">\n\t\t\t<div class=\"elementor-widget-wrap\">\n\t\t\t\t\t\t\t<\/div>\n\t\t<\/div>\n\t\t\t\t<div class=\"elementor-column elementor-col-33 elementor-top-column elementor-element elementor-element-79e102c\" data-id=\"79e102c\" data-element_type=\"column\" data-e-type=\"column\">\n\t\t\t<div class=\"elementor-widget-wrap elementor-element-populated\">\n\t\t\t\t\t\t<div class=\"elementor-element elementor-element-f330b4d elementor-widget elementor-widget-spacer\" data-id=\"f330b4d\" data-element_type=\"widget\" data-e-type=\"widget\" data-widget_type=\"spacer.default\">\n\t\t\t\t<div class=\"elementor-widget-container\">\n\t\t\t\t\t\t\t<div class=\"elementor-spacer\">\n\t\t\t<div class=\"elementor-spacer-inner\"><\/div>\n\t\t<\/div>\n\t\t\t\t\t\t<\/div>\n\t\t\t\t<\/div>\n\t\t\t\t<div class=\"elementor-element elementor-element-28a0a56 elementor-widget elementor-widget-image\" data-id=\"28a0a56\" data-element_type=\"widget\" data-e-type=\"widget\" data-widget_type=\"image.default\">\n\t\t\t\t<div class=\"elementor-widget-container\">\n\t\t\t\t\t\t\t\t\t\t\t\t\t\t\t<img decoding=\"async\" width=\"150\" height=\"150\" src=\"https:\/\/digit-up.eu\/wp-content\/uploads\/2023\/01\/LOGO-NO-BG-150x150.png\" class=\"attachment-thumbnail size-thumbnail wp-image-133\" alt=\"\" srcset=\"https:\/\/digit-up.eu\/wp-content\/uploads\/2023\/01\/LOGO-NO-BG-150x150.png 150w, https:\/\/digit-up.eu\/wp-content\/uploads\/2023\/01\/LOGO-NO-BG-300x300.png 300w, https:\/\/digit-up.eu\/wp-content\/uploads\/2023\/01\/LOGO-NO-BG-1024x1024.png 1024w, https:\/\/digit-up.eu\/wp-content\/uploads\/2023\/01\/LOGO-NO-BG-768x768.png 768w, https:\/\/digit-up.eu\/wp-content\/uploads\/2023\/01\/LOGO-NO-BG-720x720.png 720w, https:\/\/digit-up.eu\/wp-content\/uploads\/2023\/01\/LOGO-NO-BG-360x360.png 360w, https:\/\/digit-up.eu\/wp-content\/uploads\/2023\/01\/LOGO-NO-BG.png 1280w\" sizes=\"(max-width: 150px) 100vw, 150px\" \/>\t\t\t\t\t\t\t\t\t\t\t\t\t\t\t<\/div>\n\t\t\t\t<\/div>\n\t\t\t\t<div class=\"elementor-element elementor-element-6252d7b elementor-shape-circle e-grid-align-right elementor-grid-0 elementor-widget elementor-widget-social-icons\" data-id=\"6252d7b\" data-element_type=\"widget\" data-e-type=\"widget\" data-widget_type=\"social-icons.default\">\n\t\t\t\t<div class=\"elementor-widget-container\">\n\t\t\t\t\t\t\t<div class=\"elementor-social-icons-wrapper elementor-grid\" role=\"list\">\n\t\t\t\t\t\t\t<span class=\"elementor-grid-item\" role=\"listitem\">\n\t\t\t\t\t<a class=\"elementor-icon elementor-social-icon elementor-social-icon-facebook elementor-repeater-item-cd8515c\" href=\"https:\/\/www.facebook.com\/digitupproject\/\" target=\"_blank\">\n\t\t\t\t\t\t<span class=\"elementor-screen-only\">Facebook<\/span>\n\t\t\t\t\t\t<i aria-hidden=\"true\" class=\"fab fa-facebook\"><\/i>\t\t\t\t\t<\/a>\n\t\t\t\t<\/span>\n\t\t\t\t\t\t\t<span class=\"elementor-grid-item\" role=\"listitem\">\n\t\t\t\t\t<a class=\"elementor-icon elementor-social-icon elementor-social-icon-instagram elementor-repeater-item-f68a4e0\" href=\"https:\/\/www.instagram.com\/digitup_project\/\" target=\"_blank\">\n\t\t\t\t\t\t<span class=\"elementor-screen-only\">Instagram<\/span>\n\t\t\t\t\t\t<i aria-hidden=\"true\" class=\"fab fa-instagram\"><\/i>\t\t\t\t\t<\/a>\n\t\t\t\t<\/span>\n\t\t\t\t\t\t\t<span class=\"elementor-grid-item\" role=\"listitem\">\n\t\t\t\t\t<a class=\"elementor-icon elementor-social-icon elementor-social-icon-linkedin elementor-repeater-item-01b31e7\" href=\"https:\/\/www.linkedin.com\/company\/digit-up\/\" target=\"_blank\">\n\t\t\t\t\t\t<span class=\"elementor-screen-only\">Linkedin<\/span>\n\t\t\t\t\t\t<i aria-hidden=\"true\" class=\"fab fa-linkedin\"><\/i>\t\t\t\t\t<\/a>\n\t\t\t\t<\/span>\n\t\t\t\t\t<\/div>\n\t\t\t\t\t\t<\/div>\n\t\t\t\t<\/div>\n\t\t\t\t\t<\/div>\n\t\t<\/div>\n\t\t\t\t\t<\/div>\n\t\t<\/section>\n\t\t\t\t<section class=\"elementor-section elementor-top-section elementor-element elementor-element-b50105c elementor-section-boxed elementor-section-height-default elementor-section-height-default\" data-id=\"b50105c\" data-element_type=\"section\" data-e-type=\"section\" data-settings=\"{&quot;_ha_eqh_enable&quot;:false}\">\n\t\t\t\t\t\t<div class=\"elementor-container elementor-column-gap-default\">\n\t\t\t\t\t<div class=\"elementor-column elementor-col-100 elementor-top-column elementor-element elementor-element-64e0e96\" data-id=\"64e0e96\" data-element_type=\"column\" data-e-type=\"column\">\n\t\t\t<div class=\"elementor-widget-wrap elementor-element-populated\">\n\t\t\t\t\t\t<div class=\"elementor-element elementor-element-96840db elementor-widget-divider--view-line elementor-widget elementor-widget-divider\" data-id=\"96840db\" data-element_type=\"widget\" data-e-type=\"widget\" data-widget_type=\"divider.default\">\n\t\t\t\t<div class=\"elementor-widget-container\">\n\t\t\t\t\t\t\t<div class=\"elementor-divider\">\n\t\t\t<span class=\"elementor-divider-separator\">\n\t\t\t\t\t\t<\/span>\n\t\t<\/div>\n\t\t\t\t\t\t<\/div>\n\t\t\t\t<\/div>\n\t\t\t\t\t<\/div>\n\t\t<\/div>\n\t\t\t\t\t<\/div>\n\t\t<\/section>\n\t\t\t\t<section class=\"elementor-section elementor-top-section elementor-element elementor-element-626ddf0 elementor-section-boxed elementor-section-height-default elementor-section-height-default\" data-id=\"626ddf0\" data-element_type=\"section\" data-e-type=\"section\" data-settings=\"{&quot;_ha_eqh_enable&quot;:false}\">\n\t\t\t\t\t\t<div class=\"elementor-container elementor-column-gap-default\">\n\t\t\t\t\t<div class=\"elementor-column elementor-col-33 elementor-top-column elementor-element elementor-element-ac33f4b\" data-id=\"ac33f4b\" data-element_type=\"column\" data-e-type=\"column\">\n\t\t\t<div class=\"elementor-widget-wrap elementor-element-populated\">\n\t\t\t\t\t\t<div class=\"elementor-element elementor-element-dd57096 elementor-widget elementor-widget-text-editor\" data-id=\"dd57096\" data-element_type=\"widget\" data-e-type=\"widget\" data-widget_type=\"text-editor.default\">\n\t\t\t\t<div class=\"elementor-widget-container\">\n\t\t\t\t\t\t\t\t\t<p>Copyright \u00a9 2023 Digital Upgrade Skilling. All Rights Reserved<\/p>\t\t\t\t\t\t\t\t<\/div>\n\t\t\t\t<\/div>\n\t\t\t\t\t<\/div>\n\t\t<\/div>\n\t\t\t\t<div class=\"elementor-column elementor-col-33 elementor-top-column elementor-element elementor-element-701d04f\" data-id=\"701d04f\" data-element_type=\"column\" data-e-type=\"column\">\n\t\t\t<div class=\"elementor-widget-wrap elementor-element-populated\">\n\t\t\t\t\t\t<div class=\"elementor-element elementor-element-be5d6a6 elementor-widget elementor-widget-text-editor\" data-id=\"be5d6a6\" data-element_type=\"widget\" data-e-type=\"widget\" data-widget_type=\"text-editor.default\">\n\t\t\t\t<div class=\"elementor-widget-container\">\n\t\t\t\t\t\t\t\t\t<a style=\"color: black;\" href=\"https:\/\/digit-up.eu\/index.php\/terms-of-use\/\" target=\"_blank\" rel=\"noopener\">Terms of Use<\/a>\t\t\t\t\t\t\t\t<\/div>\n\t\t\t\t<\/div>\n\t\t\t\t\t<\/div>\n\t\t<\/div>\n\t\t\t\t<div class=\"elementor-column elementor-col-33 elementor-top-column elementor-element elementor-element-ecf3107\" data-id=\"ecf3107\" data-element_type=\"column\" data-e-type=\"column\">\n\t\t\t<div class=\"elementor-widget-wrap elementor-element-populated\">\n\t\t\t\t\t\t<div class=\"elementor-element elementor-element-18e3f4f elementor-widget elementor-widget-text-editor\" data-id=\"18e3f4f\" data-element_type=\"widget\" data-e-type=\"widget\" data-widget_type=\"text-editor.default\">\n\t\t\t\t<div class=\"elementor-widget-container\">\n\t\t\t\t\t\t\t\t\t<span style=\"color: #797979; text-align: left;\">Powered by\u00a0<\/span><a style=\"color: #797979; text-align: right;\" href=\"https:\/\/innovationhive.eu\/\" target=\"_blank\" rel=\"noopener\">Innovation Hive<\/a>\t\t\t\t\t\t\t\t<\/div>\n\t\t\t\t<\/div>\n\t\t\t\t\t<\/div>\n\t\t<\/div>\n\t\t\t\t\t<\/div>\n\t\t<\/section>\n\t\t\t\t<\/div>\n\t\t","protected":false},"excerpt":{"rendered":"<p>Projekt Popis projektu Digitalizace pat\u0159\u00ed k \u0159ad\u011b v\u00fdzev, kter\u00fdm evropsk\u00e9 mal\u00e9 a st\u0159edn\u00ed podniky (MSP) v dne\u0161n\u00ed dob\u011b \u010del\u00ed. Velk\u00fd [&hellip;]<\/p>\n","protected":false},"author":1,"featured_media":0,"parent":0,"menu_order":0,"comment_status":"closed","ping_status":"closed","template":"page-templates\/template_page-builder.php","meta":{"_eb_attr":"","_monsterinsights_skip_tracking":false,"_monsterinsights_sitenote_active":false,"_monsterinsights_sitenote_note":"","_monsterinsights_sitenote_category":0,"footnotes":""},"class_list":["post-996","page","type-page","status-publish","hentry"],"aioseo_notices":[],"_links":{"self":[{"href":"https:\/\/digit-up.eu\/index.php\/wp-json\/wp\/v2\/pages\/996","targetHints":{"allow":["GET"]}}],"collection":[{"href":"https:\/\/digit-up.eu\/index.php\/wp-json\/wp\/v2\/pages"}],"about":[{"href":"https:\/\/digit-up.eu\/index.php\/wp-json\/wp\/v2\/types\/page"}],"author":[{"embeddable":true,"href":"https:\/\/digit-up.eu\/index.php\/wp-json\/wp\/v2\/users\/1"}],"replies":[{"embeddable":true,"href":"https:\/\/digit-up.eu\/index.php\/wp-json\/wp\/v2\/comments?post=996"}],"version-history":[{"count":7,"href":"https:\/\/digit-up.eu\/index.php\/wp-json\/wp\/v2\/pages\/996\/revisions"}],"predecessor-version":[{"id":1940,"href":"https:\/\/digit-up.eu\/index.php\/wp-json\/wp\/v2\/pages\/996\/revisions\/1940"}],"wp:attachment":[{"href":"https:\/\/digit-up.eu\/index.php\/wp-json\/wp\/v2\/media?parent=996"}],"curies":[{"name":"wp","href":"https:\/\/api.w.org\/{rel}","templated":true}]}}